{"id":4809,"date":"2026-02-12T14:34:17","date_gmt":"2026-02-12T12:34:17","guid":{"rendered":"https:\/\/veemonula.ee\/?page_id=4809"},"modified":"2026-03-26T10:23:37","modified_gmt":"2026-03-26T08:23:37","slug":"veemonula-2","status":"publish","type":"page","link":"https:\/\/veemonula.ee\/lv\/veemonula-2\/","title":{"rendered":"Peldbaseinu Zona"},"content":{"rendered":"\n<div class=\"wp-block-cover alignfull\" style=\"min-height:300px;aspect-ratio:unset;\"><img loading=\"lazy\" decoding=\"async\" width=\"2048\" height=\"1366\" class=\"wp-block-cover__image-background wp-image-3064 size-full\" alt=\"\" src=\"https:\/\/veemonula.ee\/wp-content\/uploads\/2021\/12\/puhkus_torva_veemonulas.jpg\" data-object-fit=\"cover\" srcset=\"https:\/\/veemonula.ee\/wp-content\/uploads\/2021\/12\/puhkus_torva_veemonulas.jpg 2048w, https:\/\/veemonula.ee\/wp-content\/uploads\/2021\/12\/puhkus_torva_veemonulas-300x200.jpg 300w, https:\/\/veemonula.ee\/wp-content\/uploads\/2021\/12\/puhkus_torva_veemonulas-1024x683.jpg 1024w, https:\/\/veemonula.ee\/wp-content\/uploads\/2021\/12\/puhkus_torva_veemonulas-768x512.jpg 768w, https:\/\/veemonula.ee\/wp-content\/uploads\/2021\/12\/puhkus_torva_veemonulas-1536x1025.jpg 1536w, https:\/\/veemonula.ee\/wp-content\/uploads\/2021\/12\/puhkus_torva_veemonulas-1568x1046.jpg 1568w\" sizes=\"auto, (max-width: 2048px) 100vw, 2048px\" \/><span aria-hidden=\"true\" class=\"wp-block-cover__background has-background-dim-100 has-background-dim wp-block-cover__gradient-background has-background-gradient\" style=\"background:linear-gradient(180deg,rgb(33,33,33) 0%,rgba(155,81,224,0) 49%)\"><\/span><div class=\"wp-block-cover__inner-container is-layout-flow wp-block-cover-is-layout-flow\">\n<h1 class=\"wp-block-heading has-text-align-center\"><\/h1>\n\n\n\n<p class=\"has-text-align-center\"><\/p>\n<\/div><\/div>\n\n\n\n<div style=\"height:100px\" aria-hidden=\"true\" class=\"wp-block-spacer\"><\/div>\n\n\n\n<div class=\"wp-block-columns alignwide is-layout-flex wp-container-core-columns-is-layout-28f84493 wp-block-columns-is-layout-flex\">\n<div class=\"wp-block-column is-vertically-aligned-center is-layout-flow wp-block-column-is-layout-flow\">\n<p>Gaisa temperat\u016bra peldbaseinu zon\u0101 33 \u00b0C.<\/p>\n\n\n\n<h2 class=\"wp-block-heading\"><strong>25 METRU PELDBASEINS<\/strong><\/h2>\n\n\n\n<p>3 celi\u0146u peldbaseina dzi\u013cums ir no 1,05 m l\u012bdz 1,60 m. \u016adens temperat\u016bra basein\u0101 ir 28 \u00b0C, kas ir piem\u0113rota peld\u0113t\u0101jiem, vingrot\u0101jiem un vienk\u0101r\u0161i \u016bdens prieku baud\u012bt\u0101jiem. Noteikti ir v\u0113rts izm\u0113\u0123in\u0101t ar\u012b \u016bdens mas\u0101\u017eas str\u016bklas. Pirmdien\u0101s un tre\u0161dien\u0101s plkst. 14.15\u201317.15 divas peldbaseina joslas ir rezerv\u0113tas peld\u0113\u0161anas treni\u0146iem. Pirmdien\u0101s plkst. 19.00\u201319.45 un ceturtdien\u0101s plkst. 15.00\u201315.45 un 19.00\u201319.45 divas peldbaseina joslas ir rezerv\u0113tas \u016bdens aerobikas nodarb\u012bb\u0101m.<\/p>\n<\/div>\n\n\n\n<div class=\"wp-block-column is-layout-flow wp-block-column-is-layout-flow\" style=\"flex-basis:50px\"><\/div>\n\n\n\n<div class=\"wp-block-column is-layout-flow wp-block-column-is-layout-flow\">\n<div class=\"wp-block-columns is-layout-flex wp-container-core-columns-is-layout-28f84493 wp-block-columns-is-layout-flex\">\n<div class=\"wp-block-column is-layout-flow wp-block-column-is-layout-flow\" style=\"flex-basis:100%\">\n<figure class=\"wp-block-gallery has-nested-images columns-default is-cropped wp-block-gallery-1 is-layout-flex wp-block-gallery-is-layout-flex\">\n<figure class=\"wp-block-image size-large\"><img loading=\"lazy\" decoding=\"async\" width=\"1024\" height=\"683\" data-id=\"2080\" src=\"https:\/\/veemonula.ee\/wp-content\/uploads\/2021\/12\/ujula_torvas-1024x683.jpg\" alt=\"\" class=\"wp-image-2080\" srcset=\"https:\/\/veemonula.ee\/wp-content\/uploads\/2021\/12\/ujula_torvas-1024x683.jpg 1024w, https:\/\/veemonula.ee\/wp-content\/uploads\/2021\/12\/ujula_torvas-300x200.jpg 300w, https:\/\/veemonula.ee\/wp-content\/uploads\/2021\/12\/ujula_torvas-768x512.jpg 768w, https:\/\/veemonula.ee\/wp-content\/uploads\/2021\/12\/ujula_torvas-1536x1025.jpg 1536w, https:\/\/veemonula.ee\/wp-content\/uploads\/2021\/12\/ujula_torvas-1568x1046.jpg 1568w, https:\/\/veemonula.ee\/wp-content\/uploads\/2021\/12\/ujula_torvas.jpg 2048w\" sizes=\"auto, (max-width: 1024px) 100vw, 1024px\" \/><\/figure>\n\n\n\n<figure class=\"wp-block-image size-large\"><img loading=\"lazy\" decoding=\"async\" width=\"1024\" height=\"683\" data-id=\"8099\" src=\"https:\/\/veemonula.ee\/wp-content\/uploads\/2026\/03\/TVM-08967-1024x683.jpg\" alt=\"\" class=\"wp-image-8099\" srcset=\"https:\/\/veemonula.ee\/wp-content\/uploads\/2026\/03\/TVM-08967-1024x683.jpg 1024w, https:\/\/veemonula.ee\/wp-content\/uploads\/2026\/03\/TVM-08967-300x200.jpg 300w, https:\/\/veemonula.ee\/wp-content\/uploads\/2026\/03\/TVM-08967-768x512.jpg 768w, https:\/\/veemonula.ee\/wp-content\/uploads\/2026\/03\/TVM-08967-1536x1024.jpg 1536w, https:\/\/veemonula.ee\/wp-content\/uploads\/2026\/03\/TVM-08967-2048x1365.jpg 2048w, https:\/\/veemonula.ee\/wp-content\/uploads\/2026\/03\/TVM-08967-1568x1045.jpg 1568w\" sizes=\"auto, (max-width: 1024px) 100vw, 1024px\" \/><\/figure>\n\n\n\n<figure class=\"wp-block-image size-large\"><img loading=\"lazy\" decoding=\"async\" width=\"1024\" height=\"683\" data-id=\"4177\" src=\"https:\/\/veemonula.ee\/wp-content\/uploads\/2022\/11\/RDM-01686-1024x683.jpg\" alt=\"\" class=\"wp-image-4177\" srcset=\"https:\/\/veemonula.ee\/wp-content\/uploads\/2022\/11\/RDM-01686-1024x683.jpg 1024w, https:\/\/veemonula.ee\/wp-content\/uploads\/2022\/11\/RDM-01686-300x200.jpg 300w, https:\/\/veemonula.ee\/wp-content\/uploads\/2022\/11\/RDM-01686-768x512.jpg 768w, https:\/\/veemonula.ee\/wp-content\/uploads\/2022\/11\/RDM-01686.jpg 1200w\" sizes=\"auto, (max-width: 1024px) 100vw, 1024px\" \/><\/figure>\n\n\n\n<figure class=\"wp-block-image size-large\"><img loading=\"lazy\" decoding=\"async\" width=\"1248\" height=\"702\" data-id=\"7182\" src=\"https:\/\/veemonula.ee\/wp-content\/uploads\/2026\/02\/Firefly_Gemini-Flash_change-season-to-winter-remove-chairs-968754-edited.png\" alt=\"\" class=\"wp-image-7182\" srcset=\"https:\/\/veemonula.ee\/wp-content\/uploads\/2026\/02\/Firefly_Gemini-Flash_change-season-to-winter-remove-chairs-968754-edited.png 1248w, https:\/\/veemonula.ee\/wp-content\/uploads\/2026\/02\/Firefly_Gemini-Flash_change-season-to-winter-remove-chairs-968754-edited-300x169.png 300w, https:\/\/veemonula.ee\/wp-content\/uploads\/2026\/02\/Firefly_Gemini-Flash_change-season-to-winter-remove-chairs-968754-edited-1024x576.png 1024w, https:\/\/veemonula.ee\/wp-content\/uploads\/2026\/02\/Firefly_Gemini-Flash_change-season-to-winter-remove-chairs-968754-edited-768x432.png 768w\" sizes=\"auto, (max-width: 1248px) 100vw, 1248px\" \/><\/figure>\n<\/figure>\n<\/div>\n<\/div>\n<\/div>\n<\/div>\n\n\n\n<div style=\"height:51px\" aria-hidden=\"true\" class=\"wp-block-spacer\"><\/div>\n\n\n\n<div class=\"wp-block-columns alignwide is-layout-flex wp-container-core-columns-is-layout-28f84493 wp-block-columns-is-layout-flex\">\n<div class=\"wp-block-column is-layout-flow wp-block-column-is-layout-flow\">\n<figure class=\"wp-block-gallery has-nested-images columns-default is-cropped wp-block-gallery-2 is-layout-flex wp-block-gallery-is-layout-flex\">\n<figure class=\"wp-block-image size-large\"><img loading=\"lazy\" decoding=\"async\" width=\"683\" height=\"1024\" data-id=\"1641\" src=\"https:\/\/veemonula.ee\/wp-content\/uploads\/2021\/12\/Torva-Veemonula_lasteala-683x1024.jpg\" alt=\"\" class=\"wp-image-1641\" srcset=\"https:\/\/veemonula.ee\/wp-content\/uploads\/2021\/12\/Torva-Veemonula_lasteala-683x1024.jpg 683w, https:\/\/veemonula.ee\/wp-content\/uploads\/2021\/12\/Torva-Veemonula_lasteala-200x300.jpg 200w, https:\/\/veemonula.ee\/wp-content\/uploads\/2021\/12\/Torva-Veemonula_lasteala-768x1151.jpg 768w, https:\/\/veemonula.ee\/wp-content\/uploads\/2021\/12\/Torva-Veemonula_lasteala-1025x1536.jpg 1025w, https:\/\/veemonula.ee\/wp-content\/uploads\/2021\/12\/Torva-Veemonula_lasteala.jpg 1366w\" sizes=\"auto, (max-width: 683px) 100vw, 683px\" \/><\/figure>\n\n\n\n<figure class=\"wp-block-image size-full\"><img loading=\"lazy\" decoding=\"async\" width=\"2560\" height=\"1707\" data-id=\"7872\" src=\"https:\/\/veemonula.ee\/wp-content\/uploads\/2026\/03\/RDM-01019-scaled.jpg\" alt=\"\" class=\"wp-image-7872\" srcset=\"https:\/\/veemonula.ee\/wp-content\/uploads\/2026\/03\/RDM-01019-scaled.jpg 2560w, https:\/\/veemonula.ee\/wp-content\/uploads\/2026\/03\/RDM-01019-300x200.jpg 300w, https:\/\/veemonula.ee\/wp-content\/uploads\/2026\/03\/RDM-01019-1024x683.jpg 1024w, https:\/\/veemonula.ee\/wp-content\/uploads\/2026\/03\/RDM-01019-768x512.jpg 768w, https:\/\/veemonula.ee\/wp-content\/uploads\/2026\/03\/RDM-01019-1536x1024.jpg 1536w, https:\/\/veemonula.ee\/wp-content\/uploads\/2026\/03\/RDM-01019-2048x1365.jpg 2048w, https:\/\/veemonula.ee\/wp-content\/uploads\/2026\/03\/RDM-01019-1568x1045.jpg 1568w\" sizes=\"auto, (max-width: 2560px) 100vw, 2560px\" \/><\/figure>\n<\/figure>\n<\/div>\n\n\n\n<div class=\"wp-block-column is-layout-flow wp-block-column-is-layout-flow\" style=\"flex-basis:50px\"><\/div>\n\n\n\n<div class=\"wp-block-column is-vertically-aligned-center is-layout-flow wp-block-column-is-layout-flow\">\n<h2 class=\"wp-block-heading\"><strong><strong>ATP\u016aTAS ZONA AR SLIDKALNI\u0145IEM B\u0112RNIEM<\/strong><\/strong><\/h2>\n\n\n\n<p>B\u0113rniem paredz\u0113taj\u0101 atp\u016btas zon\u0101 \u016bdens temperat\u016bra ir 33 \u00b0C. Kam\u0113r mazie apmekl\u0113t\u0101ji dro\u0161\u0101 veid\u0101 bauda lust\u012bgus \u016bdens priekus un liel\u0101kie b\u0113rni lai\u017eas pa slidkalni\u0146u, vec\u0101ki turpat blakus var atsl\u0101bin\u0101t \u0137ermeni ar zem\u016bdens mas\u0101\u017eas str\u016bkl\u0101m.<\/p>\n\n\n\n<p>Dzi\u013cums basein\u0101 ir pieaugo\u0161s: sekl\u0101kaj\u0101 viet\u0101 \u2013 0,15 m, dzi\u013c\u0101kaj\u0101 viet\u0101 \u2013 0,95 m.<\/p>\n<\/div>\n<\/div>\n\n\n\n<div style=\"height:52px\" aria-hidden=\"true\" class=\"wp-block-spacer\"><\/div>\n\n\n\n<div class=\"wp-block-columns alignwide is-layout-flex wp-container-core-columns-is-layout-28f84493 wp-block-columns-is-layout-flex\">\n<div class=\"wp-block-column is-vertically-aligned-center is-layout-flow wp-block-column-is-layout-flow\">\n<h2 class=\"wp-block-heading\"><strong>BURBU\u013bVANNAS<\/strong><\/h2>\n\n\n\n<p>Zem\u016bdens mas\u0101\u017ea, ko var baud\u012bt silt\u0101s, 35 \u00b0C burbu\u013cvann\u0101s, labv\u0113l\u012bgi ietekm\u0113 nervu sist\u0113mu, uzlabo garast\u0101vokli un mazina stresu, k\u0101 ar\u012b pal\u012bdz pret bezmiegu. Atrodoties burbu\u013cvann\u0101, bie\u017ei pat neien\u0101k pr\u0101t\u0101, ka t\u0101 sniedz ne tikai labsaj\u016btu, bet pozit\u012bvi iedarbojas ar\u012b uz fizisko vesel\u012bbu. \u016adens mas\u0101\u017ea veicina norm\u0101lu gremo\u0161anu un uzlabo zarnu trakta darb\u012bbu.<\/p>\n\n\n\n<p>Burbu\u013cvannas pamatoti iecien\u012bju\u0161i ar\u012b sportisti, jo<br>\u200b\u016bdens vibr\u0101cijas mazina musku\u013cu sastiepumus un spiedienu uz asinsvadiem, k\u0101 ar\u012b stimul\u0113 asinsriti, turkl\u0101t burbu\u013cvanna pal\u012bdz izvad\u012bt piensk\u0101bi no musku\u013cu audiem, kas tajos uzkr\u0101jas p\u0113c treni\u0146a.<\/p>\n\n\n\n<p><\/p>\n<\/div>\n\n\n\n<div class=\"wp-block-column is-layout-flow wp-block-column-is-layout-flow\" style=\"flex-basis:50px\"><\/div>\n\n\n\n<div class=\"wp-block-column is-layout-flow wp-block-column-is-layout-flow\">\n<figure class=\"wp-block-gallery has-nested-images columns-default is-cropped wp-block-gallery-3 is-layout-flex wp-block-gallery-is-layout-flex\">\n<figure class=\"wp-block-image size-full\"><img loading=\"lazy\" decoding=\"async\" width=\"2560\" height=\"1707\" data-id=\"2197\" src=\"https:\/\/veemonula.ee\/wp-content\/uploads\/2021\/12\/mullivann_noored-scaled.jpg\" alt=\"\" class=\"wp-image-2197\" srcset=\"https:\/\/veemonula.ee\/wp-content\/uploads\/2021\/12\/mullivann_noored-scaled.jpg 2560w, https:\/\/veemonula.ee\/wp-content\/uploads\/2021\/12\/mullivann_noored-300x200.jpg 300w, https:\/\/veemonula.ee\/wp-content\/uploads\/2021\/12\/mullivann_noored-1024x683.jpg 1024w, https:\/\/veemonula.ee\/wp-content\/uploads\/2021\/12\/mullivann_noored-768x512.jpg 768w, https:\/\/veemonula.ee\/wp-content\/uploads\/2021\/12\/mullivann_noored-1536x1024.jpg 1536w, https:\/\/veemonula.ee\/wp-content\/uploads\/2021\/12\/mullivann_noored-2048x1365.jpg 2048w, https:\/\/veemonula.ee\/wp-content\/uploads\/2021\/12\/mullivann_noored-1568x1045.jpg 1568w\" sizes=\"auto, (max-width: 2560px) 100vw, 2560px\" \/><\/figure>\n\n\n\n<figure class=\"wp-block-image size-full\"><img loading=\"lazy\" decoding=\"async\" width=\"2560\" height=\"2560\" data-id=\"7627\" src=\"https:\/\/veemonula.ee\/wp-content\/uploads\/2026\/02\/Torva_Magnus_Heinmets-5354-edited-scaled.jpg\" alt=\"\" class=\"wp-image-7627\" srcset=\"https:\/\/veemonula.ee\/wp-content\/uploads\/2026\/02\/Torva_Magnus_Heinmets-5354-edited-scaled.jpg 2560w, https:\/\/veemonula.ee\/wp-content\/uploads\/2026\/02\/Torva_Magnus_Heinmets-5354-edited-300x300.jpg 300w, https:\/\/veemonula.ee\/wp-content\/uploads\/2026\/02\/Torva_Magnus_Heinmets-5354-edited-1024x1024.jpg 1024w, https:\/\/veemonula.ee\/wp-content\/uploads\/2026\/02\/Torva_Magnus_Heinmets-5354-edited-150x150.jpg 150w, https:\/\/veemonula.ee\/wp-content\/uploads\/2026\/02\/Torva_Magnus_Heinmets-5354-edited-768x768.jpg 768w, https:\/\/veemonula.ee\/wp-content\/uploads\/2026\/02\/Torva_Magnus_Heinmets-5354-edited-1536x1536.jpg 1536w, https:\/\/veemonula.ee\/wp-content\/uploads\/2026\/02\/Torva_Magnus_Heinmets-5354-edited-2048x2048.jpg 2048w, https:\/\/veemonula.ee\/wp-content\/uploads\/2026\/02\/Torva_Magnus_Heinmets-5354-edited-1568x1568.jpg 1568w\" sizes=\"auto, (max-width: 2560px) 100vw, 2560px\" \/><\/figure>\n\n\n\n<figure class=\"wp-block-image size-large\"><img loading=\"lazy\" decoding=\"async\" width=\"786\" height=\"1024\" data-id=\"6823\" src=\"https:\/\/veemonula.ee\/wp-content\/uploads\/2026\/02\/torva_veemonula_paaridele_mullivann-786x1024.jpg\" alt=\"\" class=\"wp-image-6823\" srcset=\"https:\/\/veemonula.ee\/wp-content\/uploads\/2026\/02\/torva_veemonula_paaridele_mullivann-786x1024.jpg 786w, https:\/\/veemonula.ee\/wp-content\/uploads\/2026\/02\/torva_veemonula_paaridele_mullivann-230x300.jpg 230w, https:\/\/veemonula.ee\/wp-content\/uploads\/2026\/02\/torva_veemonula_paaridele_mullivann-768x1000.jpg 768w, https:\/\/veemonula.ee\/wp-content\/uploads\/2026\/02\/torva_veemonula_paaridele_mullivann-1180x1536.jpg 1180w, https:\/\/veemonula.ee\/wp-content\/uploads\/2026\/02\/torva_veemonula_paaridele_mullivann.jpg 1261w\" sizes=\"auto, (max-width: 786px) 100vw, 786px\" \/><\/figure>\n\n\n\n<figure class=\"wp-block-image size-large\"><img loading=\"lazy\" decoding=\"async\" width=\"2560\" height=\"1439\" data-id=\"8111\" src=\"https:\/\/veemonula.ee\/wp-content\/uploads\/2026\/03\/mullivann_mees-edited-scaled.jpg\" alt=\"\" class=\"wp-image-8111\" srcset=\"https:\/\/veemonula.ee\/wp-content\/uploads\/2026\/03\/mullivann_mees-edited-scaled.jpg 2560w, https:\/\/veemonula.ee\/wp-content\/uploads\/2026\/03\/mullivann_mees-edited-300x169.jpg 300w, https:\/\/veemonula.ee\/wp-content\/uploads\/2026\/03\/mullivann_mees-edited-1024x576.jpg 1024w, https:\/\/veemonula.ee\/wp-content\/uploads\/2026\/03\/mullivann_mees-edited-768x432.jpg 768w, https:\/\/veemonula.ee\/wp-content\/uploads\/2026\/03\/mullivann_mees-edited-1536x864.jpg 1536w, https:\/\/veemonula.ee\/wp-content\/uploads\/2026\/03\/mullivann_mees-edited-2048x1151.jpg 2048w, https:\/\/veemonula.ee\/wp-content\/uploads\/2026\/03\/mullivann_mees-edited-1568x882.jpg 1568w\" sizes=\"auto, (max-width: 2560px) 100vw, 2560px\" \/><\/figure>\n<\/figure>\n<\/div>\n<\/div>\n\n\n\n<div style=\"height:49px\" aria-hidden=\"true\" class=\"wp-block-spacer\"><\/div>\n\n\n\n<div class=\"wp-block-columns alignwide is-layout-flex wp-container-core-columns-is-layout-28f84493 wp-block-columns-is-layout-flex\">\n<div class=\"wp-block-column is-layout-flow wp-block-column-is-layout-flow\">\n<figure class=\"wp-block-image size-large\"><img loading=\"lazy\" decoding=\"async\" width=\"1280\" height=\"1281\" src=\"https:\/\/veemonula.ee\/wp-content\/uploads\/2026\/02\/torva_veemonula_tynn_veeb-edited-1.jpg\" alt=\"\" class=\"wp-image-7199\" srcset=\"https:\/\/veemonula.ee\/wp-content\/uploads\/2026\/02\/torva_veemonula_tynn_veeb-edited-1.jpg 1280w, https:\/\/veemonula.ee\/wp-content\/uploads\/2026\/02\/torva_veemonula_tynn_veeb-edited-1-300x300.jpg 300w, https:\/\/veemonula.ee\/wp-content\/uploads\/2026\/02\/torva_veemonula_tynn_veeb-edited-1-1024x1024.jpg 1024w, https:\/\/veemonula.ee\/wp-content\/uploads\/2026\/02\/torva_veemonula_tynn_veeb-edited-1-150x150.jpg 150w, https:\/\/veemonula.ee\/wp-content\/uploads\/2026\/02\/torva_veemonula_tynn_veeb-edited-1-768x769.jpg 768w\" sizes=\"auto, (max-width: 1280px) 100vw, 1280px\" \/><\/figure>\n<\/div>\n\n\n\n<div class=\"wp-block-column is-layout-flow wp-block-column-is-layout-flow\" style=\"flex-basis:50px\"><\/div>\n\n\n\n<div class=\"wp-block-column is-vertically-aligned-center is-layout-flow wp-block-column-is-layout-flow\">\n<h2 class=\"wp-block-heading\"><strong><strong>AUKST\u0100 <strong><strong>\u016a<\/strong><\/strong>DENS SPAINIS<\/strong><\/strong><\/h2>\n\n\n\n<p>Aukst\u0101 \u016bdens spainis \u2013&nbsp;iesp\u0113ja atveldz\u0113ties p\u0113c pirts apmekl\u0113juma, uzlejot aukstu \u016bdeni, lai karstuma proced\u016bru starplaikos atv\u0113sin\u0101tos un sniegtu \u0137ermenim r\u016bd\u012bjumu.<\/p>\n<\/div>\n<\/div>\n","protected":false},"excerpt":{"rendered":"<p>Gaisa temperat\u016bra peldbaseinu zon\u0101 33 \u00b0C. 25 METRU PELDBASEINS 3 celi\u0146u peldbaseina dzi\u013cums ir no 1,05 m l\u012bdz 1,60 m. \u016adens temperat\u016bra basein\u0101 ir 28 \u00b0C, kas ir piem\u0113rota peld\u0113t\u0101jiem, vingrot\u0101jiem un vienk\u0101r\u0161i \u016bdens prieku baud\u012bt\u0101jiem. Noteikti ir v\u0113rts izm\u0113\u0123in\u0101t ar\u012b \u016bdens mas\u0101\u017eas str\u016bklas. Pirmdien\u0101s un tre\u0161dien\u0101s plkst. 14.15\u201317.15 divas peldbaseina joslas ir rezerv\u0113tas peld\u0113\u0161anas [&hellip;]<\/p>\n","protected":false},"author":2,"featured_media":0,"parent":0,"menu_order":0,"comment_status":"closed","ping_status":"closed","template":"","meta":{"footnotes":""},"class_list":["post-4809","page","type-page","status-publish","hentry"],"yoast_head":"<!-- This site is optimized with the Yoast SEO plugin v27.2 - https:\/\/yoast.com\/product\/yoast-seo-wordpress\/ -->\n<title>Peldbaseinu Zona - Veem\u00f5nula T\u00f5rvas<\/title>\n<meta name=\"description\" content=\"Uzmundrino\u0161i \u016bdensprieki liek smaid\u012bties jebkuru cilv\u0113ku!\" \/>\n<meta name=\"robots\" content=\"index, follow, max-snippet:-1, max-image-preview:large, max-video-preview:-1\" \/>\n<link rel=\"canonical\" href=\"https:\/\/veemonula.ee\/lv\/veemonula-2\/\" \/>\n<meta property=\"og:locale\" content=\"lv_LV\" \/>\n<meta property=\"og:type\" content=\"article\" \/>\n<meta property=\"og:title\" content=\"Peldbaseinu Zona - Veem\u00f5nula T\u00f5rvas\" \/>\n<meta property=\"og:description\" content=\"Uzmundrino\u0161i \u016bdensprieki liek smaid\u012bties jebkuru cilv\u0113ku!\" \/>\n<meta property=\"og:url\" content=\"https:\/\/veemonula.ee\/lv\/veemonula-2\/\" \/>\n<meta property=\"og:site_name\" content=\"Veem\u00f5nula T\u00f5rvas\" \/>\n<meta property=\"article:modified_time\" content=\"2026-03-26T08:23:37+00:00\" \/>\n<meta property=\"og:image\" content=\"https:\/\/veemonula.ee\/wp-content\/uploads\/2021\/12\/puhkus_torva_veemonulas.jpg\" \/>\n\t<meta property=\"og:image:width\" content=\"2048\" \/>\n\t<meta property=\"og:image:height\" content=\"1366\" \/>\n\t<meta property=\"og:image:type\" content=\"image\/jpeg\" \/>\n<meta name=\"twitter:card\" content=\"summary_large_image\" \/>\n<meta name=\"twitter:label1\" content=\"Est. reading time\" \/>\n\t<meta name=\"twitter:data1\" content=\"4 minutes\" \/>\n<script type=\"application\/ld+json\" class=\"yoast-schema-graph\">{\"@context\":\"https:\/\/schema.org\",\"@graph\":[{\"@type\":\"WebPage\",\"@id\":\"https:\/\/veemonula.ee\/lv\/veemonula-2\/\",\"url\":\"https:\/\/veemonula.ee\/lv\/veemonula-2\/\",\"name\":\"Peldbaseinu Zona - Veem\u00f5nula T\u00f5rvas\",\"isPartOf\":{\"@id\":\"https:\/\/veemonula.ee\/#website\"},\"primaryImageOfPage\":{\"@id\":\"https:\/\/veemonula.ee\/lv\/veemonula-2\/#primaryimage\"},\"image\":{\"@id\":\"https:\/\/veemonula.ee\/lv\/veemonula-2\/#primaryimage\"},\"thumbnailUrl\":\"https:\/\/veemonula.ee\/wp-content\/uploads\/2021\/12\/puhkus_torva_veemonulas.jpg\",\"datePublished\":\"2026-02-12T12:34:17+00:00\",\"dateModified\":\"2026-03-26T08:23:37+00:00\",\"description\":\"Uzmundrino\u0161i \u016bdensprieki liek smaid\u012bties jebkuru cilv\u0113ku!\",\"breadcrumb\":{\"@id\":\"https:\/\/veemonula.ee\/lv\/veemonula-2\/#breadcrumb\"},\"inLanguage\":\"lv-LV\",\"potentialAction\":[{\"@type\":\"ReadAction\",\"target\":[\"https:\/\/veemonula.ee\/lv\/veemonula-2\/\"]}]},{\"@type\":\"ImageObject\",\"inLanguage\":\"lv-LV\",\"@id\":\"https:\/\/veemonula.ee\/lv\/veemonula-2\/#primaryimage\",\"url\":\"https:\/\/veemonula.ee\/wp-content\/uploads\/2021\/12\/puhkus_torva_veemonulas.jpg\",\"contentUrl\":\"https:\/\/veemonula.ee\/wp-content\/uploads\/2021\/12\/puhkus_torva_veemonulas.jpg\"},{\"@type\":\"BreadcrumbList\",\"@id\":\"https:\/\/veemonula.ee\/lv\/veemonula-2\/#breadcrumb\",\"itemListElement\":[{\"@type\":\"ListItem\",\"position\":1,\"name\":\"Home\",\"item\":\"https:\/\/veemonula.ee\/lv\/\"},{\"@type\":\"ListItem\",\"position\":2,\"name\":\"Peldbaseinu Zona\"}]},{\"@type\":\"WebSite\",\"@id\":\"https:\/\/veemonula.ee\/#website\",\"url\":\"https:\/\/veemonula.ee\/\",\"name\":\"Veem\u00f5nula T\u00f5rvas\",\"description\":\"Puhkus kogu perele\",\"potentialAction\":[{\"@type\":\"SearchAction\",\"target\":{\"@type\":\"EntryPoint\",\"urlTemplate\":\"https:\/\/veemonula.ee\/?s={search_term_string}\"},\"query-input\":{\"@type\":\"PropertyValueSpecification\",\"valueRequired\":true,\"valueName\":\"search_term_string\"}}],\"inLanguage\":\"lv-LV\"}]}<\/script>\n<!-- \/ Yoast SEO plugin. -->","yoast_head_json":{"title":"Peldbaseinu Zona - Veem\u00f5nula T\u00f5rvas","description":"Uzmundrino\u0161i \u016bdensprieki liek smaid\u012bties jebkuru cilv\u0113ku!","robots":{"index":"index","follow":"follow","max-snippet":"max-snippet:-1","max-image-preview":"max-image-preview:large","max-video-preview":"max-video-preview:-1"},"canonical":"https:\/\/veemonula.ee\/lv\/veemonula-2\/","og_locale":"lv_LV","og_type":"article","og_title":"Peldbaseinu Zona - Veem\u00f5nula T\u00f5rvas","og_description":"Uzmundrino\u0161i \u016bdensprieki liek smaid\u012bties jebkuru cilv\u0113ku!","og_url":"https:\/\/veemonula.ee\/lv\/veemonula-2\/","og_site_name":"Veem\u00f5nula T\u00f5rvas","article_modified_time":"2026-03-26T08:23:37+00:00","og_image":[{"width":2048,"height":1366,"url":"https:\/\/veemonula.ee\/wp-content\/uploads\/2021\/12\/puhkus_torva_veemonulas.jpg","type":"image\/jpeg"}],"twitter_card":"summary_large_image","twitter_misc":{"Est. reading time":"4 minutes"},"schema":{"@context":"https:\/\/schema.org","@graph":[{"@type":"WebPage","@id":"https:\/\/veemonula.ee\/lv\/veemonula-2\/","url":"https:\/\/veemonula.ee\/lv\/veemonula-2\/","name":"Peldbaseinu Zona - Veem\u00f5nula T\u00f5rvas","isPartOf":{"@id":"https:\/\/veemonula.ee\/#website"},"primaryImageOfPage":{"@id":"https:\/\/veemonula.ee\/lv\/veemonula-2\/#primaryimage"},"image":{"@id":"https:\/\/veemonula.ee\/lv\/veemonula-2\/#primaryimage"},"thumbnailUrl":"https:\/\/veemonula.ee\/wp-content\/uploads\/2021\/12\/puhkus_torva_veemonulas.jpg","datePublished":"2026-02-12T12:34:17+00:00","dateModified":"2026-03-26T08:23:37+00:00","description":"Uzmundrino\u0161i \u016bdensprieki liek smaid\u012bties jebkuru cilv\u0113ku!","breadcrumb":{"@id":"https:\/\/veemonula.ee\/lv\/veemonula-2\/#breadcrumb"},"inLanguage":"lv-LV","potentialAction":[{"@type":"ReadAction","target":["https:\/\/veemonula.ee\/lv\/veemonula-2\/"]}]},{"@type":"ImageObject","inLanguage":"lv-LV","@id":"https:\/\/veemonula.ee\/lv\/veemonula-2\/#primaryimage","url":"https:\/\/veemonula.ee\/wp-content\/uploads\/2021\/12\/puhkus_torva_veemonulas.jpg","contentUrl":"https:\/\/veemonula.ee\/wp-content\/uploads\/2021\/12\/puhkus_torva_veemonulas.jpg"},{"@type":"BreadcrumbList","@id":"https:\/\/veemonula.ee\/lv\/veemonula-2\/#breadcrumb","itemListElement":[{"@type":"ListItem","position":1,"name":"Home","item":"https:\/\/veemonula.ee\/lv\/"},{"@type":"ListItem","position":2,"name":"Peldbaseinu Zona"}]},{"@type":"WebSite","@id":"https:\/\/veemonula.ee\/#website","url":"https:\/\/veemonula.ee\/","name":"Veem\u00f5nula T\u00f5rvas","description":"Puhkus kogu perele","potentialAction":[{"@type":"SearchAction","target":{"@type":"EntryPoint","urlTemplate":"https:\/\/veemonula.ee\/?s={search_term_string}"},"query-input":{"@type":"PropertyValueSpecification","valueRequired":true,"valueName":"search_term_string"}}],"inLanguage":"lv-LV"}]}},"_links":{"self":[{"href":"https:\/\/veemonula.ee\/lv\/wp-json\/wp\/v2\/pages\/4809","targetHints":{"allow":["GET"]}}],"collection":[{"href":"https:\/\/veemonula.ee\/lv\/wp-json\/wp\/v2\/pages"}],"about":[{"href":"https:\/\/veemonula.ee\/lv\/wp-json\/wp\/v2\/types\/page"}],"author":[{"embeddable":true,"href":"https:\/\/veemonula.ee\/lv\/wp-json\/wp\/v2\/users\/2"}],"replies":[{"embeddable":true,"href":"https:\/\/veemonula.ee\/lv\/wp-json\/wp\/v2\/comments?post=4809"}],"version-history":[{"count":3,"href":"https:\/\/veemonula.ee\/lv\/wp-json\/wp\/v2\/pages\/4809\/revisions"}],"predecessor-version":[{"id":8218,"href":"https:\/\/veemonula.ee\/lv\/wp-json\/wp\/v2\/pages\/4809\/revisions\/8218"}],"wp:attachment":[{"href":"https:\/\/veemonula.ee\/lv\/wp-json\/wp\/v2\/media?parent=4809"}],"curies":[{"name":"wp","href":"https:\/\/api.w.org\/{rel}","templated":true}]}}