{"id":3215,"date":"2021-12-07T12:44:22","date_gmt":"2021-12-07T12:44:22","guid":{"rendered":"https:\/\/veemonula.ee\/vee-ja-saunakeskus\/"},"modified":"2026-03-25T11:24:16","modified_gmt":"2026-03-25T09:24:16","slug":"veselibas-un-relaksacijas-centrs","status":"publish","type":"page","link":"https:\/\/veemonula.ee\/lv\/veselibas-un-relaksacijas-centrs\/","title":{"rendered":"\u016aDENS ATP\u016aTAS CENTRS"},"content":{"rendered":"\n<div class=\"wp-block-cover alignfull\" style=\"min-height:302px;aspect-ratio:unset;\"><img loading=\"lazy\" decoding=\"async\" width=\"2560\" height=\"1703\" class=\"wp-block-cover__image-background wp-image-6488 size-full\" alt=\"\" src=\"https:\/\/veemonula.ee\/wp-content\/uploads\/2026\/02\/Varia_9309-2-scaled.jpg\" data-object-fit=\"cover\" srcset=\"https:\/\/veemonula.ee\/wp-content\/uploads\/2026\/02\/Varia_9309-2-scaled.jpg 2560w, https:\/\/veemonula.ee\/wp-content\/uploads\/2026\/02\/Varia_9309-2-300x200.jpg 300w, https:\/\/veemonula.ee\/wp-content\/uploads\/2026\/02\/Varia_9309-2-1024x681.jpg 1024w, https:\/\/veemonula.ee\/wp-content\/uploads\/2026\/02\/Varia_9309-2-768x511.jpg 768w, https:\/\/veemonula.ee\/wp-content\/uploads\/2026\/02\/Varia_9309-2-1536x1022.jpg 1536w, https:\/\/veemonula.ee\/wp-content\/uploads\/2026\/02\/Varia_9309-2-2048x1363.jpg 2048w, https:\/\/veemonula.ee\/wp-content\/uploads\/2026\/02\/Varia_9309-2-1568x1043.jpg 1568w\" sizes=\"auto, (max-width: 2560px) 100vw, 2560px\" \/><span aria-hidden=\"true\" class=\"wp-block-cover__background has-background-dim-100 has-background-dim wp-block-cover__gradient-background has-background-gradient\" style=\"background:linear-gradient(180deg,rgb(33,33,33) 0%,rgba(155,81,224,0) 49%)\"><\/span><div class=\"wp-block-cover__inner-container is-layout-flow wp-block-cover-is-layout-flow\">\n<h1 class=\"wp-block-heading has-text-align-center\"><\/h1>\n\n\n\n<p><\/p>\n<\/div><\/div>\n\n\n\n<div style=\"height:89px\" aria-hidden=\"true\" class=\"wp-block-spacer\"><\/div>\n\n\n\n<div class=\"wp-block-columns alignwide are-vertically-aligned-center is-layout-flex wp-container-core-columns-is-layout-28f84493 wp-block-columns-is-layout-flex\">\n<div class=\"wp-block-column is-vertically-aligned-center is-layout-flow wp-block-column-is-layout-flow\">\n<h2 class=\"wp-block-heading has-text-align-left\"><strong>\u016aDENS ATP\u016aTAS CENTRS<\/strong><\/h2>\n\n\n\n<p>\u013baujieties labsaj\u016btas mirk\u013ciem jaun\u0101kaj\u0101 \u016bdens un pirts kompleks\u0101 Dienvidigaunij\u0101 \u2013 \u201cT\u00f5rva Veem\u00f5nula\u201d!<\/p>\n\n\n\n<p><strong>\u0160eit pieejamas 4 da\u017e\u0101das pirtis:<\/strong><\/p>\n\n\n\n<ul class=\"wp-block-list\">\n<li>tvaika pirts (50-55 \u00b0C)<\/li>\n\n\n\n<li>somu pirts (90-95 \u00b0C)<\/li>\n\n\n\n<li>s\u0101ls pirts (45-50 \u00b0C)<\/li>\n\n\n\n<li>sanarijs (50-55 \u00b0C)<\/li>\n<\/ul>\n\n\n\n<p>25 metru peldbaseins ar trim celi\u0146iem, baseins b\u0113rniem un atp\u016btas zona, burbu\u013cvannas un<br>relaks\u0101cijas o\u0101ze \u2013 ide\u0101la vieta atp\u016btai gleznainas dabas ieskaut\u0101 vid\u0113!<\/p>\n\n\n\n<p>Starp veldz\u0113jo\u0161\u0101m \u016bdens proced\u016br\u0101m var baud\u012bt gardus dz\u0113rienus un malt\u012btes omul\u012bgaj\u0101 baseina b\u0101r\u0101.<\/p>\n\n\n\n<p>Uz vietas iesp\u0113jams nom\u0101t dvie\u013cus un peldm\u0113te\u013cus. Cena par dvie\u013ca nomu 3 eiro un<br>peldm\u0113te\u013ca nomu \u2013 5 eiro.<\/p>\n\n\n\n<p>Pirmdien\u0101s un tre\u0161dien\u0101s plkst. 14.15\u201317.15 peld\u0113\u0161anas treni\u0146iem ir rezerv\u0113tas divas peldbaseina joslas un plkst. 17.15\u201318.15 nodarb\u012bb\u0101m ir rezerv\u0113ts baseins b\u0113rniem.<br>Pirmdien\u0101s plkst. 19.00\u201319.45 un ceturtdien\u0101s plkst. 19.00\u201319.45 \u016bdens aerobikas nodarb\u012bb\u0101m rezerv\u0113tas divas peldbaseina joslas. Atvainojamies par sag\u0101d\u0101taj\u0101m ne\u0113rt\u012bb\u0101m!<\/p>\n<\/div>\n\n\n\n<div class=\"wp-block-column is-vertically-aligned-center is-layout-flow wp-block-column-is-layout-flow\" style=\"flex-basis:50px\"><\/div>\n\n\n\n<div class=\"wp-block-column is-vertically-aligned-center is-layout-flow wp-block-column-is-layout-flow\" style=\"flex-basis:600px\">\n<figure class=\"wp-block-gallery has-nested-images columns-2 is-cropped wp-block-gallery-1 is-layout-flex wp-block-gallery-is-layout-flex\">\n<figure class=\"wp-block-image size-full\"><a href=\"https:\/\/veemonula.ee\/wp-content\/uploads\/2026\/02\/Perekond_9449-scaled.jpg\"><img loading=\"lazy\" decoding=\"async\" width=\"1924\" height=\"2560\" data-id=\"7402\" src=\"https:\/\/veemonula.ee\/wp-content\/uploads\/2026\/02\/Perekond_9449-scaled.jpg\" alt=\"\" class=\"wp-image-7402\" srcset=\"https:\/\/veemonula.ee\/wp-content\/uploads\/2026\/02\/Perekond_9449-scaled.jpg 1924w, https:\/\/veemonula.ee\/wp-content\/uploads\/2026\/02\/Perekond_9449-225x300.jpg 225w, https:\/\/veemonula.ee\/wp-content\/uploads\/2026\/02\/Perekond_9449-769x1024.jpg 769w, https:\/\/veemonula.ee\/wp-content\/uploads\/2026\/02\/Perekond_9449-768x1022.jpg 768w, https:\/\/veemonula.ee\/wp-content\/uploads\/2026\/02\/Perekond_9449-1154x1536.jpg 1154w, https:\/\/veemonula.ee\/wp-content\/uploads\/2026\/02\/Perekond_9449-1539x2048.jpg 1539w, https:\/\/veemonula.ee\/wp-content\/uploads\/2026\/02\/Perekond_9449-1568x2087.jpg 1568w\" sizes=\"auto, (max-width: 1924px) 100vw, 1924px\" \/><\/a><\/figure>\n\n\n\n<figure class=\"wp-block-image size-full\"><a href=\"https:\/\/veemonula.ee\/wp-content\/uploads\/2026\/03\/9-scaled.jpg\"><img loading=\"lazy\" decoding=\"async\" width=\"1707\" height=\"2560\" data-id=\"7995\" src=\"https:\/\/veemonula.ee\/wp-content\/uploads\/2026\/03\/9-edited-scaled.jpg\" alt=\"\" class=\"wp-image-7995\" srcset=\"https:\/\/veemonula.ee\/wp-content\/uploads\/2026\/03\/9-edited-scaled.jpg 1707w, https:\/\/veemonula.ee\/wp-content\/uploads\/2026\/03\/9-edited-200x300.jpg 200w, https:\/\/veemonula.ee\/wp-content\/uploads\/2026\/03\/9-edited-683x1024.jpg 683w, https:\/\/veemonula.ee\/wp-content\/uploads\/2026\/03\/9-edited-768x1152.jpg 768w, https:\/\/veemonula.ee\/wp-content\/uploads\/2026\/03\/9-edited-1024x1536.jpg 1024w, https:\/\/veemonula.ee\/wp-content\/uploads\/2026\/03\/9-edited-1366x2048.jpg 1366w, https:\/\/veemonula.ee\/wp-content\/uploads\/2026\/03\/9-edited-1568x2352.jpg 1568w\" sizes=\"auto, (max-width: 1707px) 100vw, 1707px\" \/><\/a><\/figure>\n\n\n\n<figure class=\"wp-block-image size-full\"><a href=\"https:\/\/veemonula.ee\/wp-content\/uploads\/2021\/12\/toidu_veemonualas_torva.jpg\"><img loading=\"lazy\" decoding=\"async\" width=\"2048\" height=\"1366\" data-id=\"2104\" src=\"https:\/\/veemonula.ee\/wp-content\/uploads\/2021\/12\/toidu_veemonualas_torva.jpg\" alt=\"\" class=\"wp-image-2104\" srcset=\"https:\/\/veemonula.ee\/wp-content\/uploads\/2021\/12\/toidu_veemonualas_torva.jpg 2048w, https:\/\/veemonula.ee\/wp-content\/uploads\/2021\/12\/toidu_veemonualas_torva-300x200.jpg 300w, https:\/\/veemonula.ee\/wp-content\/uploads\/2021\/12\/toidu_veemonualas_torva-1024x683.jpg 1024w, https:\/\/veemonula.ee\/wp-content\/uploads\/2021\/12\/toidu_veemonualas_torva-768x512.jpg 768w, https:\/\/veemonula.ee\/wp-content\/uploads\/2021\/12\/toidu_veemonualas_torva-1536x1025.jpg 1536w, https:\/\/veemonula.ee\/wp-content\/uploads\/2021\/12\/toidu_veemonualas_torva-1568x1046.jpg 1568w\" sizes=\"auto, (max-width: 2048px) 100vw, 2048px\" \/><\/a><\/figure>\n\n\n\n<figure class=\"wp-block-image size-full\"><a href=\"https:\/\/veemonula.ee\/wp-content\/uploads\/2026\/02\/1_trikoo_sugis_cut.png\"><img loading=\"lazy\" decoding=\"async\" width=\"902\" height=\"655\" data-id=\"6853\" src=\"https:\/\/veemonula.ee\/wp-content\/uploads\/2026\/02\/1_trikoo_sugis_cut.png\" alt=\"\" class=\"wp-image-6853\" srcset=\"https:\/\/veemonula.ee\/wp-content\/uploads\/2026\/02\/1_trikoo_sugis_cut.png 902w, https:\/\/veemonula.ee\/wp-content\/uploads\/2026\/02\/1_trikoo_sugis_cut-300x218.png 300w, https:\/\/veemonula.ee\/wp-content\/uploads\/2026\/02\/1_trikoo_sugis_cut-768x558.png 768w\" sizes=\"auto, (max-width: 902px) 100vw, 902px\" \/><\/a><\/figure>\n<\/figure>\n<\/div>\n<\/div>\n\n\n\n<div style=\"height:100px\" aria-hidden=\"true\" class=\"wp-block-spacer\"><\/div>\n\n\n\n<div class=\"wp-block-columns alignwide is-layout-flex wp-container-core-columns-is-layout-28f84493 wp-block-columns-is-layout-flex\">\n<div class=\"wp-block-column is-layout-flow wp-block-column-is-layout-flow\">\n<div class=\"wp-block-columns is-layout-flex wp-container-core-columns-is-layout-28f84493 wp-block-columns-is-layout-flex\">\n<div class=\"wp-block-column is-layout-flow wp-block-column-is-layout-flow\">\n<div class=\"wp-block-columns is-layout-flex wp-container-core-columns-is-layout-28f84493 wp-block-columns-is-layout-flex\">\n<div class=\"wp-block-column is-layout-flow wp-block-column-is-layout-flow\">\n<div class=\"wp-block-cover\"><img loading=\"lazy\" decoding=\"async\" width=\"2048\" height=\"1366\" class=\"wp-block-cover__image-background wp-image-1634\" alt=\"\" src=\"https:\/\/veemonula.ee\/wp-content\/uploads\/2021\/12\/leilisaun_torva.jpg\" data-object-fit=\"cover\" srcset=\"https:\/\/veemonula.ee\/wp-content\/uploads\/2021\/12\/leilisaun_torva.jpg 2048w, https:\/\/veemonula.ee\/wp-content\/uploads\/2021\/12\/leilisaun_torva-300x200.jpg 300w, https:\/\/veemonula.ee\/wp-content\/uploads\/2021\/12\/leilisaun_torva-1024x683.jpg 1024w, https:\/\/veemonula.ee\/wp-content\/uploads\/2021\/12\/leilisaun_torva-768x512.jpg 768w, https:\/\/veemonula.ee\/wp-content\/uploads\/2021\/12\/leilisaun_torva-1536x1025.jpg 1536w, https:\/\/veemonula.ee\/wp-content\/uploads\/2021\/12\/leilisaun_torva-1568x1046.jpg 1568w\" sizes=\"auto, (max-width: 2048px) 100vw, 2048px\" \/><span aria-hidden=\"true\" class=\"wp-block-cover__background has-background-dim-40 has-background-dim\"><\/span><div class=\"wp-block-cover__inner-container is-layout-flow wp-block-cover-is-layout-flow\">\n<p class=\"has-text-align-center has-large-font-size\"><a href=\"https:\/\/veemonula.ee\/lv\/pirti\/\"><strong><span style=\"color:#ffffff\" class=\"has-inline-color\">PIRTIS<\/span><\/strong><\/a><\/p>\n<\/div><\/div>\n<\/div>\n\n\n\n<div class=\"wp-block-column is-layout-flow wp-block-column-is-layout-flow\">\n<div class=\"wp-block-cover\"><img loading=\"lazy\" decoding=\"async\" width=\"2560\" height=\"1707\" class=\"wp-block-cover__image-background wp-image-8006 size-full\" alt=\"\" src=\"https:\/\/veemonula.ee\/wp-content\/uploads\/2026\/03\/basseini_vaade-scaled.jpg\" style=\"object-position:77% 53%\" data-object-fit=\"cover\" data-object-position=\"77% 53%\" srcset=\"https:\/\/veemonula.ee\/wp-content\/uploads\/2026\/03\/basseini_vaade-scaled.jpg 2560w, https:\/\/veemonula.ee\/wp-content\/uploads\/2026\/03\/basseini_vaade-300x200.jpg 300w, https:\/\/veemonula.ee\/wp-content\/uploads\/2026\/03\/basseini_vaade-1024x683.jpg 1024w, https:\/\/veemonula.ee\/wp-content\/uploads\/2026\/03\/basseini_vaade-768x512.jpg 768w, https:\/\/veemonula.ee\/wp-content\/uploads\/2026\/03\/basseini_vaade-1536x1024.jpg 1536w, https:\/\/veemonula.ee\/wp-content\/uploads\/2026\/03\/basseini_vaade-2048x1366.jpg 2048w, https:\/\/veemonula.ee\/wp-content\/uploads\/2026\/03\/basseini_vaade-1568x1045.jpg 1568w\" sizes=\"auto, (max-width: 2560px) 100vw, 2560px\" \/><span aria-hidden=\"true\" class=\"wp-block-cover__background has-background-dim-40 has-background-dim\" style=\"background-color:#4f5644\"><\/span><div class=\"wp-block-cover__inner-container is-layout-flow wp-block-cover-is-layout-flow\">\n<p class=\"has-text-align-center has-large-font-size\"><a href=\"https:\/\/veemonula.ee\/lv\/veemonula\/\"><mark style=\"background-color:rgba(0, 0, 0, 0);color:#ffffff\" class=\"has-inline-color\"><strong>\u016aDENS ATP\u016aTAS CENTRS<\/strong><\/mark><\/a><\/p>\n<\/div><\/div>\n<\/div>\n\n\n\n<div class=\"wp-block-column is-layout-flow wp-block-column-is-layout-flow\">\n<div class=\"wp-block-cover is-light\"><img loading=\"lazy\" decoding=\"async\" width=\"583\" height=\"1024\" class=\"wp-block-cover__image-background wp-image-6157 size-large\" alt=\"\" src=\"https:\/\/veemonula.ee\/wp-content\/uploads\/2026\/02\/Varia_9492-583x1024.jpg\" data-object-fit=\"cover\" srcset=\"https:\/\/veemonula.ee\/wp-content\/uploads\/2026\/02\/Varia_9492-583x1024.jpg 583w, https:\/\/veemonula.ee\/wp-content\/uploads\/2026\/02\/Varia_9492-171x300.jpg 171w, https:\/\/veemonula.ee\/wp-content\/uploads\/2026\/02\/Varia_9492-768x1350.jpg 768w, https:\/\/veemonula.ee\/wp-content\/uploads\/2026\/02\/Varia_9492-874x1536.jpg 874w, https:\/\/veemonula.ee\/wp-content\/uploads\/2026\/02\/Varia_9492-1165x2048.jpg 1165w, https:\/\/veemonula.ee\/wp-content\/uploads\/2026\/02\/Varia_9492-1568x2755.jpg 1568w, https:\/\/veemonula.ee\/wp-content\/uploads\/2026\/02\/Varia_9492-scaled.jpg 1457w\" sizes=\"auto, (max-width: 583px) 100vw, 583px\" \/><span aria-hidden=\"true\" class=\"wp-block-cover__background has-background-dim-40 has-background-dim\" style=\"background-color:#718888\"><\/span><div class=\"wp-block-cover__inner-container is-layout-flow wp-block-cover-is-layout-flow\">\n<p class=\"has-text-align-center has-text-color has-large-font-size\" style=\"color:#ffffff\"><strong><a href=\"https:\/\/veemonula.ee\/lv\/cenradis\/\" rel=\"nofollow\"><span style=\"color:#ffffff\" class=\"has-inline-color\">CENR\u0100DIS<\/span><\/a><\/strong><\/p>\n<\/div><\/div>\n<\/div>\n<\/div>\n<\/div>\n<\/div>\n<\/div>\n<\/div>\n\n\n\n<div style=\"height:39px\" aria-hidden=\"true\" class=\"wp-block-spacer\"><\/div>\n\n\n\n<blockquote class=\"wp-block-quote has-text-align-center is-style-large is-layout-flow wp-block-quote-is-layout-flow\">\n<p>Uz tiksano\u0161 T\u00f5rv\u0101!<\/p>\n<\/blockquote>\n\n\n\n<div style=\"height:107px\" aria-hidden=\"true\" class=\"wp-block-spacer\"><\/div>\n","protected":false},"excerpt":{"rendered":"<p>\u016aDENS ATP\u016aTAS CENTRS \u013baujieties labsaj\u016btas mirk\u013ciem jaun\u0101kaj\u0101 \u016bdens un pirts kompleks\u0101 Dienvidigaunij\u0101 \u2013 \u201cT\u00f5rva Veem\u00f5nula\u201d! \u0160eit pieejamas 4 da\u017e\u0101das pirtis: 25 metru peldbaseins ar trim celi\u0146iem, baseins b\u0113rniem un atp\u016btas zona, burbu\u013cvannas unrelaks\u0101cijas o\u0101ze \u2013 ide\u0101la vieta atp\u016btai gleznainas dabas ieskaut\u0101 vid\u0113! Starp veldz\u0113jo\u0161\u0101m \u016bdens proced\u016br\u0101m var baud\u012bt gardus dz\u0113rienus un malt\u012btes omul\u012bgaj\u0101 baseina b\u0101r\u0101. [&hellip;]<\/p>\n","protected":false},"author":2,"featured_media":0,"parent":0,"menu_order":0,"comment_status":"closed","ping_status":"closed","template":"","meta":{"footnotes":""},"class_list":["post-3215","page","type-page","status-publish","hentry"],"yoast_head":"<!-- This site is optimized with the Yoast SEO plugin v27.2 - https:\/\/yoast.com\/product\/yoast-seo-wordpress\/ -->\n<title>\u016aDENS ATP\u016aTAS CENTRS - Veem\u00f5nula T\u00f5rvas<\/title>\n<meta name=\"robots\" content=\"index, follow, max-snippet:-1, max-image-preview:large, max-video-preview:-1\" \/>\n<link rel=\"canonical\" href=\"https:\/\/veemonula.ee\/lv\/veselibas-un-relaksacijas-centrs\/\" \/>\n<meta property=\"og:locale\" content=\"lv_LV\" \/>\n<meta property=\"og:type\" content=\"article\" \/>\n<meta property=\"og:title\" content=\"\u016aDENS ATP\u016aTAS CENTRS - Veem\u00f5nula T\u00f5rvas\" \/>\n<meta property=\"og:description\" content=\"\u016aDENS ATP\u016aTAS CENTRS \u013baujieties labsaj\u016btas mirk\u013ciem jaun\u0101kaj\u0101 \u016bdens un pirts kompleks\u0101 Dienvidigaunij\u0101 \u2013 \u201cT\u00f5rva Veem\u00f5nula\u201d! \u0160eit pieejamas 4 da\u017e\u0101das pirtis: 25 metru peldbaseins ar trim celi\u0146iem, baseins b\u0113rniem un atp\u016btas zona, burbu\u013cvannas unrelaks\u0101cijas o\u0101ze \u2013 ide\u0101la vieta atp\u016btai gleznainas dabas ieskaut\u0101 vid\u0113! Starp veldz\u0113jo\u0161\u0101m \u016bdens proced\u016br\u0101m var baud\u012bt gardus dz\u0113rienus un malt\u012btes omul\u012bgaj\u0101 baseina b\u0101r\u0101. [&hellip;]\" \/>\n<meta property=\"og:url\" content=\"https:\/\/veemonula.ee\/lv\/veselibas-un-relaksacijas-centrs\/\" \/>\n<meta property=\"og:site_name\" content=\"Veem\u00f5nula T\u00f5rvas\" \/>\n<meta property=\"article:modified_time\" content=\"2026-03-25T09:24:16+00:00\" \/>\n<meta property=\"og:image\" content=\"https:\/\/veemonula.ee\/wp-content\/uploads\/2026\/02\/Varia_9309-2-scaled.jpg\" \/>\n\t<meta property=\"og:image:width\" content=\"2560\" \/>\n\t<meta property=\"og:image:height\" content=\"1703\" \/>\n\t<meta property=\"og:image:type\" content=\"image\/jpeg\" \/>\n<meta name=\"twitter:card\" content=\"summary_large_image\" \/>\n<meta name=\"twitter:label1\" content=\"Est. reading time\" \/>\n\t<meta name=\"twitter:data1\" content=\"3 minutes\" \/>\n<script type=\"application\/ld+json\" class=\"yoast-schema-graph\">{\"@context\":\"https:\/\/schema.org\",\"@graph\":[{\"@type\":\"WebPage\",\"@id\":\"https:\/\/veemonula.ee\/lv\/veselibas-un-relaksacijas-centrs\/\",\"url\":\"https:\/\/veemonula.ee\/lv\/veselibas-un-relaksacijas-centrs\/\",\"name\":\"\u016aDENS ATP\u016aTAS CENTRS - Veem\u00f5nula T\u00f5rvas\",\"isPartOf\":{\"@id\":\"https:\/\/veemonula.ee\/#website\"},\"primaryImageOfPage\":{\"@id\":\"https:\/\/veemonula.ee\/lv\/veselibas-un-relaksacijas-centrs\/#primaryimage\"},\"image\":{\"@id\":\"https:\/\/veemonula.ee\/lv\/veselibas-un-relaksacijas-centrs\/#primaryimage\"},\"thumbnailUrl\":\"https:\/\/veemonula.ee\/wp-content\/uploads\/2026\/02\/Varia_9309-2-scaled.jpg\",\"datePublished\":\"2021-12-07T12:44:22+00:00\",\"dateModified\":\"2026-03-25T09:24:16+00:00\",\"breadcrumb\":{\"@id\":\"https:\/\/veemonula.ee\/lv\/veselibas-un-relaksacijas-centrs\/#breadcrumb\"},\"inLanguage\":\"lv-LV\",\"potentialAction\":[{\"@type\":\"ReadAction\",\"target\":[\"https:\/\/veemonula.ee\/lv\/veselibas-un-relaksacijas-centrs\/\"]}]},{\"@type\":\"ImageObject\",\"inLanguage\":\"lv-LV\",\"@id\":\"https:\/\/veemonula.ee\/lv\/veselibas-un-relaksacijas-centrs\/#primaryimage\",\"url\":\"https:\/\/veemonula.ee\/wp-content\/uploads\/2026\/02\/Varia_9309-2-scaled.jpg\",\"contentUrl\":\"https:\/\/veemonula.ee\/wp-content\/uploads\/2026\/02\/Varia_9309-2-scaled.jpg\"},{\"@type\":\"BreadcrumbList\",\"@id\":\"https:\/\/veemonula.ee\/lv\/veselibas-un-relaksacijas-centrs\/#breadcrumb\",\"itemListElement\":[{\"@type\":\"ListItem\",\"position\":1,\"name\":\"Home\",\"item\":\"https:\/\/veemonula.ee\/lv\/\"},{\"@type\":\"ListItem\",\"position\":2,\"name\":\"\u016aDENS ATP\u016aTAS CENTRS\"}]},{\"@type\":\"WebSite\",\"@id\":\"https:\/\/veemonula.ee\/#website\",\"url\":\"https:\/\/veemonula.ee\/\",\"name\":\"Veem\u00f5nula T\u00f5rvas\",\"description\":\"Puhkus kogu perele\",\"potentialAction\":[{\"@type\":\"SearchAction\",\"target\":{\"@type\":\"EntryPoint\",\"urlTemplate\":\"https:\/\/veemonula.ee\/?s={search_term_string}\"},\"query-input\":{\"@type\":\"PropertyValueSpecification\",\"valueRequired\":true,\"valueName\":\"search_term_string\"}}],\"inLanguage\":\"lv-LV\"}]}<\/script>\n<!-- \/ Yoast SEO plugin. -->","yoast_head_json":{"title":"\u016aDENS ATP\u016aTAS CENTRS - Veem\u00f5nula T\u00f5rvas","robots":{"index":"index","follow":"follow","max-snippet":"max-snippet:-1","max-image-preview":"max-image-preview:large","max-video-preview":"max-video-preview:-1"},"canonical":"https:\/\/veemonula.ee\/lv\/veselibas-un-relaksacijas-centrs\/","og_locale":"lv_LV","og_type":"article","og_title":"\u016aDENS ATP\u016aTAS CENTRS - Veem\u00f5nula T\u00f5rvas","og_description":"\u016aDENS ATP\u016aTAS CENTRS \u013baujieties labsaj\u016btas mirk\u013ciem jaun\u0101kaj\u0101 \u016bdens un pirts kompleks\u0101 Dienvidigaunij\u0101 \u2013 \u201cT\u00f5rva Veem\u00f5nula\u201d! \u0160eit pieejamas 4 da\u017e\u0101das pirtis: 25 metru peldbaseins ar trim celi\u0146iem, baseins b\u0113rniem un atp\u016btas zona, burbu\u013cvannas unrelaks\u0101cijas o\u0101ze \u2013 ide\u0101la vieta atp\u016btai gleznainas dabas ieskaut\u0101 vid\u0113! Starp veldz\u0113jo\u0161\u0101m \u016bdens proced\u016br\u0101m var baud\u012bt gardus dz\u0113rienus un malt\u012btes omul\u012bgaj\u0101 baseina b\u0101r\u0101. [&hellip;]","og_url":"https:\/\/veemonula.ee\/lv\/veselibas-un-relaksacijas-centrs\/","og_site_name":"Veem\u00f5nula T\u00f5rvas","article_modified_time":"2026-03-25T09:24:16+00:00","og_image":[{"width":2560,"height":1703,"url":"https:\/\/veemonula.ee\/wp-content\/uploads\/2026\/02\/Varia_9309-2-scaled.jpg","type":"image\/jpeg"}],"twitter_card":"summary_large_image","twitter_misc":{"Est. reading time":"3 minutes"},"schema":{"@context":"https:\/\/schema.org","@graph":[{"@type":"WebPage","@id":"https:\/\/veemonula.ee\/lv\/veselibas-un-relaksacijas-centrs\/","url":"https:\/\/veemonula.ee\/lv\/veselibas-un-relaksacijas-centrs\/","name":"\u016aDENS ATP\u016aTAS CENTRS - Veem\u00f5nula T\u00f5rvas","isPartOf":{"@id":"https:\/\/veemonula.ee\/#website"},"primaryImageOfPage":{"@id":"https:\/\/veemonula.ee\/lv\/veselibas-un-relaksacijas-centrs\/#primaryimage"},"image":{"@id":"https:\/\/veemonula.ee\/lv\/veselibas-un-relaksacijas-centrs\/#primaryimage"},"thumbnailUrl":"https:\/\/veemonula.ee\/wp-content\/uploads\/2026\/02\/Varia_9309-2-scaled.jpg","datePublished":"2021-12-07T12:44:22+00:00","dateModified":"2026-03-25T09:24:16+00:00","breadcrumb":{"@id":"https:\/\/veemonula.ee\/lv\/veselibas-un-relaksacijas-centrs\/#breadcrumb"},"inLanguage":"lv-LV","potentialAction":[{"@type":"ReadAction","target":["https:\/\/veemonula.ee\/lv\/veselibas-un-relaksacijas-centrs\/"]}]},{"@type":"ImageObject","inLanguage":"lv-LV","@id":"https:\/\/veemonula.ee\/lv\/veselibas-un-relaksacijas-centrs\/#primaryimage","url":"https:\/\/veemonula.ee\/wp-content\/uploads\/2026\/02\/Varia_9309-2-scaled.jpg","contentUrl":"https:\/\/veemonula.ee\/wp-content\/uploads\/2026\/02\/Varia_9309-2-scaled.jpg"},{"@type":"BreadcrumbList","@id":"https:\/\/veemonula.ee\/lv\/veselibas-un-relaksacijas-centrs\/#breadcrumb","itemListElement":[{"@type":"ListItem","position":1,"name":"Home","item":"https:\/\/veemonula.ee\/lv\/"},{"@type":"ListItem","position":2,"name":"\u016aDENS ATP\u016aTAS CENTRS"}]},{"@type":"WebSite","@id":"https:\/\/veemonula.ee\/#website","url":"https:\/\/veemonula.ee\/","name":"Veem\u00f5nula T\u00f5rvas","description":"Puhkus kogu perele","potentialAction":[{"@type":"SearchAction","target":{"@type":"EntryPoint","urlTemplate":"https:\/\/veemonula.ee\/?s={search_term_string}"},"query-input":{"@type":"PropertyValueSpecification","valueRequired":true,"valueName":"search_term_string"}}],"inLanguage":"lv-LV"}]}},"_links":{"self":[{"href":"https:\/\/veemonula.ee\/lv\/wp-json\/wp\/v2\/pages\/3215","targetHints":{"allow":["GET"]}}],"collection":[{"href":"https:\/\/veemonula.ee\/lv\/wp-json\/wp\/v2\/pages"}],"about":[{"href":"https:\/\/veemonula.ee\/lv\/wp-json\/wp\/v2\/types\/page"}],"author":[{"embeddable":true,"href":"https:\/\/veemonula.ee\/lv\/wp-json\/wp\/v2\/users\/2"}],"replies":[{"embeddable":true,"href":"https:\/\/veemonula.ee\/lv\/wp-json\/wp\/v2\/comments?post=3215"}],"version-history":[{"count":19,"href":"https:\/\/veemonula.ee\/lv\/wp-json\/wp\/v2\/pages\/3215\/revisions"}],"predecessor-version":[{"id":8008,"href":"https:\/\/veemonula.ee\/lv\/wp-json\/wp\/v2\/pages\/3215\/revisions\/8008"}],"wp:attachment":[{"href":"https:\/\/veemonula.ee\/lv\/wp-json\/wp\/v2\/media?parent=3215"}],"curies":[{"name":"wp","href":"https:\/\/api.w.org\/{rel}","templated":true}]}}