{"id":3214,"date":"2021-12-13T09:46:01","date_gmt":"2021-12-13T09:46:01","guid":{"rendered":"https:\/\/veemonula.ee\/treeningud\/"},"modified":"2026-03-25T11:29:41","modified_gmt":"2026-03-25T09:29:41","slug":"trenini","status":"publish","type":"page","link":"https:\/\/veemonula.ee\/lv\/trenini\/","title":{"rendered":"Treni\u0146i"},"content":{"rendered":"\n<div class=\"wp-block-cover alignfull\" style=\"min-height:300px;aspect-ratio:unset;\"><img loading=\"lazy\" decoding=\"async\" width=\"2048\" height=\"1366\" class=\"wp-block-cover__image-background wp-image-8026 size-full\" alt=\"\" src=\"https:\/\/veemonula.ee\/wp-content\/uploads\/2026\/03\/Torva_veemonula.jpg\" data-object-fit=\"cover\" srcset=\"https:\/\/veemonula.ee\/wp-content\/uploads\/2026\/03\/Torva_veemonula.jpg 2048w, https:\/\/veemonula.ee\/wp-content\/uploads\/2026\/03\/Torva_veemonula-300x200.jpg 300w, https:\/\/veemonula.ee\/wp-content\/uploads\/2026\/03\/Torva_veemonula-1024x683.jpg 1024w, https:\/\/veemonula.ee\/wp-content\/uploads\/2026\/03\/Torva_veemonula-768x512.jpg 768w, https:\/\/veemonula.ee\/wp-content\/uploads\/2026\/03\/Torva_veemonula-1536x1025.jpg 1536w, https:\/\/veemonula.ee\/wp-content\/uploads\/2026\/03\/Torva_veemonula-1568x1046.jpg 1568w\" sizes=\"auto, (max-width: 2048px) 100vw, 2048px\" \/><span aria-hidden=\"true\" class=\"wp-block-cover__background has-background-dim-100 has-background-dim wp-block-cover__gradient-background has-background-gradient\" style=\"background:linear-gradient(180deg,rgb(33,33,33) 6%,rgba(179,136,136,0) 50%)\"><\/span><div class=\"wp-block-cover__inner-container is-layout-flow wp-block-cover-is-layout-flow\">\n<p class=\"has-text-align-center\"><\/p>\n<\/div><\/div>\n\n\n\n<div style=\"height:28px\" aria-hidden=\"true\" class=\"wp-block-spacer\"><\/div>\n\n\n\n<p><strong>Treni\u0146u laik\u0101 peldbasein\u0101 divi celi\u0146i ir rezerv\u0113ti nodarb\u012bb\u0101m. Lai ieg\u016btu pla\u0161\u0101ku inform\u0101ciju par celi\u0146u rezerv\u0113\u0161anu, l\u016bdzu, zvaniet pa t\u0101lruni +372<\/strong> <strong>51 975 000. Ja v\u0113laties nom\u0101t celi\u0146u, l\u016bdzu, rakstiet mums uz e-pastu torva@veemonula.ee<\/strong><\/p>\n\n\n\n<div style=\"height:34px\" aria-hidden=\"true\" class=\"wp-block-spacer\"><\/div>\n\n\n\n<div class=\"wp-block-group alignwide is-nowrap is-layout-flex wp-container-core-group-is-layout-90e70244 wp-block-group-is-layout-flex\" style=\"padding-top:0;padding-right:0;padding-bottom:0;padding-left:0\">\n<div class=\"wp-block-columns alignwide is-layout-flex wp-container-core-columns-is-layout-28f84493 wp-block-columns-is-layout-flex\">\n<div class=\"wp-block-column is-layout-flow wp-block-column-is-layout-flow\">\n<figure class=\"wp-block-gallery has-nested-images columns-1 is-cropped wp-block-gallery-1 is-layout-flex wp-block-gallery-is-layout-flex\">\n<figure class=\"wp-block-image size-full\"><img loading=\"lazy\" decoding=\"async\" width=\"1920\" height=\"1280\" data-id=\"2245\" src=\"https:\/\/veemonula.ee\/wp-content\/uploads\/2021\/12\/Torva_ujula_veeb.jpg\" alt=\"\" class=\"wp-image-2245\" srcset=\"https:\/\/veemonula.ee\/wp-content\/uploads\/2021\/12\/Torva_ujula_veeb.jpg 1920w, https:\/\/veemonula.ee\/wp-content\/uploads\/2021\/12\/Torva_ujula_veeb-300x200.jpg 300w, https:\/\/veemonula.ee\/wp-content\/uploads\/2021\/12\/Torva_ujula_veeb-1024x683.jpg 1024w, https:\/\/veemonula.ee\/wp-content\/uploads\/2021\/12\/Torva_ujula_veeb-768x512.jpg 768w, https:\/\/veemonula.ee\/wp-content\/uploads\/2021\/12\/Torva_ujula_veeb-1536x1024.jpg 1536w, https:\/\/veemonula.ee\/wp-content\/uploads\/2021\/12\/Torva_ujula_veeb-1568x1045.jpg 1568w\" sizes=\"auto, (max-width: 1920px) 100vw, 1920px\" \/><\/figure>\n\n\n\n<figure class=\"wp-block-image\"><img loading=\"lazy\" decoding=\"async\" width=\"2560\" height=\"1439\" data-id=\"7265\" src=\"https:\/\/veemonula.ee\/wp-content\/uploads\/2026\/02\/TVM-09339-edited-1-scaled.jpg\" alt=\"\" class=\"wp-image-7265\" srcset=\"https:\/\/veemonula.ee\/wp-content\/uploads\/2026\/02\/TVM-09339-edited-1-scaled.jpg 2560w, https:\/\/veemonula.ee\/wp-content\/uploads\/2026\/02\/TVM-09339-edited-1-300x169.jpg 300w, https:\/\/veemonula.ee\/wp-content\/uploads\/2026\/02\/TVM-09339-edited-1-1024x575.jpg 1024w, https:\/\/veemonula.ee\/wp-content\/uploads\/2026\/02\/TVM-09339-edited-1-768x432.jpg 768w, https:\/\/veemonula.ee\/wp-content\/uploads\/2026\/02\/TVM-09339-edited-1-1536x863.jpg 1536w, https:\/\/veemonula.ee\/wp-content\/uploads\/2026\/02\/TVM-09339-edited-1-2048x1151.jpg 2048w, https:\/\/veemonula.ee\/wp-content\/uploads\/2026\/02\/TVM-09339-edited-1-1568x881.jpg 1568w\" sizes=\"auto, (max-width: 2560px) 100vw, 2560px\" \/><\/figure>\n<\/figure>\n<\/div>\n\n\n\n<div class=\"wp-block-column is-layout-flow wp-block-column-is-layout-flow\" style=\"flex-basis:50px\"><\/div>\n\n\n\n<div class=\"wp-block-column is-vertically-aligned-center is-layout-flow wp-block-column-is-layout-flow\">\n<h2 class=\"wp-block-heading\"><strong>PELD\u0112\u0160ANAS TRENI\u0145I<\/strong><\/h2>\n\n\n\n<p>\u016adens atp\u016btas centr\u0101 \u201cT\u00f5rva Veem\u00f5nula\u201d tiek organiz\u0113ti peld\u0113\u0161anas treni\u0146i b\u0113rniem. Treni\u0146i notiek 2 reizes ned\u0113\u013c\u0101, katru pirmdienu un tre\u0161dienu, \u0161\u0101dos laikos:<br>\u25cf 14.15\u201315.00 7\u20139 g.,<br>\u25cf 15.00\u201315.45 10\u201314 g.,<br>\u25cf 15.45\u201316.30 15 g. un vec\u0101kiem,<br>\u25cf 16.30\u201317.15 jaun\u0101kiem par 6 g.,<br>\u25cf 17.15\u201318.00 pirm\u0101s apm\u0101c\u012bbas grupa no 5 g.<\/p>\n\n\n\n<p>Trenere Krislina Lavinga (<em>Krislin Laving<\/em>), +372 5032 471, krislin@yess.ee<\/p>\n\n\n\n<p><br>Re\u0123istr\u0101cija www.yess.ee<br>\u25cf P plkst. 14.15\u201317.15 treni\u0146iem ir rezerv\u0113ti divi celi\u0146i peldbasein\u0101;<br>\u25cf T plkst. 14.15\u201317.15 treni\u0146iem ir rezerv\u0113ti divi celi\u0146i peldbasein\u0101;<br>\u25cf P, T plkst. 17.15\u201318.15 treni\u0146iem papildus ir rezerv\u0113ts ar\u012b baseins<br>b\u0113rniem.<\/p>\n<\/div>\n<\/div>\n<\/div>\n\n\n\n<div style=\"height:51px\" aria-hidden=\"true\" class=\"wp-block-spacer\"><\/div>\n\n\n\n<div class=\"wp-block-group alignwide is-nowrap is-layout-flex wp-container-core-group-is-layout-6c531013 wp-block-group-is-layout-flex\">\n<div class=\"wp-block-columns alignwide is-layout-flex wp-container-core-columns-is-layout-28f84493 wp-block-columns-is-layout-flex\">\n<div class=\"wp-block-column is-layout-flow wp-block-column-is-layout-flow\" style=\"flex-basis:51%\">\n<h2 class=\"wp-block-heading\"><strong>MAZU\u013bU PELDIN\u0100\u0160ANA<\/strong><\/h2>\n\n\n\n<p><strong>Jaun\u0101 grupa s\u0101ks nodarb\u012bbas 2026. gada oktobr\u012b. T\u0101 ir 6 m\u0113ne\u0161u treni\u0146u programma. Papildu inform\u0101cija un pieteik\u0161an\u0101s torvavesiaeroobika@gmail.com<\/strong><br>Tagad Tervas \u016bdens atp\u016btas centr\u0101 varat doties uz pirmo peld\u0113\u0161anas nodarb\u012bbu kop\u0101 ar pa\u0161iem maz\u0101kajiem \u0123imenes locek\u013ciem. Gaid\u0101m uz peld\u0113\u0161anas nodarb\u012bb\u0101m b\u0113rnus vecum\u0101 no 4 m\u0113ne\u0161iem l\u012bdz 1,5 gadi\u0146am. Kop\u012bgi iem\u0101c\u012bsim mazulim pierast pie \u016bdens, g\u016bt no t\u0101 prieku, un ar\u012b vec\u0101ki p\u0101rvar\u0113s savu nedro\u0161\u012bbu.<br><br>P\u0113c dzim\u0161anas \u016bdens ir dabisk\u0101k\u0101 vide mazu\u013ciem. Peld\u0113\u0161ana pal\u012bdz\u0113s j\u016bsu b\u0113rnam att\u012bst\u012bt kust\u012bgumu un iztur\u012bbu, kas nepiecie\u0161ama ar\u012b visu turpm\u0101ko dz\u012bvi. \u016adens pal\u012bdz mazin\u0101t mazu\u013ca satraukumu, atsl\u0101bina musku\u013cus un sniedz pat\u012bkamas emocijas.<br>Lai pieteiktos, rakstiet uz e-pastu <strong>torvavesiaeroobika@gmail.com<\/strong> un pierakstiet<br>b\u0113rna v\u0101rdu, vecumu un vec\u0101ku kontaktinform\u0101ciju.<\/p>\n<\/div>\n\n\n\n<div class=\"wp-block-column is-layout-flow wp-block-column-is-layout-flow\" style=\"flex-basis:59px\"><\/div>\n\n\n\n<div class=\"wp-block-column is-layout-flow wp-block-column-is-layout-flow\" style=\"flex-basis:49%\">\n<figure class=\"wp-block-image size-full animated bounceInRight\"><img loading=\"lazy\" decoding=\"async\" width=\"640\" height=\"480\" src=\"https:\/\/veemonula.ee\/wp-content\/uploads\/2023\/02\/baby-gd373eaf9f_640.jpg\" alt=\"\" class=\"wp-image-4446\" srcset=\"https:\/\/veemonula.ee\/wp-content\/uploads\/2023\/02\/baby-gd373eaf9f_640.jpg 640w, https:\/\/veemonula.ee\/wp-content\/uploads\/2023\/02\/baby-gd373eaf9f_640-300x225.jpg 300w\" sizes=\"auto, (max-width: 640px) 100vw, 640px\" \/><\/figure>\n<\/div>\n<\/div>\n<\/div>\n\n\n\n<div style=\"height:51px\" aria-hidden=\"true\" class=\"wp-block-spacer\"><\/div>\n\n\n\n<div class=\"wp-block-group alignwide is-content-justification-center is-nowrap is-layout-flex wp-container-core-group-is-layout-3be54e67 wp-block-group-is-layout-flex\" style=\"padding-top:0;padding-right:0;padding-bottom:0;padding-left:0\">\n<div class=\"wp-block-columns alignwide is-layout-flex wp-container-core-columns-is-layout-28f84493 wp-block-columns-is-layout-flex\">\n<div class=\"wp-block-column is-layout-flow wp-block-column-is-layout-flow\">\n<figure class=\"wp-block-gallery has-nested-images columns-1 is-cropped wp-block-gallery-2 is-layout-flex wp-block-gallery-is-layout-flex\">\n<figure class=\"wp-block-image size-full\"><img loading=\"lazy\" decoding=\"async\" width=\"2560\" height=\"2560\" data-id=\"7283\" src=\"https:\/\/veemonula.ee\/wp-content\/uploads\/2026\/02\/Varia_9310-edited-scaled.jpg\" alt=\"\" class=\"wp-image-7283\" srcset=\"https:\/\/veemonula.ee\/wp-content\/uploads\/2026\/02\/Varia_9310-edited-scaled.jpg 2560w, https:\/\/veemonula.ee\/wp-content\/uploads\/2026\/02\/Varia_9310-edited-300x300.jpg 300w, https:\/\/veemonula.ee\/wp-content\/uploads\/2026\/02\/Varia_9310-edited-1024x1024.jpg 1024w, https:\/\/veemonula.ee\/wp-content\/uploads\/2026\/02\/Varia_9310-edited-150x150.jpg 150w, https:\/\/veemonula.ee\/wp-content\/uploads\/2026\/02\/Varia_9310-edited-768x768.jpg 768w, https:\/\/veemonula.ee\/wp-content\/uploads\/2026\/02\/Varia_9310-edited-1536x1536.jpg 1536w, https:\/\/veemonula.ee\/wp-content\/uploads\/2026\/02\/Varia_9310-edited-2048x2048.jpg 2048w, https:\/\/veemonula.ee\/wp-content\/uploads\/2026\/02\/Varia_9310-edited-1568x1568.jpg 1568w\" sizes=\"auto, (max-width: 2560px) 100vw, 2560px\" \/><\/figure>\n\n\n\n<figure class=\"wp-block-image size-large\"><img loading=\"lazy\" decoding=\"async\" width=\"1024\" height=\"681\" data-id=\"6442\" src=\"https:\/\/veemonula.ee\/wp-content\/uploads\/2026\/02\/Varia_9278-1024x681.jpg\" alt=\"\" class=\"wp-image-6442\" srcset=\"https:\/\/veemonula.ee\/wp-content\/uploads\/2026\/02\/Varia_9278-1024x681.jpg 1024w, https:\/\/veemonula.ee\/wp-content\/uploads\/2026\/02\/Varia_9278-300x200.jpg 300w, https:\/\/veemonula.ee\/wp-content\/uploads\/2026\/02\/Varia_9278-768x511.jpg 768w, https:\/\/veemonula.ee\/wp-content\/uploads\/2026\/02\/Varia_9278-1536x1022.jpg 1536w, https:\/\/veemonula.ee\/wp-content\/uploads\/2026\/02\/Varia_9278-2048x1363.jpg 2048w, https:\/\/veemonula.ee\/wp-content\/uploads\/2026\/02\/Varia_9278-1568x1043.jpg 1568w\" sizes=\"auto, (max-width: 1024px) 100vw, 1024px\" \/><\/figure>\n<\/figure>\n<\/div>\n\n\n\n<div class=\"wp-block-column is-layout-flow wp-block-column-is-layout-flow\" style=\"flex-basis:50px\"><\/div>\n\n\n\n<div class=\"wp-block-column is-vertically-aligned-center is-layout-flow wp-block-column-is-layout-flow\">\n<h2 class=\"wp-block-heading\"><strong>\u016aDENS AEROBIKAS NODARB\u012aBAS<\/strong><\/h2>\n\n\n\n<p>\u016adens atp\u016btas centr\u0101 \u201cT\u00f5rva Veem\u00f5nula\u201d tiek organiz\u0113tas \u016bdens aerobikas nodarb\u012bbas. <\/p>\n\n\n\n<p>\u016adens aerobika ir grupas treni\u0146\u0161 45 min\u016b\u0161u garum\u0101 ener\u0123iskas m\u016bzikas pavad\u012bb\u0101. T\u0101 ir intens\u012bva grupu programma, kur\u0101 tiek izmantoti da\u017e\u0101di vingrin\u0101jumi (skrie\u0161ana, l\u0113k\u0161ana un sp\u0113ka treni\u0146i) un da\u017e\u0101ds treni\u0146u apr\u012bkojums (cimdi, peld\u0113\u0161anas n\u016bdeles, hanteles), lai nodarbin\u0101tu visas musku\u013cu grupas. <\/p>\n\n\n\n<p>Peld\u0113\u0161anas prasmes nav b\u016btiskas, jo treni\u0146\u0161 notiek \u016bden\u012b l\u012bdz kr\u016bt\u012bm. Treni\u0146\u0161 \u016bden\u012b ir piem\u0113rots ikvienam, jo bezsvara st\u0101voklis \u016bden\u012b<br>atbr\u012bvo loc\u012btavas no slodzes. <\/p>\n\n\n\n<p><strong>Treni\u0146a m\u0113r\u0137is ir:<\/strong> loc\u012btavu kust\u012bguma saglab\u0101\u0161ana un uzlabo\u0161ana, musku\u013cu iztur\u012bbas, aerob\u0101s iztur\u012bbas, l\u012bdzsvara un koordin\u0101cijas att\u012bst\u012b\u0161ana, elpo\u0161anas un sirds un asinsvadu sist\u0113mas funkciju uztur\u0113\u0161ana un uzlabo\u0161ana, slodzes mazin\u0101\u0161ana uz loc\u012btav\u0101m, svara samazin\u0101\u0161ana, k\u0101 ar\u012b musku\u013cu sasprindzin\u0101juma un s\u0101pju mazin\u0101\u0161ana. <\/p>\n\n\n\n<p>P\u0113c nodarb\u012bbas sajut\u012bsieties pavisam cit\u0101di: no m\u0113rena noguruma l\u012bdz ener\u0123ijas piepl\u016bdumam, ta\u010du parasti visi vingrot\u0101ji j\u016btas \u013coti labi. Ja jums ir k\u0101das vesel\u012bbas probl\u0113mas, noteikti p\u0113c iesp\u0113jas \u0101tr\u0101k konsult\u0113jieties ar savu treneri, lai izvair\u012btos no traum\u0101m.<br><br><strong>Treni\u0146i notiek pirmdien\u0101s un ceturtdien\u0101s plkst. 19.00.<\/strong><br>Treni\u0146i nenotiek no j\u016bnija l\u012bdz septembrim.<\/p>\n\n\n\n<p><br>Vietu skaits treni\u0146\u0101 ierobe\u017eots, <strong>l\u016bdzam pieteikties iepriek\u0161<\/strong><br><strong>torvavesiaeroobika@gmail.com<\/strong> vai FB grup\u0101 Vesiaeroobika Veem\u00f5nulas.<br>Valsts sv\u0113tkos un skol\u0113nu br\u012bvlaikos nodarb\u012bbas nenotiek.<br>Lai piedal\u012btos treni\u0146\u0101, kas\u0113 j\u0101ieg\u0101d\u0101jas \u016bdens atp\u016btas centra bi\u013cete atbilsto\u0161am apmekl\u0113juma laikam.<br><br>Trenere Virge Soka (<em>Virge Sokk<\/em>)<\/p>\n<\/div>\n<\/div>\n<\/div>\n\n\n\n<div style=\"height:100px\" aria-hidden=\"true\" class=\"wp-block-spacer\"><\/div>\n","protected":false},"excerpt":{"rendered":"<p>Treni\u0146u laik\u0101 peldbasein\u0101 divi celi\u0146i ir rezerv\u0113ti nodarb\u012bb\u0101m. Lai ieg\u016btu pla\u0161\u0101ku inform\u0101ciju par celi\u0146u rezerv\u0113\u0161anu, l\u016bdzu, zvaniet pa t\u0101lruni +372 51 975 000. Ja v\u0113laties nom\u0101t celi\u0146u, l\u016bdzu, rakstiet mums uz e-pastu torva@veemonula.ee PELD\u0112\u0160ANAS TRENI\u0145I \u016adens atp\u016btas centr\u0101 \u201cT\u00f5rva Veem\u00f5nula\u201d tiek organiz\u0113ti peld\u0113\u0161anas treni\u0146i b\u0113rniem. Treni\u0146i notiek 2 reizes ned\u0113\u013c\u0101, katru pirmdienu un tre\u0161dienu, \u0161\u0101dos [&hellip;]<\/p>\n","protected":false},"author":3,"featured_media":0,"parent":0,"menu_order":0,"comment_status":"closed","ping_status":"closed","template":"","meta":{"footnotes":""},"class_list":["post-3214","page","type-page","status-publish","hentry"],"yoast_head":"<!-- This site is optimized with the Yoast SEO plugin v27.2 - https:\/\/yoast.com\/product\/yoast-seo-wordpress\/ -->\n<title>Treni\u0146i - Veem\u00f5nula T\u00f5rvas<\/title>\n<meta name=\"robots\" content=\"index, follow, max-snippet:-1, max-image-preview:large, max-video-preview:-1\" \/>\n<link rel=\"canonical\" href=\"https:\/\/veemonula.ee\/lv\/trenini\/\" \/>\n<meta property=\"og:locale\" content=\"lv_LV\" \/>\n<meta property=\"og:type\" content=\"article\" \/>\n<meta property=\"og:title\" content=\"Treni\u0146i - Veem\u00f5nula T\u00f5rvas\" \/>\n<meta property=\"og:description\" content=\"Treni\u0146u laik\u0101 peldbasein\u0101 divi celi\u0146i ir rezerv\u0113ti nodarb\u012bb\u0101m. Lai ieg\u016btu pla\u0161\u0101ku inform\u0101ciju par celi\u0146u rezerv\u0113\u0161anu, l\u016bdzu, zvaniet pa t\u0101lruni +372 51 975 000. Ja v\u0113laties nom\u0101t celi\u0146u, l\u016bdzu, rakstiet mums uz e-pastu torva@veemonula.ee PELD\u0112\u0160ANAS TRENI\u0145I \u016adens atp\u016btas centr\u0101 \u201cT\u00f5rva Veem\u00f5nula\u201d tiek organiz\u0113ti peld\u0113\u0161anas treni\u0146i b\u0113rniem. Treni\u0146i notiek 2 reizes ned\u0113\u013c\u0101, katru pirmdienu un tre\u0161dienu, \u0161\u0101dos [&hellip;]\" \/>\n<meta property=\"og:url\" content=\"https:\/\/veemonula.ee\/lv\/trenini\/\" \/>\n<meta property=\"og:site_name\" content=\"Veem\u00f5nula T\u00f5rvas\" \/>\n<meta property=\"article:modified_time\" content=\"2026-03-25T09:29:41+00:00\" \/>\n<meta property=\"og:image\" content=\"https:\/\/veemonula.ee\/wp-content\/uploads\/2026\/03\/Torva_veemonula.jpg\" \/>\n\t<meta property=\"og:image:width\" content=\"2048\" \/>\n\t<meta property=\"og:image:height\" content=\"1366\" \/>\n\t<meta property=\"og:image:type\" content=\"image\/jpeg\" \/>\n<meta name=\"twitter:card\" content=\"summary_large_image\" \/>\n<meta name=\"twitter:label1\" content=\"Est. reading time\" \/>\n\t<meta name=\"twitter:data1\" content=\"1 minute\" \/>\n<script type=\"application\/ld+json\" class=\"yoast-schema-graph\">{\"@context\":\"https:\/\/schema.org\",\"@graph\":[{\"@type\":\"WebPage\",\"@id\":\"https:\/\/veemonula.ee\/lv\/trenini\/\",\"url\":\"https:\/\/veemonula.ee\/lv\/trenini\/\",\"name\":\"Treni\u0146i - Veem\u00f5nula T\u00f5rvas\",\"isPartOf\":{\"@id\":\"https:\/\/veemonula.ee\/#website\"},\"primaryImageOfPage\":{\"@id\":\"https:\/\/veemonula.ee\/lv\/trenini\/#primaryimage\"},\"image\":{\"@id\":\"https:\/\/veemonula.ee\/lv\/trenini\/#primaryimage\"},\"thumbnailUrl\":\"https:\/\/veemonula.ee\/wp-content\/uploads\/2026\/03\/Torva_veemonula.jpg\",\"datePublished\":\"2021-12-13T09:46:01+00:00\",\"dateModified\":\"2026-03-25T09:29:41+00:00\",\"breadcrumb\":{\"@id\":\"https:\/\/veemonula.ee\/lv\/trenini\/#breadcrumb\"},\"inLanguage\":\"lv-LV\",\"potentialAction\":[{\"@type\":\"ReadAction\",\"target\":[\"https:\/\/veemonula.ee\/lv\/trenini\/\"]}]},{\"@type\":\"ImageObject\",\"inLanguage\":\"lv-LV\",\"@id\":\"https:\/\/veemonula.ee\/lv\/trenini\/#primaryimage\",\"url\":\"https:\/\/veemonula.ee\/wp-content\/uploads\/2026\/03\/Torva_veemonula.jpg\",\"contentUrl\":\"https:\/\/veemonula.ee\/wp-content\/uploads\/2026\/03\/Torva_veemonula.jpg\"},{\"@type\":\"BreadcrumbList\",\"@id\":\"https:\/\/veemonula.ee\/lv\/trenini\/#breadcrumb\",\"itemListElement\":[{\"@type\":\"ListItem\",\"position\":1,\"name\":\"Home\",\"item\":\"https:\/\/veemonula.ee\/lv\/\"},{\"@type\":\"ListItem\",\"position\":2,\"name\":\"Treni\u0146i\"}]},{\"@type\":\"WebSite\",\"@id\":\"https:\/\/veemonula.ee\/#website\",\"url\":\"https:\/\/veemonula.ee\/\",\"name\":\"Veem\u00f5nula T\u00f5rvas\",\"description\":\"Puhkus kogu perele\",\"potentialAction\":[{\"@type\":\"SearchAction\",\"target\":{\"@type\":\"EntryPoint\",\"urlTemplate\":\"https:\/\/veemonula.ee\/?s={search_term_string}\"},\"query-input\":{\"@type\":\"PropertyValueSpecification\",\"valueRequired\":true,\"valueName\":\"search_term_string\"}}],\"inLanguage\":\"lv-LV\"}]}<\/script>\n<!-- \/ Yoast SEO plugin. -->","yoast_head_json":{"title":"Treni\u0146i - Veem\u00f5nula T\u00f5rvas","robots":{"index":"index","follow":"follow","max-snippet":"max-snippet:-1","max-image-preview":"max-image-preview:large","max-video-preview":"max-video-preview:-1"},"canonical":"https:\/\/veemonula.ee\/lv\/trenini\/","og_locale":"lv_LV","og_type":"article","og_title":"Treni\u0146i - Veem\u00f5nula T\u00f5rvas","og_description":"Treni\u0146u laik\u0101 peldbasein\u0101 divi celi\u0146i ir rezerv\u0113ti nodarb\u012bb\u0101m. Lai ieg\u016btu pla\u0161\u0101ku inform\u0101ciju par celi\u0146u rezerv\u0113\u0161anu, l\u016bdzu, zvaniet pa t\u0101lruni +372 51 975 000. Ja v\u0113laties nom\u0101t celi\u0146u, l\u016bdzu, rakstiet mums uz e-pastu torva@veemonula.ee PELD\u0112\u0160ANAS TRENI\u0145I \u016adens atp\u016btas centr\u0101 \u201cT\u00f5rva Veem\u00f5nula\u201d tiek organiz\u0113ti peld\u0113\u0161anas treni\u0146i b\u0113rniem. Treni\u0146i notiek 2 reizes ned\u0113\u013c\u0101, katru pirmdienu un tre\u0161dienu, \u0161\u0101dos [&hellip;]","og_url":"https:\/\/veemonula.ee\/lv\/trenini\/","og_site_name":"Veem\u00f5nula T\u00f5rvas","article_modified_time":"2026-03-25T09:29:41+00:00","og_image":[{"width":2048,"height":1366,"url":"https:\/\/veemonula.ee\/wp-content\/uploads\/2026\/03\/Torva_veemonula.jpg","type":"image\/jpeg"}],"twitter_card":"summary_large_image","twitter_misc":{"Est. reading time":"1 minute"},"schema":{"@context":"https:\/\/schema.org","@graph":[{"@type":"WebPage","@id":"https:\/\/veemonula.ee\/lv\/trenini\/","url":"https:\/\/veemonula.ee\/lv\/trenini\/","name":"Treni\u0146i - Veem\u00f5nula T\u00f5rvas","isPartOf":{"@id":"https:\/\/veemonula.ee\/#website"},"primaryImageOfPage":{"@id":"https:\/\/veemonula.ee\/lv\/trenini\/#primaryimage"},"image":{"@id":"https:\/\/veemonula.ee\/lv\/trenini\/#primaryimage"},"thumbnailUrl":"https:\/\/veemonula.ee\/wp-content\/uploads\/2026\/03\/Torva_veemonula.jpg","datePublished":"2021-12-13T09:46:01+00:00","dateModified":"2026-03-25T09:29:41+00:00","breadcrumb":{"@id":"https:\/\/veemonula.ee\/lv\/trenini\/#breadcrumb"},"inLanguage":"lv-LV","potentialAction":[{"@type":"ReadAction","target":["https:\/\/veemonula.ee\/lv\/trenini\/"]}]},{"@type":"ImageObject","inLanguage":"lv-LV","@id":"https:\/\/veemonula.ee\/lv\/trenini\/#primaryimage","url":"https:\/\/veemonula.ee\/wp-content\/uploads\/2026\/03\/Torva_veemonula.jpg","contentUrl":"https:\/\/veemonula.ee\/wp-content\/uploads\/2026\/03\/Torva_veemonula.jpg"},{"@type":"BreadcrumbList","@id":"https:\/\/veemonula.ee\/lv\/trenini\/#breadcrumb","itemListElement":[{"@type":"ListItem","position":1,"name":"Home","item":"https:\/\/veemonula.ee\/lv\/"},{"@type":"ListItem","position":2,"name":"Treni\u0146i"}]},{"@type":"WebSite","@id":"https:\/\/veemonula.ee\/#website","url":"https:\/\/veemonula.ee\/","name":"Veem\u00f5nula T\u00f5rvas","description":"Puhkus kogu perele","potentialAction":[{"@type":"SearchAction","target":{"@type":"EntryPoint","urlTemplate":"https:\/\/veemonula.ee\/?s={search_term_string}"},"query-input":{"@type":"PropertyValueSpecification","valueRequired":true,"valueName":"search_term_string"}}],"inLanguage":"lv-LV"}]}},"_links":{"self":[{"href":"https:\/\/veemonula.ee\/lv\/wp-json\/wp\/v2\/pages\/3214","targetHints":{"allow":["GET"]}}],"collection":[{"href":"https:\/\/veemonula.ee\/lv\/wp-json\/wp\/v2\/pages"}],"about":[{"href":"https:\/\/veemonula.ee\/lv\/wp-json\/wp\/v2\/types\/page"}],"author":[{"embeddable":true,"href":"https:\/\/veemonula.ee\/lv\/wp-json\/wp\/v2\/users\/3"}],"replies":[{"embeddable":true,"href":"https:\/\/veemonula.ee\/lv\/wp-json\/wp\/v2\/comments?post=3214"}],"version-history":[{"count":46,"href":"https:\/\/veemonula.ee\/lv\/wp-json\/wp\/v2\/pages\/3214\/revisions"}],"predecessor-version":[{"id":8031,"href":"https:\/\/veemonula.ee\/lv\/wp-json\/wp\/v2\/pages\/3214\/revisions\/8031"}],"wp:attachment":[{"href":"https:\/\/veemonula.ee\/lv\/wp-json\/wp\/v2\/media?parent=3214"}],"curies":[{"name":"wp","href":"https:\/\/api.w.org\/{rel}","templated":true}]}}