{"id":3212,"date":"2021-12-13T09:07:31","date_gmt":"2021-12-13T09:07:31","guid":{"rendered":"https:\/\/veemonula.ee\/saunad\/"},"modified":"2026-03-25T10:45:42","modified_gmt":"2026-03-25T08:45:42","slug":"pirti","status":"publish","type":"page","link":"https:\/\/veemonula.ee\/lv\/pirti\/","title":{"rendered":"Pirtis"},"content":{"rendered":"\n<div class=\"wp-block-cover alignfull\" style=\"min-height:300px;aspect-ratio:unset;\"><img loading=\"lazy\" decoding=\"async\" width=\"2048\" height=\"1366\" class=\"wp-block-cover__image-background wp-image-6603 size-full\" alt=\"\" src=\"https:\/\/veemonula.ee\/wp-content\/uploads\/2026\/02\/Torva_veemonula_saunad.jpg\" data-object-fit=\"cover\" srcset=\"https:\/\/veemonula.ee\/wp-content\/uploads\/2026\/02\/Torva_veemonula_saunad.jpg 2048w, https:\/\/veemonula.ee\/wp-content\/uploads\/2026\/02\/Torva_veemonula_saunad-300x200.jpg 300w, https:\/\/veemonula.ee\/wp-content\/uploads\/2026\/02\/Torva_veemonula_saunad-1024x683.jpg 1024w, https:\/\/veemonula.ee\/wp-content\/uploads\/2026\/02\/Torva_veemonula_saunad-768x512.jpg 768w, https:\/\/veemonula.ee\/wp-content\/uploads\/2026\/02\/Torva_veemonula_saunad-1536x1025.jpg 1536w, https:\/\/veemonula.ee\/wp-content\/uploads\/2026\/02\/Torva_veemonula_saunad-1568x1046.jpg 1568w\" sizes=\"auto, (max-width: 2048px) 100vw, 2048px\" \/><span aria-hidden=\"true\" class=\"wp-block-cover__background has-background-dim-60 has-background-dim wp-block-cover__gradient-background has-background-gradient\" style=\"background:linear-gradient(180deg,rgb(33,33,33) 0%,rgba(155,81,224,0) 51%)\"><\/span><div class=\"wp-block-cover__inner-container is-layout-flow wp-block-cover-is-layout-flow\">\n<h1 class=\"wp-block-heading has-text-align-center\"><\/h1>\n\n\n\n<p><\/p>\n<\/div><\/div>\n\n\n\n<div style=\"height:100px\" aria-hidden=\"true\" class=\"wp-block-spacer\"><\/div>\n\n\n\n<div class=\"wp-block-columns alignwide is-layout-flex wp-container-core-columns-is-layout-28f84493 wp-block-columns-is-layout-flex\">\n<div class=\"wp-block-column is-vertically-aligned-center is-layout-flow wp-block-column-is-layout-flow\">\n<h2 class=\"wp-block-heading\"><strong>TVAIKA PIRTS (50\u201355 \u00b0C)<\/strong><\/h2>\n\n\n\n<p>Tvaika pirt\u012b apmekl\u0113t\u0101jus ieskauj tvaika m\u0101ko\u0146i, kas bag\u0101tin\u0101ti ar pat\u012bkamu prie\u017eu \u0113terisk\u0101s e\u013c\u013cas arom\u0101tu.<br><br>Siltais tvaiks att\u012bra \u0101du, uzlabojot t\u0101s tonusu un elast\u012bbu. Tvaika pirts stiprina organismu, padarot to maz\u0101k jut\u012bgu pret laikapst\u0101k\u013cu sv\u0101rst\u012bb\u0101m un veicinot notur\u012bbu pret slim\u012bb\u0101m. K\u0101 pat\u012bkams bonuss \u2013 kaloriju pat\u0113ri\u0146\u0161 un asinsrites uzlabo\u0161an\u0101s. Aromterapij\u0101 priedes \u0113terisk\u0101 e\u013c\u013ca stimul\u0113 organismu, pie\u0161\u0137ir ener\u0123iju, k\u0101 ar\u012b vairo v\u012bri\u0161\u0137o potenci un dz\u012bvessparu.<\/p>\n<\/div>\n\n\n\n<div class=\"wp-block-column is-layout-flow wp-block-column-is-layout-flow\" style=\"flex-basis:50px\"><\/div>\n\n\n\n<div class=\"wp-block-column is-layout-flow wp-block-column-is-layout-flow\">\n<figure class=\"wp-block-image size-full\"><img loading=\"lazy\" decoding=\"async\" width=\"2560\" height=\"1440\" src=\"https:\/\/veemonula.ee\/wp-content\/uploads\/2026\/02\/DSCF4851-Enhanced-NR1-2-edited-scaled.jpg\" alt=\"\" class=\"wp-image-7151\" srcset=\"https:\/\/veemonula.ee\/wp-content\/uploads\/2026\/02\/DSCF4851-Enhanced-NR1-2-edited-scaled.jpg 2560w, https:\/\/veemonula.ee\/wp-content\/uploads\/2026\/02\/DSCF4851-Enhanced-NR1-2-edited-300x169.jpg 300w, https:\/\/veemonula.ee\/wp-content\/uploads\/2026\/02\/DSCF4851-Enhanced-NR1-2-edited-1024x576.jpg 1024w, https:\/\/veemonula.ee\/wp-content\/uploads\/2026\/02\/DSCF4851-Enhanced-NR1-2-edited-768x432.jpg 768w, https:\/\/veemonula.ee\/wp-content\/uploads\/2026\/02\/DSCF4851-Enhanced-NR1-2-edited-1536x864.jpg 1536w, https:\/\/veemonula.ee\/wp-content\/uploads\/2026\/02\/DSCF4851-Enhanced-NR1-2-edited-2048x1152.jpg 2048w, https:\/\/veemonula.ee\/wp-content\/uploads\/2026\/02\/DSCF4851-Enhanced-NR1-2-edited-1568x882.jpg 1568w\" sizes=\"auto, (max-width: 2560px) 100vw, 2560px\" \/><\/figure>\n<\/div>\n<\/div>\n\n\n\n<div style=\"height:50px\" aria-hidden=\"true\" class=\"wp-block-spacer\"><\/div>\n\n\n\n<div class=\"wp-block-columns alignwide is-layout-flex wp-container-core-columns-is-layout-28f84493 wp-block-columns-is-layout-flex\">\n<div class=\"wp-block-column is-layout-flow wp-block-column-is-layout-flow\">\n<figure class=\"wp-block-image size-full\"><img loading=\"lazy\" decoding=\"async\" width=\"2560\" height=\"1440\" src=\"https:\/\/veemonula.ee\/wp-content\/uploads\/2026\/02\/Saunad-7231-edited-scaled.jpg\" alt=\"\" class=\"wp-image-7146\" srcset=\"https:\/\/veemonula.ee\/wp-content\/uploads\/2026\/02\/Saunad-7231-edited-scaled.jpg 2560w, https:\/\/veemonula.ee\/wp-content\/uploads\/2026\/02\/Saunad-7231-edited-300x169.jpg 300w, https:\/\/veemonula.ee\/wp-content\/uploads\/2026\/02\/Saunad-7231-edited-1024x576.jpg 1024w, https:\/\/veemonula.ee\/wp-content\/uploads\/2026\/02\/Saunad-7231-edited-768x432.jpg 768w, https:\/\/veemonula.ee\/wp-content\/uploads\/2026\/02\/Saunad-7231-edited-1536x864.jpg 1536w, https:\/\/veemonula.ee\/wp-content\/uploads\/2026\/02\/Saunad-7231-edited-2048x1152.jpg 2048w, https:\/\/veemonula.ee\/wp-content\/uploads\/2026\/02\/Saunad-7231-edited-1568x882.jpg 1568w\" sizes=\"auto, (max-width: 2560px) 100vw, 2560px\" \/><\/figure>\n<\/div>\n\n\n\n<div class=\"wp-block-column is-layout-flow wp-block-column-is-layout-flow\" style=\"flex-basis:50px\"><\/div>\n\n\n\n<div class=\"wp-block-column is-vertically-aligned-center is-layout-flow wp-block-column-is-layout-flow\">\n<h2 class=\"wp-block-heading\"><strong>SOMU PIRTS (90\u201395 \u00b0C)<\/strong><\/h2>\n\n\n\n<p>Klasiska somu pirts ar optim\u0101lu karstuma un mitruma l\u012bmeni pal\u012bdz atsl\u0101bin\u0101t \u0137ermeni, aizmirst ikdienas r\u016bpes un nomierin\u0101t pr\u0101tu. S\u0113\u017eot uz da\u017e\u0101du l\u012bme\u0146u l\u0101v\u0101m, var sajust, k\u0101 main\u0101s ar\u012b temperat\u016bra. Gaiss \u0161aj\u0101 pirt\u012b ir dr\u012bz\u0101k karsts un sauss, ta\u010du, uzmetot garu uz karstajiem akme\u0146iem, var rad\u012bt \u012bslaic\u012bgu pat\u012bkamu mitrumu.<\/p>\n<\/div>\n<\/div>\n\n\n\n<div style=\"height:51px\" aria-hidden=\"true\" class=\"wp-block-spacer\"><\/div>\n\n\n\n<div class=\"wp-block-columns alignwide is-layout-flex wp-container-core-columns-is-layout-28f84493 wp-block-columns-is-layout-flex\">\n<div class=\"wp-block-column is-vertically-aligned-center is-layout-flow wp-block-column-is-layout-flow\">\n<h2 class=\"wp-block-heading\"><strong>S\u0100LS\u00a0PIRTS (45\u201350 \u00b0C)<\/strong><\/h2>\n\n\n\n<p>S\u0101ls kl\u0101tb\u016btne pirt\u012b kav\u0113 iekaisuma procesus organism\u0101, un tam ir pozit\u012bva ietekme uz cilv\u0113ka vesel\u012bbu. Apmekl\u0113jot s\u0101ls pirti, no bakt\u0113rij\u0101m un alerg\u0113niem tiek att\u012br\u012bti elpce\u013ci, t\u0101dej\u0101di cilv\u0113ki, kuri cie\u0161 no aler\u0123ij\u0101m, ejot \u0161\u0101d\u0101 pirt\u012b, izj\u016bt iev\u0113rojamu atvieglojumu. Gaiss s\u0101ls pirt\u012b tiek bag\u0101tin\u0101ts ar negat\u012bvajiem joniem. Tas sniedz spirdzino\u0161u svaiguma saj\u016btu, l\u012bdz\u012bgu k\u0101 to, kas tiek pan\u0101kts ar j\u016bras kl\u0101tb\u016btni, kalnos vai \u016bdenskrituma tuvum\u0101. Zin\u0101tniskie p\u0113t\u012bjumi r\u0101da, ka cilv\u0113ka pa\u0161saj\u016bta uzlabojas, ja telp\u0101 tiek izstr\u0101d\u0101ti negat\u012bvie joni. T\u0101 rezult\u0101t\u0101 var uzveikt ar\u012b da\u017e\u0101das \u0101das slim\u012bbas. Ja s\u0101ls pirt\u012b iet regul\u0101ri, uzlabojas \u0101das strukt\u016bra \u2013 atveras \u0101das poras un t\u0101 tiek lab\u0101k apg\u0101d\u0101ta ar asin\u012bm. Negat\u012bvajiem joniem piem\u012bt sp\u0113c\u012bga att\u012bro\u0161a iedarb\u012bba. P\u0113c s\u0101ls pirts apmekl\u0113juma oblig\u0101ti j\u0101noskalojas \u016bden\u012b.<\/p>\n<\/div>\n\n\n\n<div class=\"wp-block-column is-layout-flow wp-block-column-is-layout-flow\" style=\"flex-basis:50px\"><\/div>\n\n\n\n<div class=\"wp-block-column is-layout-flow wp-block-column-is-layout-flow\">\n<figure class=\"wp-block-image size-full\"><img loading=\"lazy\" decoding=\"async\" width=\"2048\" height=\"1152\" src=\"https:\/\/veemonula.ee\/wp-content\/uploads\/2026\/02\/aurusaun_mehed-edited.jpg\" alt=\"\" class=\"wp-image-7141\" srcset=\"https:\/\/veemonula.ee\/wp-content\/uploads\/2026\/02\/aurusaun_mehed-edited.jpg 2048w, https:\/\/veemonula.ee\/wp-content\/uploads\/2026\/02\/aurusaun_mehed-edited-300x169.jpg 300w, https:\/\/veemonula.ee\/wp-content\/uploads\/2026\/02\/aurusaun_mehed-edited-1024x576.jpg 1024w, https:\/\/veemonula.ee\/wp-content\/uploads\/2026\/02\/aurusaun_mehed-edited-768x432.jpg 768w, https:\/\/veemonula.ee\/wp-content\/uploads\/2026\/02\/aurusaun_mehed-edited-1536x864.jpg 1536w, https:\/\/veemonula.ee\/wp-content\/uploads\/2026\/02\/aurusaun_mehed-edited-1568x882.jpg 1568w\" sizes=\"auto, (max-width: 2048px) 100vw, 2048px\" \/><\/figure>\n<\/div>\n<\/div>\n\n\n\n<div style=\"height:50px\" aria-hidden=\"true\" class=\"wp-block-spacer\"><\/div>\n\n\n\n<div class=\"wp-block-columns alignwide is-layout-flex wp-container-core-columns-is-layout-28f84493 wp-block-columns-is-layout-flex\">\n<div class=\"wp-block-column is-layout-flow wp-block-column-is-layout-flow\">\n<figure class=\"wp-block-image size-full\"><img loading=\"lazy\" decoding=\"async\" width=\"2560\" height=\"1921\" src=\"https:\/\/veemonula.ee\/wp-content\/uploads\/2026\/02\/DSCF6375-Enhanced-NR-edited-scaled.jpg\" alt=\"\" class=\"wp-image-7135\" srcset=\"https:\/\/veemonula.ee\/wp-content\/uploads\/2026\/02\/DSCF6375-Enhanced-NR-edited-scaled.jpg 2560w, https:\/\/veemonula.ee\/wp-content\/uploads\/2026\/02\/DSCF6375-Enhanced-NR-edited-300x225.jpg 300w, https:\/\/veemonula.ee\/wp-content\/uploads\/2026\/02\/DSCF6375-Enhanced-NR-edited-1024x768.jpg 1024w, https:\/\/veemonula.ee\/wp-content\/uploads\/2026\/02\/DSCF6375-Enhanced-NR-edited-768x576.jpg 768w, https:\/\/veemonula.ee\/wp-content\/uploads\/2026\/02\/DSCF6375-Enhanced-NR-edited-1536x1152.jpg 1536w, https:\/\/veemonula.ee\/wp-content\/uploads\/2026\/02\/DSCF6375-Enhanced-NR-edited-2048x1536.jpg 2048w, https:\/\/veemonula.ee\/wp-content\/uploads\/2026\/02\/DSCF6375-Enhanced-NR-edited-1568x1176.jpg 1568w\" sizes=\"auto, (max-width: 2560px) 100vw, 2560px\" \/><\/figure>\n<\/div>\n\n\n\n<div class=\"wp-block-column is-layout-flow wp-block-column-is-layout-flow\" style=\"flex-basis:50px\"><\/div>\n\n\n\n<div class=\"wp-block-column is-vertically-aligned-center is-layout-flow wp-block-column-is-layout-flow\">\n<h2 class=\"wp-block-heading\"><strong>SAN\u0100RIJS (50\u201355 \u00b0C)<\/strong><\/h2>\n\n\n\n<p>San\u0101rijs, kur\u0101 mitruma l\u012bmenis sasniedz 40\u201355% un temperat\u016bra l\u012bdz 55 \u00b0C, sabalans\u0113tais karstuma un mitruma l\u012bmenis pozit\u012bvi iedarbojas uz asinsriti.<\/p>\n\n\n\n<p>San\u0101rijs iepriecin\u0101s tos apmekl\u0113t\u0101jus, kuriem net\u012bk liels karstums.<\/p>\n\n\n\n<p>M\u016bsu san\u0101rijs ir pla\u0161s un \u0113rts, turkl\u0101t ar\u012b pat\u012bkam\u0101s gaismas sp\u0113les glu\u017ei vai aicina taj\u0101 uzkav\u0113ties ilg\u0101k.<\/p>\n<\/div>\n<\/div>\n\n\n\n<div style=\"height:100px\" aria-hidden=\"true\" class=\"wp-block-spacer\"><\/div>\n","protected":false},"excerpt":{"rendered":"<p>TVAIKA PIRTS (50\u201355 \u00b0C) Tvaika pirt\u012b apmekl\u0113t\u0101jus ieskauj tvaika m\u0101ko\u0146i, kas bag\u0101tin\u0101ti ar pat\u012bkamu prie\u017eu \u0113terisk\u0101s e\u013c\u013cas arom\u0101tu. Siltais tvaiks att\u012bra \u0101du, uzlabojot t\u0101s tonusu un elast\u012bbu. Tvaika pirts stiprina organismu, padarot to maz\u0101k jut\u012bgu pret laikapst\u0101k\u013cu sv\u0101rst\u012bb\u0101m un veicinot notur\u012bbu pret slim\u012bb\u0101m. K\u0101 pat\u012bkams bonuss \u2013 kaloriju pat\u0113ri\u0146\u0161 un asinsrites uzlabo\u0161an\u0101s. Aromterapij\u0101 priedes \u0113terisk\u0101 [&hellip;]<\/p>\n","protected":false},"author":3,"featured_media":0,"parent":0,"menu_order":0,"comment_status":"closed","ping_status":"closed","template":"","meta":{"footnotes":""},"class_list":["post-3212","page","type-page","status-publish","hentry"],"yoast_head":"<!-- This site is optimized with the Yoast SEO plugin v27.2 - https:\/\/yoast.com\/product\/yoast-seo-wordpress\/ -->\n<title>Pirtis - Veem\u00f5nula T\u00f5rvas<\/title>\n<meta name=\"robots\" content=\"index, follow, max-snippet:-1, max-image-preview:large, max-video-preview:-1\" \/>\n<link rel=\"canonical\" href=\"https:\/\/veemonula.ee\/lv\/pirti\/\" \/>\n<meta property=\"og:locale\" content=\"lv_LV\" \/>\n<meta property=\"og:type\" content=\"article\" \/>\n<meta property=\"og:title\" content=\"Pirtis - Veem\u00f5nula T\u00f5rvas\" \/>\n<meta property=\"og:description\" content=\"TVAIKA PIRTS (50\u201355 \u00b0C) Tvaika pirt\u012b apmekl\u0113t\u0101jus ieskauj tvaika m\u0101ko\u0146i, kas bag\u0101tin\u0101ti ar pat\u012bkamu prie\u017eu \u0113terisk\u0101s e\u013c\u013cas arom\u0101tu. Siltais tvaiks att\u012bra \u0101du, uzlabojot t\u0101s tonusu un elast\u012bbu. Tvaika pirts stiprina organismu, padarot to maz\u0101k jut\u012bgu pret laikapst\u0101k\u013cu sv\u0101rst\u012bb\u0101m un veicinot notur\u012bbu pret slim\u012bb\u0101m. K\u0101 pat\u012bkams bonuss \u2013 kaloriju pat\u0113ri\u0146\u0161 un asinsrites uzlabo\u0161an\u0101s. Aromterapij\u0101 priedes \u0113terisk\u0101 [&hellip;]\" \/>\n<meta property=\"og:url\" content=\"https:\/\/veemonula.ee\/lv\/pirti\/\" \/>\n<meta property=\"og:site_name\" content=\"Veem\u00f5nula T\u00f5rvas\" \/>\n<meta property=\"article:modified_time\" content=\"2026-03-25T08:45:42+00:00\" \/>\n<meta property=\"og:image\" content=\"https:\/\/veemonula.ee\/wp-content\/uploads\/2026\/02\/Torva_veemonula_saunad.jpg\" \/>\n\t<meta property=\"og:image:width\" content=\"2048\" \/>\n\t<meta property=\"og:image:height\" content=\"1366\" \/>\n\t<meta property=\"og:image:type\" content=\"image\/jpeg\" \/>\n<meta name=\"twitter:card\" content=\"summary_large_image\" \/>\n<meta name=\"twitter:label1\" content=\"Est. reading time\" \/>\n\t<meta name=\"twitter:data1\" content=\"3 minutes\" \/>\n<script type=\"application\/ld+json\" class=\"yoast-schema-graph\">{\"@context\":\"https:\/\/schema.org\",\"@graph\":[{\"@type\":\"WebPage\",\"@id\":\"https:\/\/veemonula.ee\/lv\/pirti\/\",\"url\":\"https:\/\/veemonula.ee\/lv\/pirti\/\",\"name\":\"Pirtis - Veem\u00f5nula T\u00f5rvas\",\"isPartOf\":{\"@id\":\"https:\/\/veemonula.ee\/#website\"},\"primaryImageOfPage\":{\"@id\":\"https:\/\/veemonula.ee\/lv\/pirti\/#primaryimage\"},\"image\":{\"@id\":\"https:\/\/veemonula.ee\/lv\/pirti\/#primaryimage\"},\"thumbnailUrl\":\"https:\/\/veemonula.ee\/wp-content\/uploads\/2026\/02\/Torva_veemonula_saunad.jpg\",\"datePublished\":\"2021-12-13T09:07:31+00:00\",\"dateModified\":\"2026-03-25T08:45:42+00:00\",\"breadcrumb\":{\"@id\":\"https:\/\/veemonula.ee\/lv\/pirti\/#breadcrumb\"},\"inLanguage\":\"lv-LV\",\"potentialAction\":[{\"@type\":\"ReadAction\",\"target\":[\"https:\/\/veemonula.ee\/lv\/pirti\/\"]}]},{\"@type\":\"ImageObject\",\"inLanguage\":\"lv-LV\",\"@id\":\"https:\/\/veemonula.ee\/lv\/pirti\/#primaryimage\",\"url\":\"https:\/\/veemonula.ee\/wp-content\/uploads\/2026\/02\/Torva_veemonula_saunad.jpg\",\"contentUrl\":\"https:\/\/veemonula.ee\/wp-content\/uploads\/2026\/02\/Torva_veemonula_saunad.jpg\"},{\"@type\":\"BreadcrumbList\",\"@id\":\"https:\/\/veemonula.ee\/lv\/pirti\/#breadcrumb\",\"itemListElement\":[{\"@type\":\"ListItem\",\"position\":1,\"name\":\"Home\",\"item\":\"https:\/\/veemonula.ee\/lv\/\"},{\"@type\":\"ListItem\",\"position\":2,\"name\":\"Pirtis\"}]},{\"@type\":\"WebSite\",\"@id\":\"https:\/\/veemonula.ee\/#website\",\"url\":\"https:\/\/veemonula.ee\/\",\"name\":\"Veem\u00f5nula T\u00f5rvas\",\"description\":\"Puhkus kogu perele\",\"potentialAction\":[{\"@type\":\"SearchAction\",\"target\":{\"@type\":\"EntryPoint\",\"urlTemplate\":\"https:\/\/veemonula.ee\/?s={search_term_string}\"},\"query-input\":{\"@type\":\"PropertyValueSpecification\",\"valueRequired\":true,\"valueName\":\"search_term_string\"}}],\"inLanguage\":\"lv-LV\"}]}<\/script>\n<!-- \/ Yoast SEO plugin. -->","yoast_head_json":{"title":"Pirtis - Veem\u00f5nula T\u00f5rvas","robots":{"index":"index","follow":"follow","max-snippet":"max-snippet:-1","max-image-preview":"max-image-preview:large","max-video-preview":"max-video-preview:-1"},"canonical":"https:\/\/veemonula.ee\/lv\/pirti\/","og_locale":"lv_LV","og_type":"article","og_title":"Pirtis - Veem\u00f5nula T\u00f5rvas","og_description":"TVAIKA PIRTS (50\u201355 \u00b0C) Tvaika pirt\u012b apmekl\u0113t\u0101jus ieskauj tvaika m\u0101ko\u0146i, kas bag\u0101tin\u0101ti ar pat\u012bkamu prie\u017eu \u0113terisk\u0101s e\u013c\u013cas arom\u0101tu. Siltais tvaiks att\u012bra \u0101du, uzlabojot t\u0101s tonusu un elast\u012bbu. Tvaika pirts stiprina organismu, padarot to maz\u0101k jut\u012bgu pret laikapst\u0101k\u013cu sv\u0101rst\u012bb\u0101m un veicinot notur\u012bbu pret slim\u012bb\u0101m. K\u0101 pat\u012bkams bonuss \u2013 kaloriju pat\u0113ri\u0146\u0161 un asinsrites uzlabo\u0161an\u0101s. Aromterapij\u0101 priedes \u0113terisk\u0101 [&hellip;]","og_url":"https:\/\/veemonula.ee\/lv\/pirti\/","og_site_name":"Veem\u00f5nula T\u00f5rvas","article_modified_time":"2026-03-25T08:45:42+00:00","og_image":[{"width":2048,"height":1366,"url":"https:\/\/veemonula.ee\/wp-content\/uploads\/2026\/02\/Torva_veemonula_saunad.jpg","type":"image\/jpeg"}],"twitter_card":"summary_large_image","twitter_misc":{"Est. reading time":"3 minutes"},"schema":{"@context":"https:\/\/schema.org","@graph":[{"@type":"WebPage","@id":"https:\/\/veemonula.ee\/lv\/pirti\/","url":"https:\/\/veemonula.ee\/lv\/pirti\/","name":"Pirtis - Veem\u00f5nula T\u00f5rvas","isPartOf":{"@id":"https:\/\/veemonula.ee\/#website"},"primaryImageOfPage":{"@id":"https:\/\/veemonula.ee\/lv\/pirti\/#primaryimage"},"image":{"@id":"https:\/\/veemonula.ee\/lv\/pirti\/#primaryimage"},"thumbnailUrl":"https:\/\/veemonula.ee\/wp-content\/uploads\/2026\/02\/Torva_veemonula_saunad.jpg","datePublished":"2021-12-13T09:07:31+00:00","dateModified":"2026-03-25T08:45:42+00:00","breadcrumb":{"@id":"https:\/\/veemonula.ee\/lv\/pirti\/#breadcrumb"},"inLanguage":"lv-LV","potentialAction":[{"@type":"ReadAction","target":["https:\/\/veemonula.ee\/lv\/pirti\/"]}]},{"@type":"ImageObject","inLanguage":"lv-LV","@id":"https:\/\/veemonula.ee\/lv\/pirti\/#primaryimage","url":"https:\/\/veemonula.ee\/wp-content\/uploads\/2026\/02\/Torva_veemonula_saunad.jpg","contentUrl":"https:\/\/veemonula.ee\/wp-content\/uploads\/2026\/02\/Torva_veemonula_saunad.jpg"},{"@type":"BreadcrumbList","@id":"https:\/\/veemonula.ee\/lv\/pirti\/#breadcrumb","itemListElement":[{"@type":"ListItem","position":1,"name":"Home","item":"https:\/\/veemonula.ee\/lv\/"},{"@type":"ListItem","position":2,"name":"Pirtis"}]},{"@type":"WebSite","@id":"https:\/\/veemonula.ee\/#website","url":"https:\/\/veemonula.ee\/","name":"Veem\u00f5nula T\u00f5rvas","description":"Puhkus kogu perele","potentialAction":[{"@type":"SearchAction","target":{"@type":"EntryPoint","urlTemplate":"https:\/\/veemonula.ee\/?s={search_term_string}"},"query-input":{"@type":"PropertyValueSpecification","valueRequired":true,"valueName":"search_term_string"}}],"inLanguage":"lv-LV"}]}},"_links":{"self":[{"href":"https:\/\/veemonula.ee\/lv\/wp-json\/wp\/v2\/pages\/3212","targetHints":{"allow":["GET"]}}],"collection":[{"href":"https:\/\/veemonula.ee\/lv\/wp-json\/wp\/v2\/pages"}],"about":[{"href":"https:\/\/veemonula.ee\/lv\/wp-json\/wp\/v2\/types\/page"}],"author":[{"embeddable":true,"href":"https:\/\/veemonula.ee\/lv\/wp-json\/wp\/v2\/users\/3"}],"replies":[{"embeddable":true,"href":"https:\/\/veemonula.ee\/lv\/wp-json\/wp\/v2\/comments?post=3212"}],"version-history":[{"count":15,"href":"https:\/\/veemonula.ee\/lv\/wp-json\/wp\/v2\/pages\/3212\/revisions"}],"predecessor-version":[{"id":7969,"href":"https:\/\/veemonula.ee\/lv\/wp-json\/wp\/v2\/pages\/3212\/revisions\/7969"}],"wp:attachment":[{"href":"https:\/\/veemonula.ee\/lv\/wp-json\/wp\/v2\/media?parent=3212"}],"curies":[{"name":"wp","href":"https:\/\/api.w.org\/{rel}","templated":true}]}}