{"id":3209,"date":"2021-12-21T14:54:45","date_gmt":"2021-12-21T14:54:45","guid":{"rendered":"https:\/\/veemonula.ee\/kontaktid\/"},"modified":"2026-02-23T20:02:17","modified_gmt":"2026-02-23T18:02:17","slug":"kontakti","status":"publish","type":"page","link":"https:\/\/veemonula.ee\/lv\/kontakti\/","title":{"rendered":"Kontakti"},"content":{"rendered":"\n<div class=\"wp-block-cover alignfull is-light\" style=\"min-height:301px;aspect-ratio:unset;\"><img loading=\"lazy\" decoding=\"async\" width=\"2560\" height=\"1703\" class=\"wp-block-cover__image-background wp-image-6652 size-full\" alt=\"\" src=\"https:\/\/veemonula.ee\/wp-content\/uploads\/2026\/02\/Perekond_9124-scaled.jpg\" style=\"object-position:50% 25%\" data-object-fit=\"cover\" data-object-position=\"50% 25%\" srcset=\"https:\/\/veemonula.ee\/wp-content\/uploads\/2026\/02\/Perekond_9124-scaled.jpg 2560w, https:\/\/veemonula.ee\/wp-content\/uploads\/2026\/02\/Perekond_9124-300x200.jpg 300w, https:\/\/veemonula.ee\/wp-content\/uploads\/2026\/02\/Perekond_9124-1024x681.jpg 1024w, https:\/\/veemonula.ee\/wp-content\/uploads\/2026\/02\/Perekond_9124-768x511.jpg 768w, https:\/\/veemonula.ee\/wp-content\/uploads\/2026\/02\/Perekond_9124-1536x1022.jpg 1536w, https:\/\/veemonula.ee\/wp-content\/uploads\/2026\/02\/Perekond_9124-2048x1363.jpg 2048w, https:\/\/veemonula.ee\/wp-content\/uploads\/2026\/02\/Perekond_9124-1568x1043.jpg 1568w\" sizes=\"auto, (max-width: 2560px) 100vw, 2560px\" \/><span aria-hidden=\"true\" class=\"wp-block-cover__background has-background-dim-100 has-background-dim wp-block-cover__gradient-background has-background-gradient\" style=\"background:linear-gradient(180deg,rgb(33,33,33) 0%,rgba(155,81,224,0) 54%)\"><\/span><div class=\"wp-block-cover__inner-container is-layout-flow wp-block-cover-is-layout-flow\">\n<p class=\"has-text-align-center has-white-color has-text-color has-link-color has-large-font-size wp-elements-86522b312c94a0cbd615ce79db1fb1ad\"><\/p>\n<\/div><\/div>\n\n\n\n<div style=\"height:100px\" aria-hidden=\"true\" class=\"wp-block-spacer\"><\/div>\n\n\n\n<div class=\"wp-block-columns alignwide has-text-color is-layout-flex wp-container-core-columns-is-layout-28f84493 wp-block-columns-is-layout-flex\" style=\"color:#000000\">\n<div class=\"wp-block-column is-layout-flow wp-block-column-is-layout-flow\">\n<h3 class=\"wp-block-heading has-text-align-center\"><strong>Kontakti<\/strong><\/h3>\n\n\n\n<p class=\"has-text-align-center\"><strong>T\u00f5rva Veem\u00f5nula<\/strong><br>Puiestee 1, 68606 T\u00f5rva<br>+372 51 975 000<br><a href=\"mailto:torva@veemonula.ee\">torva@veemonula.ee<\/a><br><br><strong>T\u00f5rva VM O\u00dc <\/strong><br>Reg.kood&nbsp;16234941<br><\/p>\n<\/div>\n\n\n\n<div class=\"wp-block-column is-layout-flow wp-block-column-is-layout-flow\">\n<h3 class=\"wp-block-heading has-text-align-center\"><strong><strong>Sazi\u0146a ar mums<\/strong><\/strong><\/h3>\n\n\n\n<p class=\"has-text-align-center\"><strong>Vadit\u0101ja<\/strong><br>+372 5363 6064<br><a href=\"mailto:torva@veemonula.ee\">torva@veemonula.ee<\/a><\/p>\n\n\n\n<p class=\"has-text-align-center\"><strong>Klientu apkalpo\u0161ana<\/strong><br>+372 5197 5000<br><a href=\"mailto:admin@veemonula.ee\">admin@veemonula.ee<\/a><\/p>\n\n\n\n<p class=\"has-text-align-center\">    <strong>  M\u0101rketings un biznesa klientu piepras\u012bjumi<\/strong><br>+372 5816 2151<br><a href=\"mailto:admin@veemonula.ee\">sales@veemonula.ee<\/a><\/p>\n<\/div>\n\n\n\n<div class=\"wp-block-column is-layout-flow wp-block-column-is-layout-flow\">\n<h3 class=\"wp-block-heading has-text-align-center\"><strong>Autost\u0101vvieta<\/strong><\/h3>\n\n\n\n<p class=\"has-text-align-center\">Bezmaksas st\u0101vvietas atrodas pie \u0123imn\u0101zijas un atp\u016btas centra \u201cT\u00f5rva Veem\u00f5nula\u201d.<\/p>\n\n\n\n<div style=\"height:20px\" aria-hidden=\"true\" class=\"wp-block-spacer\"><\/div>\n<\/div>\n<\/div>\n\n\n\n<div style=\"height:81px\" aria-hidden=\"true\" class=\"wp-block-spacer\"><\/div>\n\n\n\n<p><\/p>\n","protected":false},"excerpt":{"rendered":"<p>Kontakti T\u00f5rva Veem\u00f5nulaPuiestee 1, 68606 T\u00f5rva+372 51 975 000torva@veemonula.ee T\u00f5rva VM O\u00dc Reg.kood&nbsp;16234941 Sazi\u0146a ar mums Vadit\u0101ja+372 5363 6064torva@veemonula.ee Klientu apkalpo\u0161ana+372 5197 5000admin@veemonula.ee M\u0101rketings un biznesa klientu piepras\u012bjumi+372 5816 2151sales@veemonula.ee Autost\u0101vvieta Bezmaksas st\u0101vvietas atrodas pie \u0123imn\u0101zijas un atp\u016btas centra \u201cT\u00f5rva Veem\u00f5nula\u201d.<\/p>\n","protected":false},"author":3,"featured_media":0,"parent":0,"menu_order":0,"comment_status":"closed","ping_status":"closed","template":"","meta":{"footnotes":""},"class_list":["post-3209","page","type-page","status-publish","hentry"],"yoast_head":"<!-- This site is optimized with the Yoast SEO plugin v27.2 - https:\/\/yoast.com\/product\/yoast-seo-wordpress\/ -->\n<title>Kontakti - Veem\u00f5nula T\u00f5rvas<\/title>\n<meta name=\"robots\" content=\"index, follow, max-snippet:-1, max-image-preview:large, max-video-preview:-1\" \/>\n<link rel=\"canonical\" href=\"https:\/\/veemonula.ee\/lv\/kontakti\/\" \/>\n<meta property=\"og:locale\" content=\"lv_LV\" \/>\n<meta property=\"og:type\" content=\"article\" \/>\n<meta property=\"og:title\" content=\"Kontakti - Veem\u00f5nula T\u00f5rvas\" \/>\n<meta property=\"og:description\" content=\"Kontakti T\u00f5rva Veem\u00f5nulaPuiestee 1, 68606 T\u00f5rva+372 51 975 000torva@veemonula.ee T\u00f5rva VM O\u00dc Reg.kood&nbsp;16234941 Sazi\u0146a ar mums Vadit\u0101ja+372 5363 6064torva@veemonula.ee Klientu apkalpo\u0161ana+372 5197 5000admin@veemonula.ee M\u0101rketings un biznesa klientu piepras\u012bjumi+372 5816 2151sales@veemonula.ee Autost\u0101vvieta Bezmaksas st\u0101vvietas atrodas pie \u0123imn\u0101zijas un atp\u016btas centra \u201cT\u00f5rva Veem\u00f5nula\u201d.\" \/>\n<meta property=\"og:url\" content=\"https:\/\/veemonula.ee\/lv\/kontakti\/\" \/>\n<meta property=\"og:site_name\" content=\"Veem\u00f5nula T\u00f5rvas\" \/>\n<meta property=\"article:modified_time\" content=\"2026-02-23T18:02:17+00:00\" \/>\n<meta property=\"og:image\" content=\"https:\/\/veemonula.ee\/wp-content\/uploads\/2026\/02\/Perekond_9124-scaled.jpg\" \/>\n\t<meta property=\"og:image:width\" content=\"2560\" \/>\n\t<meta property=\"og:image:height\" content=\"1703\" \/>\n\t<meta property=\"og:image:type\" content=\"image\/jpeg\" \/>\n<meta name=\"twitter:card\" content=\"summary_large_image\" \/>\n<meta name=\"twitter:label1\" content=\"Est. reading time\" \/>\n\t<meta name=\"twitter:data1\" content=\"1 minute\" \/>\n<script type=\"application\/ld+json\" class=\"yoast-schema-graph\">{\"@context\":\"https:\/\/schema.org\",\"@graph\":[{\"@type\":\"WebPage\",\"@id\":\"https:\/\/veemonula.ee\/lv\/kontakti\/\",\"url\":\"https:\/\/veemonula.ee\/lv\/kontakti\/\",\"name\":\"Kontakti - Veem\u00f5nula T\u00f5rvas\",\"isPartOf\":{\"@id\":\"https:\/\/veemonula.ee\/#website\"},\"primaryImageOfPage\":{\"@id\":\"https:\/\/veemonula.ee\/lv\/kontakti\/#primaryimage\"},\"image\":{\"@id\":\"https:\/\/veemonula.ee\/lv\/kontakti\/#primaryimage\"},\"thumbnailUrl\":\"https:\/\/veemonula.ee\/wp-content\/uploads\/2026\/02\/Perekond_9124-scaled.jpg\",\"datePublished\":\"2021-12-21T14:54:45+00:00\",\"dateModified\":\"2026-02-23T18:02:17+00:00\",\"breadcrumb\":{\"@id\":\"https:\/\/veemonula.ee\/lv\/kontakti\/#breadcrumb\"},\"inLanguage\":\"lv-LV\",\"potentialAction\":[{\"@type\":\"ReadAction\",\"target\":[\"https:\/\/veemonula.ee\/lv\/kontakti\/\"]}]},{\"@type\":\"ImageObject\",\"inLanguage\":\"lv-LV\",\"@id\":\"https:\/\/veemonula.ee\/lv\/kontakti\/#primaryimage\",\"url\":\"https:\/\/veemonula.ee\/wp-content\/uploads\/2026\/02\/Perekond_9124-scaled.jpg\",\"contentUrl\":\"https:\/\/veemonula.ee\/wp-content\/uploads\/2026\/02\/Perekond_9124-scaled.jpg\"},{\"@type\":\"BreadcrumbList\",\"@id\":\"https:\/\/veemonula.ee\/lv\/kontakti\/#breadcrumb\",\"itemListElement\":[{\"@type\":\"ListItem\",\"position\":1,\"name\":\"Home\",\"item\":\"https:\/\/veemonula.ee\/lv\/\"},{\"@type\":\"ListItem\",\"position\":2,\"name\":\"Kontakti\"}]},{\"@type\":\"WebSite\",\"@id\":\"https:\/\/veemonula.ee\/#website\",\"url\":\"https:\/\/veemonula.ee\/\",\"name\":\"Veem\u00f5nula T\u00f5rvas\",\"description\":\"Puhkus kogu perele\",\"potentialAction\":[{\"@type\":\"SearchAction\",\"target\":{\"@type\":\"EntryPoint\",\"urlTemplate\":\"https:\/\/veemonula.ee\/?s={search_term_string}\"},\"query-input\":{\"@type\":\"PropertyValueSpecification\",\"valueRequired\":true,\"valueName\":\"search_term_string\"}}],\"inLanguage\":\"lv-LV\"}]}<\/script>\n<!-- \/ Yoast SEO plugin. -->","yoast_head_json":{"title":"Kontakti - Veem\u00f5nula T\u00f5rvas","robots":{"index":"index","follow":"follow","max-snippet":"max-snippet:-1","max-image-preview":"max-image-preview:large","max-video-preview":"max-video-preview:-1"},"canonical":"https:\/\/veemonula.ee\/lv\/kontakti\/","og_locale":"lv_LV","og_type":"article","og_title":"Kontakti - Veem\u00f5nula T\u00f5rvas","og_description":"Kontakti T\u00f5rva Veem\u00f5nulaPuiestee 1, 68606 T\u00f5rva+372 51 975 000torva@veemonula.ee T\u00f5rva VM O\u00dc Reg.kood&nbsp;16234941 Sazi\u0146a ar mums Vadit\u0101ja+372 5363 6064torva@veemonula.ee Klientu apkalpo\u0161ana+372 5197 5000admin@veemonula.ee M\u0101rketings un biznesa klientu piepras\u012bjumi+372 5816 2151sales@veemonula.ee Autost\u0101vvieta Bezmaksas st\u0101vvietas atrodas pie \u0123imn\u0101zijas un atp\u016btas centra \u201cT\u00f5rva Veem\u00f5nula\u201d.","og_url":"https:\/\/veemonula.ee\/lv\/kontakti\/","og_site_name":"Veem\u00f5nula T\u00f5rvas","article_modified_time":"2026-02-23T18:02:17+00:00","og_image":[{"width":2560,"height":1703,"url":"https:\/\/veemonula.ee\/wp-content\/uploads\/2026\/02\/Perekond_9124-scaled.jpg","type":"image\/jpeg"}],"twitter_card":"summary_large_image","twitter_misc":{"Est. reading time":"1 minute"},"schema":{"@context":"https:\/\/schema.org","@graph":[{"@type":"WebPage","@id":"https:\/\/veemonula.ee\/lv\/kontakti\/","url":"https:\/\/veemonula.ee\/lv\/kontakti\/","name":"Kontakti - Veem\u00f5nula T\u00f5rvas","isPartOf":{"@id":"https:\/\/veemonula.ee\/#website"},"primaryImageOfPage":{"@id":"https:\/\/veemonula.ee\/lv\/kontakti\/#primaryimage"},"image":{"@id":"https:\/\/veemonula.ee\/lv\/kontakti\/#primaryimage"},"thumbnailUrl":"https:\/\/veemonula.ee\/wp-content\/uploads\/2026\/02\/Perekond_9124-scaled.jpg","datePublished":"2021-12-21T14:54:45+00:00","dateModified":"2026-02-23T18:02:17+00:00","breadcrumb":{"@id":"https:\/\/veemonula.ee\/lv\/kontakti\/#breadcrumb"},"inLanguage":"lv-LV","potentialAction":[{"@type":"ReadAction","target":["https:\/\/veemonula.ee\/lv\/kontakti\/"]}]},{"@type":"ImageObject","inLanguage":"lv-LV","@id":"https:\/\/veemonula.ee\/lv\/kontakti\/#primaryimage","url":"https:\/\/veemonula.ee\/wp-content\/uploads\/2026\/02\/Perekond_9124-scaled.jpg","contentUrl":"https:\/\/veemonula.ee\/wp-content\/uploads\/2026\/02\/Perekond_9124-scaled.jpg"},{"@type":"BreadcrumbList","@id":"https:\/\/veemonula.ee\/lv\/kontakti\/#breadcrumb","itemListElement":[{"@type":"ListItem","position":1,"name":"Home","item":"https:\/\/veemonula.ee\/lv\/"},{"@type":"ListItem","position":2,"name":"Kontakti"}]},{"@type":"WebSite","@id":"https:\/\/veemonula.ee\/#website","url":"https:\/\/veemonula.ee\/","name":"Veem\u00f5nula T\u00f5rvas","description":"Puhkus kogu perele","potentialAction":[{"@type":"SearchAction","target":{"@type":"EntryPoint","urlTemplate":"https:\/\/veemonula.ee\/?s={search_term_string}"},"query-input":{"@type":"PropertyValueSpecification","valueRequired":true,"valueName":"search_term_string"}}],"inLanguage":"lv-LV"}]}},"_links":{"self":[{"href":"https:\/\/veemonula.ee\/lv\/wp-json\/wp\/v2\/pages\/3209","targetHints":{"allow":["GET"]}}],"collection":[{"href":"https:\/\/veemonula.ee\/lv\/wp-json\/wp\/v2\/pages"}],"about":[{"href":"https:\/\/veemonula.ee\/lv\/wp-json\/wp\/v2\/types\/page"}],"author":[{"embeddable":true,"href":"https:\/\/veemonula.ee\/lv\/wp-json\/wp\/v2\/users\/3"}],"replies":[{"embeddable":true,"href":"https:\/\/veemonula.ee\/lv\/wp-json\/wp\/v2\/comments?post=3209"}],"version-history":[{"count":14,"href":"https:\/\/veemonula.ee\/lv\/wp-json\/wp\/v2\/pages\/3209\/revisions"}],"predecessor-version":[{"id":7641,"href":"https:\/\/veemonula.ee\/lv\/wp-json\/wp\/v2\/pages\/3209\/revisions\/7641"}],"wp:attachment":[{"href":"https:\/\/veemonula.ee\/lv\/wp-json\/wp\/v2\/media?parent=3209"}],"curies":[{"name":"wp","href":"https:\/\/api.w.org\/{rel}","templated":true}]}}