{"id":3204,"date":"2021-12-07T12:48:08","date_gmt":"2021-12-07T12:48:08","guid":{"rendered":"https:\/\/veemonula.ee\/kinkekaardid\/"},"modified":"2026-03-25T15:42:09","modified_gmt":"2026-03-25T13:42:09","slug":"davanu-karte","status":"publish","type":"page","link":"https:\/\/veemonula.ee\/lv\/davanu-karte\/","title":{"rendered":"D\u0101vanu Karte"},"content":{"rendered":"\n<div class=\"wp-block-cover alignfull\" style=\"min-height:301px;aspect-ratio:unset;\"><img loading=\"lazy\" decoding=\"async\" width=\"2560\" height=\"1707\" class=\"wp-block-cover__image-background wp-image-8037 size-full\" alt=\"\" src=\"https:\/\/veemonula.ee\/wp-content\/uploads\/2026\/03\/Torva_Magnus_Heinmets-5354-scaled.jpg\" data-object-fit=\"cover\" srcset=\"https:\/\/veemonula.ee\/wp-content\/uploads\/2026\/03\/Torva_Magnus_Heinmets-5354-scaled.jpg 2560w, https:\/\/veemonula.ee\/wp-content\/uploads\/2026\/03\/Torva_Magnus_Heinmets-5354-300x200.jpg 300w, https:\/\/veemonula.ee\/wp-content\/uploads\/2026\/03\/Torva_Magnus_Heinmets-5354-1024x683.jpg 1024w, https:\/\/veemonula.ee\/wp-content\/uploads\/2026\/03\/Torva_Magnus_Heinmets-5354-768x512.jpg 768w, https:\/\/veemonula.ee\/wp-content\/uploads\/2026\/03\/Torva_Magnus_Heinmets-5354-1536x1024.jpg 1536w, https:\/\/veemonula.ee\/wp-content\/uploads\/2026\/03\/Torva_Magnus_Heinmets-5354-2048x1366.jpg 2048w, https:\/\/veemonula.ee\/wp-content\/uploads\/2026\/03\/Torva_Magnus_Heinmets-5354-1568x1046.jpg 1568w\" sizes=\"auto, (max-width: 2560px) 100vw, 2560px\" \/><span aria-hidden=\"true\" class=\"wp-block-cover__background has-background-dim-60 has-background-dim wp-block-cover__gradient-background has-background-gradient\" style=\"background:linear-gradient(180deg,rgb(33,33,33) 0%,rgba(155,81,224,0) 51%)\"><\/span><div class=\"wp-block-cover__inner-container is-layout-flow wp-block-cover-is-layout-flow\">\n<h1 class=\"wp-block-heading has-text-align-center\"><\/h1>\n\n\n\n<p><\/p>\n<\/div><\/div>\n\n\n\n<div style=\"height:100px\" aria-hidden=\"true\" class=\"wp-block-spacer\"><\/div>\n\n\n\n<div class=\"wp-block-columns alignwide are-vertically-aligned-center is-layout-flex wp-container-core-columns-is-layout-28f84493 wp-block-columns-is-layout-flex\">\n<div class=\"wp-block-column is-vertically-aligned-center is-layout-flow wp-block-column-is-layout-flow\">\n<h2 class=\"wp-block-heading\"><strong>D\u0100VANU KARTE<\/strong><\/h2>\n\n\n\n<p>Lab\u0101k\u0101 d\u0101vana ir uzmundrino\u0161a atp\u016bta \u2013 iesp\u0113ja uz br\u012bdi izrauties no ikdienas rut\u012bnas un \u013cauties \u012bstai relaks\u0101cijai. \u016adens atp\u016btas centra \u201cT\u00f5rva Veem\u00f5nula\u201d d\u0101vanu karte iepriecin\u0101s gan j\u016bsu tuviniekus un draugus, gan kol\u0113\u0123us un sadarb\u012bbas partnerus. \u016adens un pirts prieki n\u0101k par labu ikvienam \u2013 uzd\u0101viniet piedz\u012bvojumu, kas ilgi paliks atmi\u0146\u0101!<br><br>Pied\u0101v\u0101jam da\u017e\u0101du v\u0113rt\u012bbu d\u0101vanu kartes: summa 10&nbsp;\u20ac, 25&nbsp;\u20ac un 50&nbsp;\u20ac<\/p>\n\n\n\n<p><br><strong>Virtu\u0101lo d\u0101vanu karti, ar kuru var nor\u0113\u0137in\u0101ties gan par izmitin\u0101\u0161anu, gan \u0113dieniem un dz\u0113rieniem, var ieg\u0101d\u0101ties, rakstot uz e-pastu torva@veemonula.ee.<\/strong> D\u0101vanu kartes druk\u0101t\u0101 veid\u0101 var sa\u0146emt uz vietas.<\/p>\n\n\n\n<p><br>Ja pirkums p\u0101rsniedz d\u0101vanu kartes summu, atliku\u0161o maks\u0101juma da\u013cu var veikt skaidr\u0101 naud\u0101 vai ar karti. D\u0101vanu karti var izmantot atk\u0101rtoti l\u012bdz nor\u0101d\u012bt\u0101s summas izlieto\u0161anai.<br><br>D\u0101vanu kartes der\u012bguma termi\u0146\u0161 ir viens gads no ieg\u0101des datuma. Cena no 10 eiro.<\/p>\n\n\n\n<p><br><\/p>\n\n\n\n<div class=\"wp-block-buttons is-layout-flex wp-block-buttons-is-layout-flex\">\n<div class=\"wp-block-button\"><a class=\"wp-block-button__link wp-element-button\" href=\"mailto:admin@veemonula.ee\">IEG\u0100D\u0100TIES D\u0100VANU KARTI (TIKAI NAK\u0160\u0145O\u0160ANAI)<\/a><\/div>\n<\/div>\n<\/div>\n\n\n\n<div class=\"wp-block-column is-vertically-aligned-center is-layout-flow wp-block-column-is-layout-flow\" style=\"flex-basis:50px\"><\/div>\n\n\n\n<div class=\"wp-block-column is-vertically-aligned-center is-layout-flow wp-block-column-is-layout-flow\">\n<figure class=\"wp-block-image size-full\"><img loading=\"lazy\" decoding=\"async\" width=\"2560\" height=\"1559\" src=\"https:\/\/veemonula.ee\/wp-content\/uploads\/2021\/09\/Kinkekaart_9176-scaled.jpg\" alt=\"\" class=\"wp-image-6181\" srcset=\"https:\/\/veemonula.ee\/wp-content\/uploads\/2021\/09\/Kinkekaart_9176-scaled.jpg 2560w, https:\/\/veemonula.ee\/wp-content\/uploads\/2021\/09\/Kinkekaart_9176-300x183.jpg 300w, https:\/\/veemonula.ee\/wp-content\/uploads\/2021\/09\/Kinkekaart_9176-1024x624.jpg 1024w, https:\/\/veemonula.ee\/wp-content\/uploads\/2021\/09\/Kinkekaart_9176-768x468.jpg 768w, https:\/\/veemonula.ee\/wp-content\/uploads\/2021\/09\/Kinkekaart_9176-1536x936.jpg 1536w, https:\/\/veemonula.ee\/wp-content\/uploads\/2021\/09\/Kinkekaart_9176-2048x1247.jpg 2048w, https:\/\/veemonula.ee\/wp-content\/uploads\/2021\/09\/Kinkekaart_9176-1568x955.jpg 1568w\" sizes=\"auto, (max-width: 2560px) 100vw, 2560px\" \/><\/figure>\n<\/div>\n<\/div>\n\n\n\n<div style=\"height:100px\" aria-hidden=\"true\" class=\"wp-block-spacer\"><\/div>\n","protected":false},"excerpt":{"rendered":"<p>D\u0100VANU KARTE Lab\u0101k\u0101 d\u0101vana ir uzmundrino\u0161a atp\u016bta \u2013 iesp\u0113ja uz br\u012bdi izrauties no ikdienas rut\u012bnas un \u013cauties \u012bstai relaks\u0101cijai. \u016adens atp\u016btas centra \u201cT\u00f5rva Veem\u00f5nula\u201d d\u0101vanu karte iepriecin\u0101s gan j\u016bsu tuviniekus un draugus, gan kol\u0113\u0123us un sadarb\u012bbas partnerus. \u016adens un pirts prieki n\u0101k par labu ikvienam \u2013 uzd\u0101viniet piedz\u012bvojumu, kas ilgi paliks atmi\u0146\u0101! Pied\u0101v\u0101jam da\u017e\u0101du v\u0113rt\u012bbu [&hellip;]<\/p>\n","protected":false},"author":2,"featured_media":0,"parent":0,"menu_order":0,"comment_status":"closed","ping_status":"closed","template":"","meta":{"footnotes":""},"class_list":["post-3204","page","type-page","status-publish","hentry"],"yoast_head":"<!-- This site is optimized with the Yoast SEO plugin v27.2 - https:\/\/yoast.com\/product\/yoast-seo-wordpress\/ -->\n<title>D\u0101vanu Karte - Veem\u00f5nula T\u00f5rvas<\/title>\n<meta name=\"description\" content=\"D\u0101v\u0101nu karte iepriekos visus J\u016bsu draugus, kol\u0113\u0123us, darba partnierus. Ieg\u0101d\u0101ties var d\u0101vnu kart\u012btes da\u017eadas summas 10\u20ac, 25\u20ac un 50\u20ac.\" \/>\n<meta name=\"robots\" content=\"index, follow, max-snippet:-1, max-image-preview:large, max-video-preview:-1\" \/>\n<link rel=\"canonical\" href=\"https:\/\/veemonula.ee\/lv\/davanu-karte\/\" \/>\n<meta property=\"og:locale\" content=\"lv_LV\" \/>\n<meta property=\"og:type\" content=\"article\" \/>\n<meta property=\"og:title\" content=\"D\u0101vanu Karte - Veem\u00f5nula T\u00f5rvas\" \/>\n<meta property=\"og:description\" content=\"D\u0101v\u0101nu karte iepriekos visus J\u016bsu draugus, kol\u0113\u0123us, darba partnierus. Ieg\u0101d\u0101ties var d\u0101vnu kart\u012btes da\u017eadas summas 10\u20ac, 25\u20ac un 50\u20ac.\" \/>\n<meta property=\"og:url\" content=\"https:\/\/veemonula.ee\/lv\/davanu-karte\/\" \/>\n<meta property=\"og:site_name\" content=\"Veem\u00f5nula T\u00f5rvas\" \/>\n<meta property=\"article:modified_time\" content=\"2026-03-25T13:42:09+00:00\" \/>\n<meta property=\"og:image\" content=\"https:\/\/veemonula.ee\/wp-content\/uploads\/2026\/03\/Torva_Magnus_Heinmets-5354-scaled.jpg\" \/>\n\t<meta property=\"og:image:width\" content=\"2560\" \/>\n\t<meta property=\"og:image:height\" content=\"1707\" \/>\n\t<meta property=\"og:image:type\" content=\"image\/jpeg\" \/>\n<meta name=\"twitter:card\" content=\"summary_large_image\" \/>\n<meta name=\"twitter:label1\" content=\"Est. reading time\" \/>\n\t<meta name=\"twitter:data1\" content=\"1 minute\" \/>\n<script type=\"application\/ld+json\" class=\"yoast-schema-graph\">{\"@context\":\"https:\/\/schema.org\",\"@graph\":[{\"@type\":\"WebPage\",\"@id\":\"https:\/\/veemonula.ee\/lv\/davanu-karte\/\",\"url\":\"https:\/\/veemonula.ee\/lv\/davanu-karte\/\",\"name\":\"D\u0101vanu Karte - Veem\u00f5nula T\u00f5rvas\",\"isPartOf\":{\"@id\":\"https:\/\/veemonula.ee\/#website\"},\"primaryImageOfPage\":{\"@id\":\"https:\/\/veemonula.ee\/lv\/davanu-karte\/#primaryimage\"},\"image\":{\"@id\":\"https:\/\/veemonula.ee\/lv\/davanu-karte\/#primaryimage\"},\"thumbnailUrl\":\"https:\/\/veemonula.ee\/wp-content\/uploads\/2026\/03\/Torva_Magnus_Heinmets-5354-scaled.jpg\",\"datePublished\":\"2021-12-07T12:48:08+00:00\",\"dateModified\":\"2026-03-25T13:42:09+00:00\",\"description\":\"D\u0101v\u0101nu karte iepriekos visus J\u016bsu draugus, kol\u0113\u0123us, darba partnierus. Ieg\u0101d\u0101ties var d\u0101vnu kart\u012btes da\u017eadas summas 10\u20ac, 25\u20ac un 50\u20ac.\",\"breadcrumb\":{\"@id\":\"https:\/\/veemonula.ee\/lv\/davanu-karte\/#breadcrumb\"},\"inLanguage\":\"lv-LV\",\"potentialAction\":[{\"@type\":\"ReadAction\",\"target\":[\"https:\/\/veemonula.ee\/lv\/davanu-karte\/\"]}]},{\"@type\":\"ImageObject\",\"inLanguage\":\"lv-LV\",\"@id\":\"https:\/\/veemonula.ee\/lv\/davanu-karte\/#primaryimage\",\"url\":\"https:\/\/veemonula.ee\/wp-content\/uploads\/2026\/03\/Torva_Magnus_Heinmets-5354-scaled.jpg\",\"contentUrl\":\"https:\/\/veemonula.ee\/wp-content\/uploads\/2026\/03\/Torva_Magnus_Heinmets-5354-scaled.jpg\"},{\"@type\":\"BreadcrumbList\",\"@id\":\"https:\/\/veemonula.ee\/lv\/davanu-karte\/#breadcrumb\",\"itemListElement\":[{\"@type\":\"ListItem\",\"position\":1,\"name\":\"Home\",\"item\":\"https:\/\/veemonula.ee\/lv\/\"},{\"@type\":\"ListItem\",\"position\":2,\"name\":\"D\u0101vanu Karte\"}]},{\"@type\":\"WebSite\",\"@id\":\"https:\/\/veemonula.ee\/#website\",\"url\":\"https:\/\/veemonula.ee\/\",\"name\":\"Veem\u00f5nula T\u00f5rvas\",\"description\":\"Puhkus kogu perele\",\"potentialAction\":[{\"@type\":\"SearchAction\",\"target\":{\"@type\":\"EntryPoint\",\"urlTemplate\":\"https:\/\/veemonula.ee\/?s={search_term_string}\"},\"query-input\":{\"@type\":\"PropertyValueSpecification\",\"valueRequired\":true,\"valueName\":\"search_term_string\"}}],\"inLanguage\":\"lv-LV\"}]}<\/script>\n<!-- \/ Yoast SEO plugin. -->","yoast_head_json":{"title":"D\u0101vanu Karte - Veem\u00f5nula T\u00f5rvas","description":"D\u0101v\u0101nu karte iepriekos visus J\u016bsu draugus, kol\u0113\u0123us, darba partnierus. Ieg\u0101d\u0101ties var d\u0101vnu kart\u012btes da\u017eadas summas 10\u20ac, 25\u20ac un 50\u20ac.","robots":{"index":"index","follow":"follow","max-snippet":"max-snippet:-1","max-image-preview":"max-image-preview:large","max-video-preview":"max-video-preview:-1"},"canonical":"https:\/\/veemonula.ee\/lv\/davanu-karte\/","og_locale":"lv_LV","og_type":"article","og_title":"D\u0101vanu Karte - Veem\u00f5nula T\u00f5rvas","og_description":"D\u0101v\u0101nu karte iepriekos visus J\u016bsu draugus, kol\u0113\u0123us, darba partnierus. Ieg\u0101d\u0101ties var d\u0101vnu kart\u012btes da\u017eadas summas 10\u20ac, 25\u20ac un 50\u20ac.","og_url":"https:\/\/veemonula.ee\/lv\/davanu-karte\/","og_site_name":"Veem\u00f5nula T\u00f5rvas","article_modified_time":"2026-03-25T13:42:09+00:00","og_image":[{"width":2560,"height":1707,"url":"https:\/\/veemonula.ee\/wp-content\/uploads\/2026\/03\/Torva_Magnus_Heinmets-5354-scaled.jpg","type":"image\/jpeg"}],"twitter_card":"summary_large_image","twitter_misc":{"Est. reading time":"1 minute"},"schema":{"@context":"https:\/\/schema.org","@graph":[{"@type":"WebPage","@id":"https:\/\/veemonula.ee\/lv\/davanu-karte\/","url":"https:\/\/veemonula.ee\/lv\/davanu-karte\/","name":"D\u0101vanu Karte - Veem\u00f5nula T\u00f5rvas","isPartOf":{"@id":"https:\/\/veemonula.ee\/#website"},"primaryImageOfPage":{"@id":"https:\/\/veemonula.ee\/lv\/davanu-karte\/#primaryimage"},"image":{"@id":"https:\/\/veemonula.ee\/lv\/davanu-karte\/#primaryimage"},"thumbnailUrl":"https:\/\/veemonula.ee\/wp-content\/uploads\/2026\/03\/Torva_Magnus_Heinmets-5354-scaled.jpg","datePublished":"2021-12-07T12:48:08+00:00","dateModified":"2026-03-25T13:42:09+00:00","description":"D\u0101v\u0101nu karte iepriekos visus J\u016bsu draugus, kol\u0113\u0123us, darba partnierus. Ieg\u0101d\u0101ties var d\u0101vnu kart\u012btes da\u017eadas summas 10\u20ac, 25\u20ac un 50\u20ac.","breadcrumb":{"@id":"https:\/\/veemonula.ee\/lv\/davanu-karte\/#breadcrumb"},"inLanguage":"lv-LV","potentialAction":[{"@type":"ReadAction","target":["https:\/\/veemonula.ee\/lv\/davanu-karte\/"]}]},{"@type":"ImageObject","inLanguage":"lv-LV","@id":"https:\/\/veemonula.ee\/lv\/davanu-karte\/#primaryimage","url":"https:\/\/veemonula.ee\/wp-content\/uploads\/2026\/03\/Torva_Magnus_Heinmets-5354-scaled.jpg","contentUrl":"https:\/\/veemonula.ee\/wp-content\/uploads\/2026\/03\/Torva_Magnus_Heinmets-5354-scaled.jpg"},{"@type":"BreadcrumbList","@id":"https:\/\/veemonula.ee\/lv\/davanu-karte\/#breadcrumb","itemListElement":[{"@type":"ListItem","position":1,"name":"Home","item":"https:\/\/veemonula.ee\/lv\/"},{"@type":"ListItem","position":2,"name":"D\u0101vanu Karte"}]},{"@type":"WebSite","@id":"https:\/\/veemonula.ee\/#website","url":"https:\/\/veemonula.ee\/","name":"Veem\u00f5nula T\u00f5rvas","description":"Puhkus kogu perele","potentialAction":[{"@type":"SearchAction","target":{"@type":"EntryPoint","urlTemplate":"https:\/\/veemonula.ee\/?s={search_term_string}"},"query-input":{"@type":"PropertyValueSpecification","valueRequired":true,"valueName":"search_term_string"}}],"inLanguage":"lv-LV"}]}},"_links":{"self":[{"href":"https:\/\/veemonula.ee\/lv\/wp-json\/wp\/v2\/pages\/3204","targetHints":{"allow":["GET"]}}],"collection":[{"href":"https:\/\/veemonula.ee\/lv\/wp-json\/wp\/v2\/pages"}],"about":[{"href":"https:\/\/veemonula.ee\/lv\/wp-json\/wp\/v2\/types\/page"}],"author":[{"embeddable":true,"href":"https:\/\/veemonula.ee\/lv\/wp-json\/wp\/v2\/users\/2"}],"replies":[{"embeddable":true,"href":"https:\/\/veemonula.ee\/lv\/wp-json\/wp\/v2\/comments?post=3204"}],"version-history":[{"count":17,"href":"https:\/\/veemonula.ee\/lv\/wp-json\/wp\/v2\/pages\/3204\/revisions"}],"predecessor-version":[{"id":8142,"href":"https:\/\/veemonula.ee\/lv\/wp-json\/wp\/v2\/pages\/3204\/revisions\/8142"}],"wp:attachment":[{"href":"https:\/\/veemonula.ee\/lv\/wp-json\/wp\/v2\/media?parent=3204"}],"curies":[{"name":"wp","href":"https:\/\/api.w.org\/{rel}","templated":true}]}}