{"id":3144,"date":"2021-12-20T13:50:44","date_gmt":"2021-12-20T13:50:44","guid":{"rendered":"https:\/\/veemonula.ee\/hea-tava\/"},"modified":"2026-03-25T11:38:35","modified_gmt":"2026-03-25T09:38:35","slug":"ieksejas-kartibas-noteikumi","status":"publish","type":"page","link":"https:\/\/veemonula.ee\/lv\/ieksejas-kartibas-noteikumi\/","title":{"rendered":"Iek\u0161\u0113j\u0101s k\u0101rt\u012bbas noteikumi"},"content":{"rendered":"\n<div class=\"wp-block-cover alignfull\" style=\"min-height:301px;aspect-ratio:unset;\"><img loading=\"lazy\" decoding=\"async\" width=\"1920\" height=\"1280\" class=\"wp-block-cover__image-background wp-image-8050 size-full\" alt=\"\" src=\"https:\/\/veemonula.ee\/wp-content\/uploads\/2026\/03\/Torva_ujula_veeb.jpg\" style=\"object-position:50% 55%\" data-object-fit=\"cover\" data-object-position=\"50% 55%\" srcset=\"https:\/\/veemonula.ee\/wp-content\/uploads\/2026\/03\/Torva_ujula_veeb.jpg 1920w, https:\/\/veemonula.ee\/wp-content\/uploads\/2026\/03\/Torva_ujula_veeb-300x200.jpg 300w, https:\/\/veemonula.ee\/wp-content\/uploads\/2026\/03\/Torva_ujula_veeb-1024x683.jpg 1024w, https:\/\/veemonula.ee\/wp-content\/uploads\/2026\/03\/Torva_ujula_veeb-768x512.jpg 768w, https:\/\/veemonula.ee\/wp-content\/uploads\/2026\/03\/Torva_ujula_veeb-1536x1024.jpg 1536w, https:\/\/veemonula.ee\/wp-content\/uploads\/2026\/03\/Torva_ujula_veeb-1568x1045.jpg 1568w\" sizes=\"auto, (max-width: 1920px) 100vw, 1920px\" \/><span aria-hidden=\"true\" class=\"wp-block-cover__background has-background-dim-60 has-background-dim wp-block-cover__gradient-background has-background-gradient\" style=\"background:linear-gradient(180deg,rgb(33,33,33) 0%,rgba(155,81,224,0) 47%)\"><\/span><div class=\"wp-block-cover__inner-container is-layout-flow wp-block-cover-is-layout-flow\">\n<h1 class=\"wp-block-heading has-text-align-center\"><\/h1>\n<\/div><\/div>\n\n\n\n<div style=\"height:100px\" aria-hidden=\"true\" class=\"wp-block-spacer\"><\/div>\n\n\n\n<h2 class=\"wp-block-heading\"><strong>LAIPNI L\u016aGTI \u016aDENS UN PIRTS CENTR\u0100 \u201cT\u00d5RVA VEEM\u00d5NULA\u201d!<\/strong><meta charset=\"utf-8\"><\/meta><\/h2>\n\n\n\n<div style=\"height:10px\" aria-hidden=\"true\" class=\"wp-block-spacer\"><\/div>\n\n\n\n<div class=\"wp-block-columns is-layout-flex wp-container-core-columns-is-layout-28f84493 wp-block-columns-is-layout-flex\">\n<div class=\"wp-block-column is-layout-flow wp-block-column-is-layout-flow\">\n<ul class=\"wp-block-list\">\n<li>Viena apmekl\u0113juma laiks ir 2 stundas.<br><\/li>\n\n\n\n<li>Pa\u0161\u0101m maz\u0101kaj\u0101m \u0123imenes atvas\u012bt\u0113m atbilsto\u0161i vajadz\u012bbai ieteicams lietot peld\u0113\u0161anai paredz\u0113t\u0101s auti\u0146biks\u012btes.&nbsp;<br><\/li>\n\n\n\n<li>B\u0113rni l\u012bdz 10 gadu vecumam \u016bdens un pirts centru var apmekl\u0113t tikai pieaugu\u0161\u0101 pavad\u012bb\u0101, kas atbild par b\u0113rna uzved\u012bbu un dro\u0161\u012bbu.<br><\/li>\n\n\n\n<li>Nemainieties sav\u0101 starp\u0101 ar aproc\u0113m un neiznesiet t\u0101s no \u016bdens un pirts centra. Par aproces nozaud\u0113\u0161anu j\u0101maks\u0101 50 eiro kompens\u0101cija.<br><\/li>\n\n\n\n<li>Lai \u016bdens un pirts centra peldbaseina b\u0101r\u0101 vai kafejn\u012bc\u0101 ieg\u0101d\u0101tos dz\u0113rienus un \u0113dienus, varat izmantot aproci, kur\u0101 tiek fiks\u0113ta summa par ieg\u0101d\u0101to preci. Dodoties prom, neaizmirstiet par to nor\u0113\u0137in\u0101ties \u016bdens un pirts centra re\u0123istrat\u016br\u0101.&nbsp;<br><\/li>\n\n\n\n<li>Dz\u0113rienus un \u0113dienus, kas ieg\u0101d\u0101ti \u016bdens un pirts centra peldbaseina b\u0101r\u0101 vai kafejn\u012bc\u0101 lietojiet tam paredz\u0113taj\u0101s viet\u0101s.<br><\/li>\n\n\n\n<li>R\u016bp\u0113jieties par sav\u0101m mant\u0101m, jo \u200b\u200b\u016bdens un pirts centrs neatbild par skap\u012bt\u012b atst\u0101tajiem priek\u0161metiem.<br>&nbsp;<\/li>\n\n\n\n<li>Ja apmekl\u0113t\u0101js t\u012b\u0161i boj\u0101 \u016bdens un pirts centra invent\u0101ru, vi\u0146am ir pien\u0101kums piln\u012bb\u0101 atl\u012bdzin\u0101t zaud\u0113jumus.<br><\/li>\n\n\n\n<li>Pirms ieie\u0161anas peldbaseina un pirts zon\u0101 l\u016bdzam nomazg\u0101ties.&nbsp;<br><\/li>\n\n\n\n<li>\u201cT\u00f5rva Veem\u00f5nula\u201d (\u201cT\u00f5rva VM O\u00dc\u201d) nav atbild\u012bgs par traum\u0101m vai cit\u0101m vesel\u012bbas probl\u0113m\u0101m.<br><\/li>\n\n\n\n<li>Apkalpojo\u0161ajam person\u0101lam ir ties\u012bbas p\u0113c vajadz\u012bbas apmekl\u0113t\u0101jiem izteikt piez\u012bmes par neatbilsto\u0161u uzved\u012bbu un r\u012bc\u012bbu. Iek\u0161\u0113j\u0101s k\u0101rt\u012bbas noteikumu p\u0101rk\u0101p\u0161anas gad\u012bjum\u0101 \u016bdens un pirts centrs patur ties\u012bbas izraid\u012bt apmekl\u0113t\u0101ju, neatl\u012bdzinot summu par neizmantoto laiku.<br><\/li>\n\n\n\n<li>Jaut\u0101jumu vai probl\u0113mu gad\u012bjum\u0101, l\u016bdzu, sazinieties ar \u016bdens un pirts centra darbiniekiem.<\/li>\n<\/ul>\n\n\n\n<p><strong> <strong>Nov\u0113lam jauku atp\u016btu!<\/strong> <\/strong><\/p>\n<\/div>\n<\/div>\n\n\n\n<div style=\"height:100px\" aria-hidden=\"true\" class=\"wp-block-spacer\"><\/div>\n","protected":false},"excerpt":{"rendered":"<p>LAIPNI L\u016aGTI \u016aDENS UN PIRTS CENTR\u0100 \u201cT\u00d5RVA VEEM\u00d5NULA\u201d! Nov\u0113lam jauku atp\u016btu!<\/p>\n","protected":false},"author":3,"featured_media":0,"parent":0,"menu_order":0,"comment_status":"closed","ping_status":"closed","template":"","meta":{"footnotes":""},"class_list":["post-3144","page","type-page","status-publish","hentry"],"yoast_head":"<!-- This site is optimized with the Yoast SEO plugin v27.2 - https:\/\/yoast.com\/product\/yoast-seo-wordpress\/ -->\n<title>Iek\u0161\u0113j\u0101s k\u0101rt\u012bbas noteikumi - Veem\u00f5nula T\u00f5rvas<\/title>\n<meta name=\"robots\" content=\"index, follow, max-snippet:-1, max-image-preview:large, max-video-preview:-1\" \/>\n<link rel=\"canonical\" href=\"https:\/\/veemonula.ee\/lv\/ieksejas-kartibas-noteikumi\/\" \/>\n<meta property=\"og:locale\" content=\"lv_LV\" \/>\n<meta property=\"og:type\" content=\"article\" \/>\n<meta property=\"og:title\" content=\"Iek\u0161\u0113j\u0101s k\u0101rt\u012bbas noteikumi - Veem\u00f5nula T\u00f5rvas\" \/>\n<meta property=\"og:description\" content=\"LAIPNI L\u016aGTI \u016aDENS UN PIRTS CENTR\u0100 \u201cT\u00d5RVA VEEM\u00d5NULA\u201d! Nov\u0113lam jauku atp\u016btu!\" \/>\n<meta property=\"og:url\" content=\"https:\/\/veemonula.ee\/lv\/ieksejas-kartibas-noteikumi\/\" \/>\n<meta property=\"og:site_name\" content=\"Veem\u00f5nula T\u00f5rvas\" \/>\n<meta property=\"article:modified_time\" content=\"2026-03-25T09:38:35+00:00\" \/>\n<meta property=\"og:image\" content=\"https:\/\/veemonula.ee\/wp-content\/uploads\/2026\/03\/Torva_ujula_veeb.jpg\" \/>\n\t<meta property=\"og:image:width\" content=\"1920\" \/>\n\t<meta property=\"og:image:height\" content=\"1280\" \/>\n\t<meta property=\"og:image:type\" content=\"image\/jpeg\" \/>\n<meta name=\"twitter:card\" content=\"summary_large_image\" \/>\n<meta name=\"twitter:label1\" content=\"Est. reading time\" \/>\n\t<meta name=\"twitter:data1\" content=\"2 minutes\" \/>\n<script type=\"application\/ld+json\" class=\"yoast-schema-graph\">{\"@context\":\"https:\/\/schema.org\",\"@graph\":[{\"@type\":\"WebPage\",\"@id\":\"https:\/\/veemonula.ee\/lv\/ieksejas-kartibas-noteikumi\/\",\"url\":\"https:\/\/veemonula.ee\/lv\/ieksejas-kartibas-noteikumi\/\",\"name\":\"Iek\u0161\u0113j\u0101s k\u0101rt\u012bbas noteikumi - Veem\u00f5nula T\u00f5rvas\",\"isPartOf\":{\"@id\":\"https:\/\/veemonula.ee\/#website\"},\"primaryImageOfPage\":{\"@id\":\"https:\/\/veemonula.ee\/lv\/ieksejas-kartibas-noteikumi\/#primaryimage\"},\"image\":{\"@id\":\"https:\/\/veemonula.ee\/lv\/ieksejas-kartibas-noteikumi\/#primaryimage\"},\"thumbnailUrl\":\"https:\/\/veemonula.ee\/wp-content\/uploads\/2026\/03\/Torva_ujula_veeb.jpg\",\"datePublished\":\"2021-12-20T13:50:44+00:00\",\"dateModified\":\"2026-03-25T09:38:35+00:00\",\"breadcrumb\":{\"@id\":\"https:\/\/veemonula.ee\/lv\/ieksejas-kartibas-noteikumi\/#breadcrumb\"},\"inLanguage\":\"lv-LV\",\"potentialAction\":[{\"@type\":\"ReadAction\",\"target\":[\"https:\/\/veemonula.ee\/lv\/ieksejas-kartibas-noteikumi\/\"]}]},{\"@type\":\"ImageObject\",\"inLanguage\":\"lv-LV\",\"@id\":\"https:\/\/veemonula.ee\/lv\/ieksejas-kartibas-noteikumi\/#primaryimage\",\"url\":\"https:\/\/veemonula.ee\/wp-content\/uploads\/2026\/03\/Torva_ujula_veeb.jpg\",\"contentUrl\":\"https:\/\/veemonula.ee\/wp-content\/uploads\/2026\/03\/Torva_ujula_veeb.jpg\"},{\"@type\":\"BreadcrumbList\",\"@id\":\"https:\/\/veemonula.ee\/lv\/ieksejas-kartibas-noteikumi\/#breadcrumb\",\"itemListElement\":[{\"@type\":\"ListItem\",\"position\":1,\"name\":\"Home\",\"item\":\"https:\/\/veemonula.ee\/lv\/\"},{\"@type\":\"ListItem\",\"position\":2,\"name\":\"Iek\u0161\u0113j\u0101s k\u0101rt\u012bbas noteikumi\"}]},{\"@type\":\"WebSite\",\"@id\":\"https:\/\/veemonula.ee\/#website\",\"url\":\"https:\/\/veemonula.ee\/\",\"name\":\"Veem\u00f5nula T\u00f5rvas\",\"description\":\"Puhkus kogu perele\",\"potentialAction\":[{\"@type\":\"SearchAction\",\"target\":{\"@type\":\"EntryPoint\",\"urlTemplate\":\"https:\/\/veemonula.ee\/?s={search_term_string}\"},\"query-input\":{\"@type\":\"PropertyValueSpecification\",\"valueRequired\":true,\"valueName\":\"search_term_string\"}}],\"inLanguage\":\"lv-LV\"}]}<\/script>\n<!-- \/ Yoast SEO plugin. -->","yoast_head_json":{"title":"Iek\u0161\u0113j\u0101s k\u0101rt\u012bbas noteikumi - Veem\u00f5nula T\u00f5rvas","robots":{"index":"index","follow":"follow","max-snippet":"max-snippet:-1","max-image-preview":"max-image-preview:large","max-video-preview":"max-video-preview:-1"},"canonical":"https:\/\/veemonula.ee\/lv\/ieksejas-kartibas-noteikumi\/","og_locale":"lv_LV","og_type":"article","og_title":"Iek\u0161\u0113j\u0101s k\u0101rt\u012bbas noteikumi - Veem\u00f5nula T\u00f5rvas","og_description":"LAIPNI L\u016aGTI \u016aDENS UN PIRTS CENTR\u0100 \u201cT\u00d5RVA VEEM\u00d5NULA\u201d! Nov\u0113lam jauku atp\u016btu!","og_url":"https:\/\/veemonula.ee\/lv\/ieksejas-kartibas-noteikumi\/","og_site_name":"Veem\u00f5nula T\u00f5rvas","article_modified_time":"2026-03-25T09:38:35+00:00","og_image":[{"width":1920,"height":1280,"url":"https:\/\/veemonula.ee\/wp-content\/uploads\/2026\/03\/Torva_ujula_veeb.jpg","type":"image\/jpeg"}],"twitter_card":"summary_large_image","twitter_misc":{"Est. reading time":"2 minutes"},"schema":{"@context":"https:\/\/schema.org","@graph":[{"@type":"WebPage","@id":"https:\/\/veemonula.ee\/lv\/ieksejas-kartibas-noteikumi\/","url":"https:\/\/veemonula.ee\/lv\/ieksejas-kartibas-noteikumi\/","name":"Iek\u0161\u0113j\u0101s k\u0101rt\u012bbas noteikumi - Veem\u00f5nula T\u00f5rvas","isPartOf":{"@id":"https:\/\/veemonula.ee\/#website"},"primaryImageOfPage":{"@id":"https:\/\/veemonula.ee\/lv\/ieksejas-kartibas-noteikumi\/#primaryimage"},"image":{"@id":"https:\/\/veemonula.ee\/lv\/ieksejas-kartibas-noteikumi\/#primaryimage"},"thumbnailUrl":"https:\/\/veemonula.ee\/wp-content\/uploads\/2026\/03\/Torva_ujula_veeb.jpg","datePublished":"2021-12-20T13:50:44+00:00","dateModified":"2026-03-25T09:38:35+00:00","breadcrumb":{"@id":"https:\/\/veemonula.ee\/lv\/ieksejas-kartibas-noteikumi\/#breadcrumb"},"inLanguage":"lv-LV","potentialAction":[{"@type":"ReadAction","target":["https:\/\/veemonula.ee\/lv\/ieksejas-kartibas-noteikumi\/"]}]},{"@type":"ImageObject","inLanguage":"lv-LV","@id":"https:\/\/veemonula.ee\/lv\/ieksejas-kartibas-noteikumi\/#primaryimage","url":"https:\/\/veemonula.ee\/wp-content\/uploads\/2026\/03\/Torva_ujula_veeb.jpg","contentUrl":"https:\/\/veemonula.ee\/wp-content\/uploads\/2026\/03\/Torva_ujula_veeb.jpg"},{"@type":"BreadcrumbList","@id":"https:\/\/veemonula.ee\/lv\/ieksejas-kartibas-noteikumi\/#breadcrumb","itemListElement":[{"@type":"ListItem","position":1,"name":"Home","item":"https:\/\/veemonula.ee\/lv\/"},{"@type":"ListItem","position":2,"name":"Iek\u0161\u0113j\u0101s k\u0101rt\u012bbas noteikumi"}]},{"@type":"WebSite","@id":"https:\/\/veemonula.ee\/#website","url":"https:\/\/veemonula.ee\/","name":"Veem\u00f5nula T\u00f5rvas","description":"Puhkus kogu perele","potentialAction":[{"@type":"SearchAction","target":{"@type":"EntryPoint","urlTemplate":"https:\/\/veemonula.ee\/?s={search_term_string}"},"query-input":{"@type":"PropertyValueSpecification","valueRequired":true,"valueName":"search_term_string"}}],"inLanguage":"lv-LV"}]}},"_links":{"self":[{"href":"https:\/\/veemonula.ee\/lv\/wp-json\/wp\/v2\/pages\/3144","targetHints":{"allow":["GET"]}}],"collection":[{"href":"https:\/\/veemonula.ee\/lv\/wp-json\/wp\/v2\/pages"}],"about":[{"href":"https:\/\/veemonula.ee\/lv\/wp-json\/wp\/v2\/types\/page"}],"author":[{"embeddable":true,"href":"https:\/\/veemonula.ee\/lv\/wp-json\/wp\/v2\/users\/3"}],"replies":[{"embeddable":true,"href":"https:\/\/veemonula.ee\/lv\/wp-json\/wp\/v2\/comments?post=3144"}],"version-history":[{"count":7,"href":"https:\/\/veemonula.ee\/lv\/wp-json\/wp\/v2\/pages\/3144\/revisions"}],"predecessor-version":[{"id":8055,"href":"https:\/\/veemonula.ee\/lv\/wp-json\/wp\/v2\/pages\/3144\/revisions\/8055"}],"wp:attachment":[{"href":"https:\/\/veemonula.ee\/lv\/wp-json\/wp\/v2\/media?parent=3144"}],"curies":[{"name":"wp","href":"https:\/\/api.w.org\/{rel}","templated":true}]}}