{"id":3121,"date":"2021-12-21T14:07:00","date_gmt":"2021-12-21T14:07:00","guid":{"rendered":"https:\/\/veemonula.ee\/covid-info\/"},"modified":"2022-03-21T14:53:53","modified_gmt":"2022-03-21T14:53:53","slug":"covid-inf","status":"publish","type":"page","link":"https:\/\/veemonula.ee\/lv\/covid-inf\/","title":{"rendered":"COVID inform\u0101cija"},"content":{"rendered":"\n<div class=\"wp-block-cover alignfull has-background-dim-40 has-background-dim\" style=\"min-height:300px;aspect-ratio:unset;\"><img loading=\"lazy\" decoding=\"async\" width=\"1920\" height=\"1280\" class=\"wp-block-cover__image-background wp-image-1796\" alt=\"\" src=\"https:\/\/veemonula.ee\/wp-content\/uploads\/2021\/12\/Torva_ujula_veeb.jpg\" data-object-fit=\"cover\" srcset=\"https:\/\/veemonula.ee\/wp-content\/uploads\/2021\/12\/Torva_ujula_veeb.jpg 1920w, https:\/\/veemonula.ee\/wp-content\/uploads\/2021\/12\/Torva_ujula_veeb-300x200.jpg 300w, https:\/\/veemonula.ee\/wp-content\/uploads\/2021\/12\/Torva_ujula_veeb-1024x683.jpg 1024w, https:\/\/veemonula.ee\/wp-content\/uploads\/2021\/12\/Torva_ujula_veeb-768x512.jpg 768w, https:\/\/veemonula.ee\/wp-content\/uploads\/2021\/12\/Torva_ujula_veeb-1536x1024.jpg 1536w, https:\/\/veemonula.ee\/wp-content\/uploads\/2021\/12\/Torva_ujula_veeb-1568x1045.jpg 1568w\" sizes=\"auto, (max-width: 1920px) 100vw, 1920px\" \/><div class=\"wp-block-cover__inner-container is-layout-flow wp-block-cover-is-layout-flow\">\n<h1 class=\"has-text-align-center wp-block-heading\">COVID INFORM\u0100CIJA<\/h1>\n\n\n\n<p><\/p>\n<\/div><\/div>\n","protected":false},"excerpt":{"rendered":"","protected":false},"author":3,"featured_media":0,"parent":0,"menu_order":0,"comment_status":"closed","ping_status":"closed","template":"","meta":{"footnotes":""},"class_list":["post-3121","page","type-page","status-publish","hentry"],"yoast_head":"<!-- This site is optimized with the Yoast SEO plugin v27.2 - https:\/\/yoast.com\/product\/yoast-seo-wordpress\/ -->\n<title>COVID inform\u0101cija - Veem\u00f5nula T\u00f5rvas<\/title>\n<meta name=\"description\" content=\"Lai apmekl\u0113tu&quot; T\u00f5rva Veem\u00f5nula&quot; centru viesiem nepiecie\u0161ams uzr\u0101d\u012bt person\u012bbu apliecino\u0161u dokumentu kop\u0101 ar vienu no min\u0113tajiem apliecin\u0101jumiem: Covid-19 imuniz\u0101cijas sertifik\u0101ts (pabeigts vakcin\u0101cijas kurss), sertifik\u0101ts par Covid-19 izslimo\u0161anu. Apliecin\u0101jumi nav j\u0101uzr\u0101da b\u0113rniem l\u012bdz 11 gadu vecumam (ieskaitot).\" \/>\n<meta name=\"robots\" content=\"index, follow, max-snippet:-1, max-image-preview:large, max-video-preview:-1\" \/>\n<link rel=\"canonical\" href=\"https:\/\/veemonula.ee\/lv\/covid-inf\/\" \/>\n<meta property=\"og:locale\" content=\"lv_LV\" \/>\n<meta property=\"og:type\" content=\"article\" \/>\n<meta property=\"og:title\" content=\"COVID inform\u0101cija - Veem\u00f5nula T\u00f5rvas\" \/>\n<meta property=\"og:description\" content=\"Lai apmekl\u0113tu&quot; T\u00f5rva Veem\u00f5nula&quot; centru viesiem nepiecie\u0161ams uzr\u0101d\u012bt person\u012bbu apliecino\u0161u dokumentu kop\u0101 ar vienu no min\u0113tajiem apliecin\u0101jumiem: Covid-19 imuniz\u0101cijas sertifik\u0101ts (pabeigts vakcin\u0101cijas kurss), sertifik\u0101ts par Covid-19 izslimo\u0161anu. Apliecin\u0101jumi nav j\u0101uzr\u0101da b\u0113rniem l\u012bdz 11 gadu vecumam (ieskaitot).\" \/>\n<meta property=\"og:url\" content=\"https:\/\/veemonula.ee\/lv\/covid-inf\/\" \/>\n<meta property=\"og:site_name\" content=\"Veem\u00f5nula T\u00f5rvas\" \/>\n<meta property=\"article:modified_time\" content=\"2022-03-21T14:53:53+00:00\" \/>\n<meta property=\"og:image\" content=\"https:\/\/veemonula.ee\/wp-content\/uploads\/2021\/12\/Torva_ujula_veeb.jpg\" \/>\n<meta name=\"twitter:card\" content=\"summary_large_image\" \/>\n<meta name=\"twitter:label1\" content=\"Est. reading time\" \/>\n\t<meta name=\"twitter:data1\" content=\"1 minute\" \/>\n<script type=\"application\/ld+json\" class=\"yoast-schema-graph\">{\"@context\":\"https:\/\/schema.org\",\"@graph\":[{\"@type\":\"WebPage\",\"@id\":\"https:\/\/veemonula.ee\/lv\/covid-inf\/\",\"url\":\"https:\/\/veemonula.ee\/lv\/covid-inf\/\",\"name\":\"COVID inform\u0101cija - Veem\u00f5nula T\u00f5rvas\",\"isPartOf\":{\"@id\":\"https:\/\/veemonula.ee\/#website\"},\"primaryImageOfPage\":{\"@id\":\"https:\/\/veemonula.ee\/lv\/covid-inf\/#primaryimage\"},\"image\":{\"@id\":\"https:\/\/veemonula.ee\/lv\/covid-inf\/#primaryimage\"},\"thumbnailUrl\":\"https:\/\/veemonula.ee\/wp-content\/uploads\/2021\/12\/Torva_ujula_veeb.jpg\",\"datePublished\":\"2021-12-21T14:07:00+00:00\",\"dateModified\":\"2022-03-21T14:53:53+00:00\",\"description\":\"Lai apmekl\u0113tu\\\" T\u00f5rva Veem\u00f5nula\\\" centru viesiem nepiecie\u0161ams uzr\u0101d\u012bt person\u012bbu apliecino\u0161u dokumentu kop\u0101 ar vienu no min\u0113tajiem apliecin\u0101jumiem: Covid-19 imuniz\u0101cijas sertifik\u0101ts (pabeigts vakcin\u0101cijas kurss), sertifik\u0101ts par Covid-19 izslimo\u0161anu. Apliecin\u0101jumi nav j\u0101uzr\u0101da b\u0113rniem l\u012bdz 11 gadu vecumam (ieskaitot).\",\"breadcrumb\":{\"@id\":\"https:\/\/veemonula.ee\/lv\/covid-inf\/#breadcrumb\"},\"inLanguage\":\"lv-LV\",\"potentialAction\":[{\"@type\":\"ReadAction\",\"target\":[\"https:\/\/veemonula.ee\/lv\/covid-inf\/\"]}]},{\"@type\":\"ImageObject\",\"inLanguage\":\"lv-LV\",\"@id\":\"https:\/\/veemonula.ee\/lv\/covid-inf\/#primaryimage\",\"url\":\"https:\/\/veemonula.ee\/wp-content\/uploads\/2021\/12\/Torva_ujula_veeb.jpg\",\"contentUrl\":\"https:\/\/veemonula.ee\/wp-content\/uploads\/2021\/12\/Torva_ujula_veeb.jpg\"},{\"@type\":\"BreadcrumbList\",\"@id\":\"https:\/\/veemonula.ee\/lv\/covid-inf\/#breadcrumb\",\"itemListElement\":[{\"@type\":\"ListItem\",\"position\":1,\"name\":\"Home\",\"item\":\"https:\/\/veemonula.ee\/lv\/\"},{\"@type\":\"ListItem\",\"position\":2,\"name\":\"COVID inform\u0101cija\"}]},{\"@type\":\"WebSite\",\"@id\":\"https:\/\/veemonula.ee\/#website\",\"url\":\"https:\/\/veemonula.ee\/\",\"name\":\"Veem\u00f5nula T\u00f5rvas\",\"description\":\"Puhkus kogu perele\",\"potentialAction\":[{\"@type\":\"SearchAction\",\"target\":{\"@type\":\"EntryPoint\",\"urlTemplate\":\"https:\/\/veemonula.ee\/?s={search_term_string}\"},\"query-input\":{\"@type\":\"PropertyValueSpecification\",\"valueRequired\":true,\"valueName\":\"search_term_string\"}}],\"inLanguage\":\"lv-LV\"}]}<\/script>\n<!-- \/ Yoast SEO plugin. -->","yoast_head_json":{"title":"COVID inform\u0101cija - Veem\u00f5nula T\u00f5rvas","description":"Lai apmekl\u0113tu\" T\u00f5rva Veem\u00f5nula\" centru viesiem nepiecie\u0161ams uzr\u0101d\u012bt person\u012bbu apliecino\u0161u dokumentu kop\u0101 ar vienu no min\u0113tajiem apliecin\u0101jumiem: Covid-19 imuniz\u0101cijas sertifik\u0101ts (pabeigts vakcin\u0101cijas kurss), sertifik\u0101ts par Covid-19 izslimo\u0161anu. Apliecin\u0101jumi nav j\u0101uzr\u0101da b\u0113rniem l\u012bdz 11 gadu vecumam (ieskaitot).","robots":{"index":"index","follow":"follow","max-snippet":"max-snippet:-1","max-image-preview":"max-image-preview:large","max-video-preview":"max-video-preview:-1"},"canonical":"https:\/\/veemonula.ee\/lv\/covid-inf\/","og_locale":"lv_LV","og_type":"article","og_title":"COVID inform\u0101cija - Veem\u00f5nula T\u00f5rvas","og_description":"Lai apmekl\u0113tu\" T\u00f5rva Veem\u00f5nula\" centru viesiem nepiecie\u0161ams uzr\u0101d\u012bt person\u012bbu apliecino\u0161u dokumentu kop\u0101 ar vienu no min\u0113tajiem apliecin\u0101jumiem: Covid-19 imuniz\u0101cijas sertifik\u0101ts (pabeigts vakcin\u0101cijas kurss), sertifik\u0101ts par Covid-19 izslimo\u0161anu. Apliecin\u0101jumi nav j\u0101uzr\u0101da b\u0113rniem l\u012bdz 11 gadu vecumam (ieskaitot).","og_url":"https:\/\/veemonula.ee\/lv\/covid-inf\/","og_site_name":"Veem\u00f5nula T\u00f5rvas","article_modified_time":"2022-03-21T14:53:53+00:00","og_image":[{"url":"https:\/\/veemonula.ee\/wp-content\/uploads\/2021\/12\/Torva_ujula_veeb.jpg","type":"","width":"","height":""}],"twitter_card":"summary_large_image","twitter_misc":{"Est. reading time":"1 minute"},"schema":{"@context":"https:\/\/schema.org","@graph":[{"@type":"WebPage","@id":"https:\/\/veemonula.ee\/lv\/covid-inf\/","url":"https:\/\/veemonula.ee\/lv\/covid-inf\/","name":"COVID inform\u0101cija - Veem\u00f5nula T\u00f5rvas","isPartOf":{"@id":"https:\/\/veemonula.ee\/#website"},"primaryImageOfPage":{"@id":"https:\/\/veemonula.ee\/lv\/covid-inf\/#primaryimage"},"image":{"@id":"https:\/\/veemonula.ee\/lv\/covid-inf\/#primaryimage"},"thumbnailUrl":"https:\/\/veemonula.ee\/wp-content\/uploads\/2021\/12\/Torva_ujula_veeb.jpg","datePublished":"2021-12-21T14:07:00+00:00","dateModified":"2022-03-21T14:53:53+00:00","description":"Lai apmekl\u0113tu\" T\u00f5rva Veem\u00f5nula\" centru viesiem nepiecie\u0161ams uzr\u0101d\u012bt person\u012bbu apliecino\u0161u dokumentu kop\u0101 ar vienu no min\u0113tajiem apliecin\u0101jumiem: Covid-19 imuniz\u0101cijas sertifik\u0101ts (pabeigts vakcin\u0101cijas kurss), sertifik\u0101ts par Covid-19 izslimo\u0161anu. Apliecin\u0101jumi nav j\u0101uzr\u0101da b\u0113rniem l\u012bdz 11 gadu vecumam (ieskaitot).","breadcrumb":{"@id":"https:\/\/veemonula.ee\/lv\/covid-inf\/#breadcrumb"},"inLanguage":"lv-LV","potentialAction":[{"@type":"ReadAction","target":["https:\/\/veemonula.ee\/lv\/covid-inf\/"]}]},{"@type":"ImageObject","inLanguage":"lv-LV","@id":"https:\/\/veemonula.ee\/lv\/covid-inf\/#primaryimage","url":"https:\/\/veemonula.ee\/wp-content\/uploads\/2021\/12\/Torva_ujula_veeb.jpg","contentUrl":"https:\/\/veemonula.ee\/wp-content\/uploads\/2021\/12\/Torva_ujula_veeb.jpg"},{"@type":"BreadcrumbList","@id":"https:\/\/veemonula.ee\/lv\/covid-inf\/#breadcrumb","itemListElement":[{"@type":"ListItem","position":1,"name":"Home","item":"https:\/\/veemonula.ee\/lv\/"},{"@type":"ListItem","position":2,"name":"COVID inform\u0101cija"}]},{"@type":"WebSite","@id":"https:\/\/veemonula.ee\/#website","url":"https:\/\/veemonula.ee\/","name":"Veem\u00f5nula T\u00f5rvas","description":"Puhkus kogu perele","potentialAction":[{"@type":"SearchAction","target":{"@type":"EntryPoint","urlTemplate":"https:\/\/veemonula.ee\/?s={search_term_string}"},"query-input":{"@type":"PropertyValueSpecification","valueRequired":true,"valueName":"search_term_string"}}],"inLanguage":"lv-LV"}]}},"_links":{"self":[{"href":"https:\/\/veemonula.ee\/lv\/wp-json\/wp\/v2\/pages\/3121","targetHints":{"allow":["GET"]}}],"collection":[{"href":"https:\/\/veemonula.ee\/lv\/wp-json\/wp\/v2\/pages"}],"about":[{"href":"https:\/\/veemonula.ee\/lv\/wp-json\/wp\/v2\/types\/page"}],"author":[{"embeddable":true,"href":"https:\/\/veemonula.ee\/lv\/wp-json\/wp\/v2\/users\/3"}],"replies":[{"embeddable":true,"href":"https:\/\/veemonula.ee\/lv\/wp-json\/wp\/v2\/comments?post=3121"}],"version-history":[{"count":3,"href":"https:\/\/veemonula.ee\/lv\/wp-json\/wp\/v2\/pages\/3121\/revisions"}],"predecessor-version":[{"id":3562,"href":"https:\/\/veemonula.ee\/lv\/wp-json\/wp\/v2\/pages\/3121\/revisions\/3562"}],"wp:attachment":[{"href":"https:\/\/veemonula.ee\/lv\/wp-json\/wp\/v2\/media?parent=3121"}],"curies":[{"name":"wp","href":"https:\/\/api.w.org\/{rel}","templated":true}]}}