{"id":3471,"date":"2022-02-16T13:25:32","date_gmt":"2022-02-16T13:25:32","guid":{"rendered":"https:\/\/veemonula.ee\/?page_id=3471"},"modified":"2026-02-13T16:48:09","modified_gmt":"2026-02-13T14:48:09","slug":"andmete-tootlemine","status":"publish","type":"page","link":"https:\/\/veemonula.ee\/en\/andmete-tootlemine\/","title":{"rendered":"Privacy policy"},"content":{"rendered":"\n<div class=\"wp-block-cover alignfull\"><img loading=\"lazy\" decoding=\"async\" width=\"1920\" height=\"1280\" class=\"wp-block-cover__image-background wp-image-2311\" alt=\"\" src=\"https:\/\/veemonula.ee\/wp-content\/uploads\/2021\/12\/ujula-inimestega.jpg\" style=\"object-position:31% 20%\" data-object-fit=\"cover\" data-object-position=\"31% 20%\" srcset=\"https:\/\/veemonula.ee\/wp-content\/uploads\/2021\/12\/ujula-inimestega.jpg 1920w, https:\/\/veemonula.ee\/wp-content\/uploads\/2021\/12\/ujula-inimestega-300x200.jpg 300w, https:\/\/veemonula.ee\/wp-content\/uploads\/2021\/12\/ujula-inimestega-1024x683.jpg 1024w, https:\/\/veemonula.ee\/wp-content\/uploads\/2021\/12\/ujula-inimestega-768x512.jpg 768w, https:\/\/veemonula.ee\/wp-content\/uploads\/2021\/12\/ujula-inimestega-1536x1024.jpg 1536w, https:\/\/veemonula.ee\/wp-content\/uploads\/2021\/12\/ujula-inimestega-1568x1045.jpg 1568w\" sizes=\"auto, (max-width: 1920px) 100vw, 1920px\" \/><span aria-hidden=\"true\" class=\"wp-block-cover__background has-background-dim-60 has-background-dim wp-block-cover__gradient-background has-background-gradient\" style=\"background:linear-gradient(180deg,rgb(3,56,130) 0%,rgba(155,81,224,0) 54%)\"><\/span><div class=\"wp-block-cover__inner-container is-layout-flow wp-block-cover-is-layout-flow\">\n<h1 class=\"wp-block-heading has-text-align-center\"><\/h1>\n\n\n\n<p><\/p>\n<\/div><\/div>\n\n\n\n<div class=\"wp-block-columns alignfull is-layout-flex wp-container-core-columns-is-layout-28f84493 wp-block-columns-is-layout-flex\">\n<div class=\"wp-block-column is-layout-flow wp-block-column-is-layout-flow\">\n<ol class=\"wp-block-list\">\n<li><strong>Privacy policy<\/strong><\/li>\n<\/ol>\n\n\n\n<p>1.1 Privacy policy applies to the Users of the Veem\u00f5nula website.<\/p>\n\n\n\n<p>Our company processes your personal information only to provide you with services (spa treatments, table reservation or newsletter subscription). We do not transmit, sell or disclose your data to third parties without your prior consent unless this is required by law.<\/p>\n\n\n\n<h3 class=\"wp-block-heading\">Data collection<\/h3>\n\n\n\n<p>Data collection upon filling conference\/spa service forms<br>1.2 Data provided by the Clients on conference\/spa service forms is categorised as either required or optional information.<br>1.3 Clients are required to provide the following information:<br>1.3.1 Name \u2015 required to complete and confirm bookings;<br>1.3.2 Email address \u2015 required to complete and confirm bookings and, if necessary, to submit invoices;<br>1.3.3 Phone number \u2015 required to complete and confirm bookings and to provide the service, incl. notification of any service disruptions.<\/p>\n\n\n\n<h3 class=\"wp-block-heading\">Data storage period<\/h3>\n\n\n\n<p>1.8. Veem\u00f5nula shall store the data for as long as it is needed to achieve the purpose of the use of data or when the statutory limitation period is over and the document storage period provided by law has come to an end (seven years as set out in the Value Added Tax Act and Accounting Act).<\/p>\n\n\n\n<h3 class=\"wp-block-heading\">Client\u2019s rights regarding use of data<\/h3>\n\n\n\n<p>1.9. The Subscriber has the right to receive information from Veem\u00f5nula about the use of their data pursuant to the procedure and extent provided for in legislation;<br>1.10. the Subscriber has the right to ask Veem\u00f5nula to stop using their data and to correct, close or delete their data;<br>1.11. the Subscriber has the right to agree to or forbid the use of their data for direct marketing or commercial purposes;<br>1.12. the Subscriber has the right to turn to the Data Protection Inspectorate and court to protect their rights.<br>1.13 In cases involving any personal information, you have the right to send us an email <a href=\"mailto:torva@veemonula.ee\">torva@veemonula.ee<\/a> or call the number +372 51 975 000.<\/p>\n<\/div>\n\n\n\n<div class=\"wp-block-column is-layout-flow wp-block-column-is-layout-flow\">\n<ol start=\"2\" class=\"wp-block-list\">\n<li><strong>Principles of using cookies<\/strong><\/li>\n<\/ol>\n\n\n\n<h3 class=\"wp-block-heading\">Using cookies<\/h3>\n\n\n\n<p>2.1. Veem\u00f5nula websites use cookies to provide a better service for users.<br>2.2. Domains belonging to Veem\u00f5nula may, among other things, include an element that saves cookies for third parties.<\/p>\n\n\n\n<h3 class=\"wp-block-heading\">Declining cookies<\/h3>\n\n\n\n<p>2.3. The User has the right not to allow cookies to be saved on their computer. If the Subscriber wishes to decline cookies, they must change their browser settings.<br>2.4. Different browsers use different methods to decline cookies. More information can be found on the website&nbsp;<a href=\"http:\/\/www.allaboutcookies.org\/\" target=\"_blank\" rel=\"noreferrer noopener\">http:\/\/www.allaboutcookies.org\/<\/a>.<br>2.5. The User has to take into account that not all of the website\u2019s functions may be available to them if they block cookies.<\/p>\n\n\n\n<h3 class=\"wp-block-heading\">What is a cookie?<\/h3>\n\n\n\n<p>2.6. A cookie is a text file which is sent to and saved on the User\u2019s computer by the websites that the user visits. Cookies are saved in the directory of files in the User\u2019s browser. If the User has previously visited a website, the browser will read the cookie and forward this information to the website or element that originally saved the cookie. Additional information about cookies can be found on the website&nbsp;<a href=\"http:\/\/www.allaboutcookies.org\/\" target=\"_blank\" rel=\"noreferrer noopener\">http:\/\/www.allaboutcookies.org\/<\/a>.<br>2.7. Cookies enable statistics regarding website use and the popularity of different sections and other actions on a website to be monitored. The information received by the cookies is utilised to make the website more convenient to use and to improve the content of the website.<\/p>\n\n\n\n<h3 class=\"wp-block-heading\">Types of cookies used on website<\/h3>\n\n\n\n<p>2.8. Permanent cookies are necessary to navigate the website and use its contents. Users are unable to use all of the website\u2019s functions without permanent cookies.<br>2.9. Session cookies enable the website to remember previous choices made by the User (username, language settings, etc.) and provide more efficient and personal functions.<br>2.10. Tracking cookies collect data about a user\u2019s behaviour on the website. Information received by tracking cookies helps make the website more convenient to use.<\/p>\n<\/div>\n<\/div>\n","protected":false},"excerpt":{"rendered":"<p>1.1 Privacy policy applies to the Users of the Veem\u00f5nula website. Our company processes your personal information only to provide you with services (spa treatments, table reservation or newsletter subscription). We do not transmit, sell or disclose your data to third parties without your prior consent unless this is required by law. Data collection Data [&hellip;]<\/p>\n","protected":false},"author":3,"featured_media":0,"parent":0,"menu_order":0,"comment_status":"closed","ping_status":"closed","template":"","meta":{"footnotes":""},"class_list":["post-3471","page","type-page","status-publish","hentry"],"yoast_head":"<!-- This site is optimized with the Yoast SEO plugin v27.2 - https:\/\/yoast.com\/product\/yoast-seo-wordpress\/ -->\n<title>Privacy policy - Veem\u00f5nula T\u00f5rvas<\/title>\n<meta name=\"robots\" content=\"index, follow, max-snippet:-1, max-image-preview:large, max-video-preview:-1\" \/>\n<link rel=\"canonical\" href=\"https:\/\/veemonula.ee\/en\/andmete-tootlemine\/\" \/>\n<meta property=\"og:locale\" content=\"en_US\" \/>\n<meta property=\"og:type\" content=\"article\" \/>\n<meta property=\"og:title\" content=\"Privacy policy - Veem\u00f5nula T\u00f5rvas\" \/>\n<meta property=\"og:description\" content=\"1.1 Privacy policy applies to the Users of the Veem\u00f5nula website. Our company processes your personal information only to provide you with services (spa treatments, table reservation or newsletter subscription). We do not transmit, sell or disclose your data to third parties without your prior consent unless this is required by law. Data collection Data [&hellip;]\" \/>\n<meta property=\"og:url\" content=\"https:\/\/veemonula.ee\/en\/andmete-tootlemine\/\" \/>\n<meta property=\"og:site_name\" content=\"Veem\u00f5nula T\u00f5rvas\" \/>\n<meta property=\"article:modified_time\" content=\"2026-02-13T14:48:09+00:00\" \/>\n<meta property=\"og:image\" content=\"https:\/\/veemonula.ee\/wp-content\/uploads\/2021\/12\/ujula-inimestega.jpg\" \/>\n\t<meta property=\"og:image:width\" content=\"1920\" \/>\n\t<meta property=\"og:image:height\" content=\"1280\" \/>\n\t<meta property=\"og:image:type\" content=\"image\/jpeg\" \/>\n<meta name=\"twitter:card\" content=\"summary_large_image\" \/>\n<meta name=\"twitter:label1\" content=\"Est. reading time\" \/>\n\t<meta name=\"twitter:data1\" content=\"4 minutes\" \/>\n<script type=\"application\/ld+json\" class=\"yoast-schema-graph\">{\"@context\":\"https:\/\/schema.org\",\"@graph\":[{\"@type\":\"WebPage\",\"@id\":\"https:\/\/veemonula.ee\/en\/andmete-tootlemine\/\",\"url\":\"https:\/\/veemonula.ee\/en\/andmete-tootlemine\/\",\"name\":\"Privacy policy - Veem\u00f5nula T\u00f5rvas\",\"isPartOf\":{\"@id\":\"https:\/\/veemonula.ee\/#website\"},\"primaryImageOfPage\":{\"@id\":\"https:\/\/veemonula.ee\/en\/andmete-tootlemine\/#primaryimage\"},\"image\":{\"@id\":\"https:\/\/veemonula.ee\/en\/andmete-tootlemine\/#primaryimage\"},\"thumbnailUrl\":\"https:\/\/veemonula.ee\/wp-content\/uploads\/2021\/12\/ujula-inimestega.jpg\",\"datePublished\":\"2022-02-16T13:25:32+00:00\",\"dateModified\":\"2026-02-13T14:48:09+00:00\",\"breadcrumb\":{\"@id\":\"https:\/\/veemonula.ee\/en\/andmete-tootlemine\/#breadcrumb\"},\"inLanguage\":\"en-US\",\"potentialAction\":[{\"@type\":\"ReadAction\",\"target\":[\"https:\/\/veemonula.ee\/en\/andmete-tootlemine\/\"]}]},{\"@type\":\"ImageObject\",\"inLanguage\":\"en-US\",\"@id\":\"https:\/\/veemonula.ee\/en\/andmete-tootlemine\/#primaryimage\",\"url\":\"https:\/\/veemonula.ee\/wp-content\/uploads\/2021\/12\/ujula-inimestega.jpg\",\"contentUrl\":\"https:\/\/veemonula.ee\/wp-content\/uploads\/2021\/12\/ujula-inimestega.jpg\"},{\"@type\":\"BreadcrumbList\",\"@id\":\"https:\/\/veemonula.ee\/en\/andmete-tootlemine\/#breadcrumb\",\"itemListElement\":[{\"@type\":\"ListItem\",\"position\":1,\"name\":\"Home\",\"item\":\"https:\/\/veemonula.ee\/en\/\"},{\"@type\":\"ListItem\",\"position\":2,\"name\":\"Privacy policy\"}]},{\"@type\":\"WebSite\",\"@id\":\"https:\/\/veemonula.ee\/#website\",\"url\":\"https:\/\/veemonula.ee\/\",\"name\":\"Veem\u00f5nula T\u00f5rvas\",\"description\":\"Puhkus kogu perele\",\"potentialAction\":[{\"@type\":\"SearchAction\",\"target\":{\"@type\":\"EntryPoint\",\"urlTemplate\":\"https:\/\/veemonula.ee\/?s={search_term_string}\"},\"query-input\":{\"@type\":\"PropertyValueSpecification\",\"valueRequired\":true,\"valueName\":\"search_term_string\"}}],\"inLanguage\":\"en-US\"}]}<\/script>\n<!-- \/ Yoast SEO plugin. -->","yoast_head_json":{"title":"Privacy policy - Veem\u00f5nula T\u00f5rvas","robots":{"index":"index","follow":"follow","max-snippet":"max-snippet:-1","max-image-preview":"max-image-preview:large","max-video-preview":"max-video-preview:-1"},"canonical":"https:\/\/veemonula.ee\/en\/andmete-tootlemine\/","og_locale":"en_US","og_type":"article","og_title":"Privacy policy - Veem\u00f5nula T\u00f5rvas","og_description":"1.1 Privacy policy applies to the Users of the Veem\u00f5nula website. Our company processes your personal information only to provide you with services (spa treatments, table reservation or newsletter subscription). We do not transmit, sell or disclose your data to third parties without your prior consent unless this is required by law. Data collection Data [&hellip;]","og_url":"https:\/\/veemonula.ee\/en\/andmete-tootlemine\/","og_site_name":"Veem\u00f5nula T\u00f5rvas","article_modified_time":"2026-02-13T14:48:09+00:00","og_image":[{"width":1920,"height":1280,"url":"https:\/\/veemonula.ee\/wp-content\/uploads\/2021\/12\/ujula-inimestega.jpg","type":"image\/jpeg"}],"twitter_card":"summary_large_image","twitter_misc":{"Est. reading time":"4 minutes"},"schema":{"@context":"https:\/\/schema.org","@graph":[{"@type":"WebPage","@id":"https:\/\/veemonula.ee\/en\/andmete-tootlemine\/","url":"https:\/\/veemonula.ee\/en\/andmete-tootlemine\/","name":"Privacy policy - Veem\u00f5nula T\u00f5rvas","isPartOf":{"@id":"https:\/\/veemonula.ee\/#website"},"primaryImageOfPage":{"@id":"https:\/\/veemonula.ee\/en\/andmete-tootlemine\/#primaryimage"},"image":{"@id":"https:\/\/veemonula.ee\/en\/andmete-tootlemine\/#primaryimage"},"thumbnailUrl":"https:\/\/veemonula.ee\/wp-content\/uploads\/2021\/12\/ujula-inimestega.jpg","datePublished":"2022-02-16T13:25:32+00:00","dateModified":"2026-02-13T14:48:09+00:00","breadcrumb":{"@id":"https:\/\/veemonula.ee\/en\/andmete-tootlemine\/#breadcrumb"},"inLanguage":"en-US","potentialAction":[{"@type":"ReadAction","target":["https:\/\/veemonula.ee\/en\/andmete-tootlemine\/"]}]},{"@type":"ImageObject","inLanguage":"en-US","@id":"https:\/\/veemonula.ee\/en\/andmete-tootlemine\/#primaryimage","url":"https:\/\/veemonula.ee\/wp-content\/uploads\/2021\/12\/ujula-inimestega.jpg","contentUrl":"https:\/\/veemonula.ee\/wp-content\/uploads\/2021\/12\/ujula-inimestega.jpg"},{"@type":"BreadcrumbList","@id":"https:\/\/veemonula.ee\/en\/andmete-tootlemine\/#breadcrumb","itemListElement":[{"@type":"ListItem","position":1,"name":"Home","item":"https:\/\/veemonula.ee\/en\/"},{"@type":"ListItem","position":2,"name":"Privacy policy"}]},{"@type":"WebSite","@id":"https:\/\/veemonula.ee\/#website","url":"https:\/\/veemonula.ee\/","name":"Veem\u00f5nula T\u00f5rvas","description":"Puhkus kogu perele","potentialAction":[{"@type":"SearchAction","target":{"@type":"EntryPoint","urlTemplate":"https:\/\/veemonula.ee\/?s={search_term_string}"},"query-input":{"@type":"PropertyValueSpecification","valueRequired":true,"valueName":"search_term_string"}}],"inLanguage":"en-US"}]}},"_links":{"self":[{"href":"https:\/\/veemonula.ee\/en\/wp-json\/wp\/v2\/pages\/3471","targetHints":{"allow":["GET"]}}],"collection":[{"href":"https:\/\/veemonula.ee\/en\/wp-json\/wp\/v2\/pages"}],"about":[{"href":"https:\/\/veemonula.ee\/en\/wp-json\/wp\/v2\/types\/page"}],"author":[{"embeddable":true,"href":"https:\/\/veemonula.ee\/en\/wp-json\/wp\/v2\/users\/3"}],"replies":[{"embeddable":true,"href":"https:\/\/veemonula.ee\/en\/wp-json\/wp\/v2\/comments?post=3471"}],"version-history":[{"count":5,"href":"https:\/\/veemonula.ee\/en\/wp-json\/wp\/v2\/pages\/3471\/revisions"}],"predecessor-version":[{"id":6888,"href":"https:\/\/veemonula.ee\/en\/wp-json\/wp\/v2\/pages\/3471\/revisions\/6888"}],"wp:attachment":[{"href":"https:\/\/veemonula.ee\/en\/wp-json\/wp\/v2\/media?parent=3471"}],"curies":[{"name":"wp","href":"https:\/\/api.w.org\/{rel}","templated":true}]}}