{"id":2500,"date":"2021-12-07T12:48:08","date_gmt":"2021-12-07T12:48:08","guid":{"rendered":"https:\/\/veemonula.ee\/kinkekaardid\/"},"modified":"2026-03-25T11:32:09","modified_gmt":"2026-03-25T09:32:09","slug":"gift-cards","status":"publish","type":"page","link":"https:\/\/veemonula.ee\/en\/gift-cards\/","title":{"rendered":"Gift cards"},"content":{"rendered":"\n<div class=\"wp-block-cover alignfull\" style=\"min-height:301px;aspect-ratio:unset;\"><img loading=\"lazy\" decoding=\"async\" width=\"2560\" height=\"1707\" class=\"wp-block-cover__image-background wp-image-8034 size-full\" alt=\"\" src=\"https:\/\/veemonula.ee\/wp-content\/uploads\/2026\/03\/Torva_Magnus_Heinmets-5354-scaled.jpg\" data-object-fit=\"cover\" srcset=\"https:\/\/veemonula.ee\/wp-content\/uploads\/2026\/03\/Torva_Magnus_Heinmets-5354-scaled.jpg 2560w, https:\/\/veemonula.ee\/wp-content\/uploads\/2026\/03\/Torva_Magnus_Heinmets-5354-300x200.jpg 300w, https:\/\/veemonula.ee\/wp-content\/uploads\/2026\/03\/Torva_Magnus_Heinmets-5354-1024x683.jpg 1024w, https:\/\/veemonula.ee\/wp-content\/uploads\/2026\/03\/Torva_Magnus_Heinmets-5354-768x512.jpg 768w, https:\/\/veemonula.ee\/wp-content\/uploads\/2026\/03\/Torva_Magnus_Heinmets-5354-1536x1024.jpg 1536w, https:\/\/veemonula.ee\/wp-content\/uploads\/2026\/03\/Torva_Magnus_Heinmets-5354-2048x1366.jpg 2048w, https:\/\/veemonula.ee\/wp-content\/uploads\/2026\/03\/Torva_Magnus_Heinmets-5354-1568x1046.jpg 1568w\" sizes=\"auto, (max-width: 2560px) 100vw, 2560px\" \/><span aria-hidden=\"true\" class=\"wp-block-cover__background has-background-dim-100 has-background-dim wp-block-cover__gradient-background has-background-gradient\" style=\"background:linear-gradient(180deg,rgb(33,33,33) 0%,rgba(155,81,224,0) 50%)\"><\/span><div class=\"wp-block-cover__inner-container is-layout-flow wp-block-cover-is-layout-flow\">\n<h1 class=\"wp-block-heading has-text-align-center\"><\/h1>\n\n\n\n<p><\/p>\n<\/div><\/div>\n\n\n\n<div style=\"height:100px\" aria-hidden=\"true\" class=\"wp-block-spacer\"><\/div>\n\n\n\n<div class=\"wp-block-columns alignwide are-vertically-aligned-center is-layout-flex wp-container-core-columns-is-layout-28f84493 wp-block-columns-is-layout-flex\">\n<div class=\"wp-block-column is-vertically-aligned-center is-layout-flow wp-block-column-is-layout-flow\">\n<h2 class=\"wp-block-heading\"><strong>GIFT CARDS<\/strong><\/h2>\n\n\n\n<p>The T\u00f5rva Veem\u00f5nula gift card is an ideal gift for a friend, family member, and partner.<\/p>\n\n\n\n<p>Gift cards are available with different values: In the amount of 10 \u20ac, 25 \u20ac, 50 \u20ac, free choice (amount to be entered manually)<\/p>\n\n\n\n<p>You can pay for all the services offered by T\u00f5rva Veem\u00f5nula using the amount indicated on the gift card.<\/p>\n\n\n\n<p>Gift cards are valid for one year from the date of purchase. If the purchase amount exceeds the value of the gift card, the gift card user pays the remaining amount in cash or with a bank card. The gift card can be used as long as the amount indicated on the card has been spent. The gift card will not be exchanged for cash. When using a gift card, it must be in good condition, and the serial number must be legible.<\/p>\n\n\n\n<div class=\"wp-block-buttons is-layout-flex wp-block-buttons-is-layout-flex\">\n<div class=\"wp-block-button\"><a class=\"wp-block-button__link wp-element-button\" href=\"mailto:admin@veemonula.ee\">WRITE TO US<\/a><\/div>\n<\/div>\n<\/div>\n\n\n\n<div class=\"wp-block-column is-layout-flow wp-block-column-is-layout-flow\" style=\"flex-basis:50px\"><\/div>\n\n\n\n<div class=\"wp-block-column is-vertically-aligned-center is-layout-flow wp-block-column-is-layout-flow\">\n<figure class=\"wp-block-image size-full\"><img loading=\"lazy\" decoding=\"async\" width=\"2560\" height=\"1559\" src=\"https:\/\/veemonula.ee\/wp-content\/uploads\/2021\/09\/Kinkekaart_9176-scaled.jpg\" alt=\"\" class=\"wp-image-6179\" srcset=\"https:\/\/veemonula.ee\/wp-content\/uploads\/2021\/09\/Kinkekaart_9176-scaled.jpg 2560w, https:\/\/veemonula.ee\/wp-content\/uploads\/2021\/09\/Kinkekaart_9176-300x183.jpg 300w, https:\/\/veemonula.ee\/wp-content\/uploads\/2021\/09\/Kinkekaart_9176-1024x624.jpg 1024w, https:\/\/veemonula.ee\/wp-content\/uploads\/2021\/09\/Kinkekaart_9176-768x468.jpg 768w, https:\/\/veemonula.ee\/wp-content\/uploads\/2021\/09\/Kinkekaart_9176-1536x936.jpg 1536w, https:\/\/veemonula.ee\/wp-content\/uploads\/2021\/09\/Kinkekaart_9176-2048x1247.jpg 2048w, https:\/\/veemonula.ee\/wp-content\/uploads\/2021\/09\/Kinkekaart_9176-1568x955.jpg 1568w\" sizes=\"auto, (max-width: 2560px) 100vw, 2560px\" \/><\/figure>\n<\/div>\n<\/div>\n\n\n\n<div style=\"height:100px\" aria-hidden=\"true\" class=\"wp-block-spacer\"><\/div>\n","protected":false},"excerpt":{"rendered":"<p>GIFT CARDS The T\u00f5rva Veem\u00f5nula gift card is an ideal gift for a friend, family member, and partner. Gift cards are available with different values: In the amount of 10 \u20ac, 25 \u20ac, 50 \u20ac, free choice (amount to be entered manually) You can pay for all the services offered by T\u00f5rva Veem\u00f5nula using the [&hellip;]<\/p>\n","protected":false},"author":2,"featured_media":0,"parent":0,"menu_order":0,"comment_status":"closed","ping_status":"closed","template":"","meta":{"footnotes":""},"class_list":["post-2500","page","type-page","status-publish","hentry"],"yoast_head":"<!-- This site is optimized with the Yoast SEO plugin v27.2 - https:\/\/yoast.com\/product\/yoast-seo-wordpress\/ -->\n<title>Gift cards - Veem\u00f5nula T\u00f5rvas<\/title>\n<meta name=\"robots\" content=\"index, follow, max-snippet:-1, max-image-preview:large, max-video-preview:-1\" \/>\n<link rel=\"canonical\" href=\"https:\/\/veemonula.ee\/en\/gift-cards\/\" \/>\n<meta property=\"og:locale\" content=\"en_US\" \/>\n<meta property=\"og:type\" content=\"article\" \/>\n<meta property=\"og:title\" content=\"Gift cards - Veem\u00f5nula T\u00f5rvas\" \/>\n<meta property=\"og:description\" content=\"GIFT CARDS The T\u00f5rva Veem\u00f5nula gift card is an ideal gift for a friend, family member, and partner. Gift cards are available with different values: In the amount of 10 \u20ac, 25 \u20ac, 50 \u20ac, free choice (amount to be entered manually) You can pay for all the services offered by T\u00f5rva Veem\u00f5nula using the [&hellip;]\" \/>\n<meta property=\"og:url\" content=\"https:\/\/veemonula.ee\/en\/gift-cards\/\" \/>\n<meta property=\"og:site_name\" content=\"Veem\u00f5nula T\u00f5rvas\" \/>\n<meta property=\"article:modified_time\" content=\"2026-03-25T09:32:09+00:00\" \/>\n<meta property=\"og:image\" content=\"https:\/\/veemonula.ee\/wp-content\/uploads\/2026\/03\/Torva_Magnus_Heinmets-5354-scaled.jpg\" \/>\n\t<meta property=\"og:image:width\" content=\"2560\" \/>\n\t<meta property=\"og:image:height\" content=\"1707\" \/>\n\t<meta property=\"og:image:type\" content=\"image\/jpeg\" \/>\n<meta name=\"twitter:card\" content=\"summary_large_image\" \/>\n<meta name=\"twitter:label1\" content=\"Est. reading time\" \/>\n\t<meta name=\"twitter:data1\" content=\"2 minutes\" \/>\n<script type=\"application\/ld+json\" class=\"yoast-schema-graph\">{\"@context\":\"https:\/\/schema.org\",\"@graph\":[{\"@type\":\"WebPage\",\"@id\":\"https:\/\/veemonula.ee\/en\/gift-cards\/\",\"url\":\"https:\/\/veemonula.ee\/en\/gift-cards\/\",\"name\":\"Gift cards - Veem\u00f5nula T\u00f5rvas\",\"isPartOf\":{\"@id\":\"https:\/\/veemonula.ee\/#website\"},\"primaryImageOfPage\":{\"@id\":\"https:\/\/veemonula.ee\/en\/gift-cards\/#primaryimage\"},\"image\":{\"@id\":\"https:\/\/veemonula.ee\/en\/gift-cards\/#primaryimage\"},\"thumbnailUrl\":\"https:\/\/veemonula.ee\/wp-content\/uploads\/2026\/03\/Torva_Magnus_Heinmets-5354-scaled.jpg\",\"datePublished\":\"2021-12-07T12:48:08+00:00\",\"dateModified\":\"2026-03-25T09:32:09+00:00\",\"breadcrumb\":{\"@id\":\"https:\/\/veemonula.ee\/en\/gift-cards\/#breadcrumb\"},\"inLanguage\":\"en-US\",\"potentialAction\":[{\"@type\":\"ReadAction\",\"target\":[\"https:\/\/veemonula.ee\/en\/gift-cards\/\"]}]},{\"@type\":\"ImageObject\",\"inLanguage\":\"en-US\",\"@id\":\"https:\/\/veemonula.ee\/en\/gift-cards\/#primaryimage\",\"url\":\"https:\/\/veemonula.ee\/wp-content\/uploads\/2026\/03\/Torva_Magnus_Heinmets-5354-scaled.jpg\",\"contentUrl\":\"https:\/\/veemonula.ee\/wp-content\/uploads\/2026\/03\/Torva_Magnus_Heinmets-5354-scaled.jpg\"},{\"@type\":\"BreadcrumbList\",\"@id\":\"https:\/\/veemonula.ee\/en\/gift-cards\/#breadcrumb\",\"itemListElement\":[{\"@type\":\"ListItem\",\"position\":1,\"name\":\"Home\",\"item\":\"https:\/\/veemonula.ee\/en\/\"},{\"@type\":\"ListItem\",\"position\":2,\"name\":\"Gift cards\"}]},{\"@type\":\"WebSite\",\"@id\":\"https:\/\/veemonula.ee\/#website\",\"url\":\"https:\/\/veemonula.ee\/\",\"name\":\"Veem\u00f5nula T\u00f5rvas\",\"description\":\"Puhkus kogu perele\",\"potentialAction\":[{\"@type\":\"SearchAction\",\"target\":{\"@type\":\"EntryPoint\",\"urlTemplate\":\"https:\/\/veemonula.ee\/?s={search_term_string}\"},\"query-input\":{\"@type\":\"PropertyValueSpecification\",\"valueRequired\":true,\"valueName\":\"search_term_string\"}}],\"inLanguage\":\"en-US\"}]}<\/script>\n<!-- \/ Yoast SEO plugin. -->","yoast_head_json":{"title":"Gift cards - Veem\u00f5nula T\u00f5rvas","robots":{"index":"index","follow":"follow","max-snippet":"max-snippet:-1","max-image-preview":"max-image-preview:large","max-video-preview":"max-video-preview:-1"},"canonical":"https:\/\/veemonula.ee\/en\/gift-cards\/","og_locale":"en_US","og_type":"article","og_title":"Gift cards - Veem\u00f5nula T\u00f5rvas","og_description":"GIFT CARDS The T\u00f5rva Veem\u00f5nula gift card is an ideal gift for a friend, family member, and partner. Gift cards are available with different values: In the amount of 10 \u20ac, 25 \u20ac, 50 \u20ac, free choice (amount to be entered manually) You can pay for all the services offered by T\u00f5rva Veem\u00f5nula using the [&hellip;]","og_url":"https:\/\/veemonula.ee\/en\/gift-cards\/","og_site_name":"Veem\u00f5nula T\u00f5rvas","article_modified_time":"2026-03-25T09:32:09+00:00","og_image":[{"width":2560,"height":1707,"url":"https:\/\/veemonula.ee\/wp-content\/uploads\/2026\/03\/Torva_Magnus_Heinmets-5354-scaled.jpg","type":"image\/jpeg"}],"twitter_card":"summary_large_image","twitter_misc":{"Est. reading time":"2 minutes"},"schema":{"@context":"https:\/\/schema.org","@graph":[{"@type":"WebPage","@id":"https:\/\/veemonula.ee\/en\/gift-cards\/","url":"https:\/\/veemonula.ee\/en\/gift-cards\/","name":"Gift cards - Veem\u00f5nula T\u00f5rvas","isPartOf":{"@id":"https:\/\/veemonula.ee\/#website"},"primaryImageOfPage":{"@id":"https:\/\/veemonula.ee\/en\/gift-cards\/#primaryimage"},"image":{"@id":"https:\/\/veemonula.ee\/en\/gift-cards\/#primaryimage"},"thumbnailUrl":"https:\/\/veemonula.ee\/wp-content\/uploads\/2026\/03\/Torva_Magnus_Heinmets-5354-scaled.jpg","datePublished":"2021-12-07T12:48:08+00:00","dateModified":"2026-03-25T09:32:09+00:00","breadcrumb":{"@id":"https:\/\/veemonula.ee\/en\/gift-cards\/#breadcrumb"},"inLanguage":"en-US","potentialAction":[{"@type":"ReadAction","target":["https:\/\/veemonula.ee\/en\/gift-cards\/"]}]},{"@type":"ImageObject","inLanguage":"en-US","@id":"https:\/\/veemonula.ee\/en\/gift-cards\/#primaryimage","url":"https:\/\/veemonula.ee\/wp-content\/uploads\/2026\/03\/Torva_Magnus_Heinmets-5354-scaled.jpg","contentUrl":"https:\/\/veemonula.ee\/wp-content\/uploads\/2026\/03\/Torva_Magnus_Heinmets-5354-scaled.jpg"},{"@type":"BreadcrumbList","@id":"https:\/\/veemonula.ee\/en\/gift-cards\/#breadcrumb","itemListElement":[{"@type":"ListItem","position":1,"name":"Home","item":"https:\/\/veemonula.ee\/en\/"},{"@type":"ListItem","position":2,"name":"Gift cards"}]},{"@type":"WebSite","@id":"https:\/\/veemonula.ee\/#website","url":"https:\/\/veemonula.ee\/","name":"Veem\u00f5nula T\u00f5rvas","description":"Puhkus kogu perele","potentialAction":[{"@type":"SearchAction","target":{"@type":"EntryPoint","urlTemplate":"https:\/\/veemonula.ee\/?s={search_term_string}"},"query-input":{"@type":"PropertyValueSpecification","valueRequired":true,"valueName":"search_term_string"}}],"inLanguage":"en-US"}]}},"_links":{"self":[{"href":"https:\/\/veemonula.ee\/en\/wp-json\/wp\/v2\/pages\/2500","targetHints":{"allow":["GET"]}}],"collection":[{"href":"https:\/\/veemonula.ee\/en\/wp-json\/wp\/v2\/pages"}],"about":[{"href":"https:\/\/veemonula.ee\/en\/wp-json\/wp\/v2\/types\/page"}],"author":[{"embeddable":true,"href":"https:\/\/veemonula.ee\/en\/wp-json\/wp\/v2\/users\/2"}],"replies":[{"embeddable":true,"href":"https:\/\/veemonula.ee\/en\/wp-json\/wp\/v2\/comments?post=2500"}],"version-history":[{"count":12,"href":"https:\/\/veemonula.ee\/en\/wp-json\/wp\/v2\/pages\/2500\/revisions"}],"predecessor-version":[{"id":8042,"href":"https:\/\/veemonula.ee\/en\/wp-json\/wp\/v2\/pages\/2500\/revisions\/8042"}],"wp:attachment":[{"href":"https:\/\/veemonula.ee\/en\/wp-json\/wp\/v2\/media?parent=2500"}],"curies":[{"name":"wp","href":"https:\/\/api.w.org\/{rel}","templated":true}]}}