{"id":2496,"date":"2021-12-13T09:46:01","date_gmt":"2021-12-13T09:46:01","guid":{"rendered":"https:\/\/veemonula.ee\/treeningud\/"},"modified":"2026-03-25T11:28:37","modified_gmt":"2026-03-25T09:28:37","slug":"practices","status":"publish","type":"page","link":"https:\/\/veemonula.ee\/en\/practices\/","title":{"rendered":"Practices"},"content":{"rendered":"\n<div class=\"wp-block-cover alignfull\" style=\"min-height:300px;aspect-ratio:unset;\"><img loading=\"lazy\" decoding=\"async\" width=\"2048\" height=\"1366\" class=\"wp-block-cover__image-background wp-image-8023 size-full\" alt=\"\" src=\"https:\/\/veemonula.ee\/wp-content\/uploads\/2026\/03\/Torva_veemonula.jpg\" data-object-fit=\"cover\" srcset=\"https:\/\/veemonula.ee\/wp-content\/uploads\/2026\/03\/Torva_veemonula.jpg 2048w, https:\/\/veemonula.ee\/wp-content\/uploads\/2026\/03\/Torva_veemonula-300x200.jpg 300w, https:\/\/veemonula.ee\/wp-content\/uploads\/2026\/03\/Torva_veemonula-1024x683.jpg 1024w, https:\/\/veemonula.ee\/wp-content\/uploads\/2026\/03\/Torva_veemonula-768x512.jpg 768w, https:\/\/veemonula.ee\/wp-content\/uploads\/2026\/03\/Torva_veemonula-1536x1025.jpg 1536w, https:\/\/veemonula.ee\/wp-content\/uploads\/2026\/03\/Torva_veemonula-1568x1046.jpg 1568w\" sizes=\"auto, (max-width: 2048px) 100vw, 2048px\" \/><span aria-hidden=\"true\" class=\"wp-block-cover__background has-background-dim-100 has-background-dim wp-block-cover__gradient-background has-background-gradient\" style=\"background:linear-gradient(180deg,rgb(33,33,33) 7%,rgba(155,81,224,0) 49%)\"><\/span><div class=\"wp-block-cover__inner-container is-layout-flow wp-block-cover-is-layout-flow\">\n<h1 class=\"wp-block-heading has-text-align-center\"><\/h1>\n\n\n\n<p><\/p>\n<\/div><\/div>\n\n\n\n<div style=\"height:100px\" aria-hidden=\"true\" class=\"wp-block-spacer\"><\/div>\n\n\n\n<div class=\"wp-block-group alignwide is-nowrap is-layout-flex wp-container-core-group-is-layout-90e70244 wp-block-group-is-layout-flex\" style=\"padding-top:0;padding-right:0;padding-bottom:0;padding-left:0\">\n<div class=\"wp-block-columns alignwide is-layout-flex wp-container-core-columns-is-layout-28f84493 wp-block-columns-is-layout-flex\">\n<div class=\"wp-block-column is-layout-flow wp-block-column-is-layout-flow\">\n<figure class=\"wp-block-gallery has-nested-images columns-1 is-cropped wp-block-gallery-1 is-layout-flex wp-block-gallery-is-layout-flex\">\n<figure class=\"wp-block-image size-full\"><img loading=\"lazy\" decoding=\"async\" width=\"1920\" height=\"1280\" data-id=\"2245\" src=\"https:\/\/veemonula.ee\/wp-content\/uploads\/2021\/12\/Torva_ujula_veeb.jpg\" alt=\"\" class=\"wp-image-2245\" srcset=\"https:\/\/veemonula.ee\/wp-content\/uploads\/2021\/12\/Torva_ujula_veeb.jpg 1920w, https:\/\/veemonula.ee\/wp-content\/uploads\/2021\/12\/Torva_ujula_veeb-300x200.jpg 300w, https:\/\/veemonula.ee\/wp-content\/uploads\/2021\/12\/Torva_ujula_veeb-1024x683.jpg 1024w, https:\/\/veemonula.ee\/wp-content\/uploads\/2021\/12\/Torva_ujula_veeb-768x512.jpg 768w, https:\/\/veemonula.ee\/wp-content\/uploads\/2021\/12\/Torva_ujula_veeb-1536x1024.jpg 1536w, https:\/\/veemonula.ee\/wp-content\/uploads\/2021\/12\/Torva_ujula_veeb-1568x1045.jpg 1568w\" sizes=\"auto, (max-width: 1920px) 100vw, 1920px\" \/><\/figure>\n\n\n\n<figure class=\"wp-block-image\"><img loading=\"lazy\" decoding=\"async\" width=\"2560\" height=\"1439\" data-id=\"7265\" src=\"https:\/\/veemonula.ee\/wp-content\/uploads\/2026\/02\/TVM-09339-edited-1-scaled.jpg\" alt=\"\" class=\"wp-image-7265\" srcset=\"https:\/\/veemonula.ee\/wp-content\/uploads\/2026\/02\/TVM-09339-edited-1-scaled.jpg 2560w, https:\/\/veemonula.ee\/wp-content\/uploads\/2026\/02\/TVM-09339-edited-1-300x169.jpg 300w, https:\/\/veemonula.ee\/wp-content\/uploads\/2026\/02\/TVM-09339-edited-1-1024x575.jpg 1024w, https:\/\/veemonula.ee\/wp-content\/uploads\/2026\/02\/TVM-09339-edited-1-768x432.jpg 768w, https:\/\/veemonula.ee\/wp-content\/uploads\/2026\/02\/TVM-09339-edited-1-1536x863.jpg 1536w, https:\/\/veemonula.ee\/wp-content\/uploads\/2026\/02\/TVM-09339-edited-1-2048x1151.jpg 2048w, https:\/\/veemonula.ee\/wp-content\/uploads\/2026\/02\/TVM-09339-edited-1-1568x881.jpg 1568w\" sizes=\"auto, (max-width: 2560px) 100vw, 2560px\" \/><\/figure>\n<\/figure>\n<\/div>\n\n\n\n<div class=\"wp-block-column is-layout-flow wp-block-column-is-layout-flow\" style=\"flex-basis:50px\"><\/div>\n\n\n\n<div class=\"wp-block-column is-vertically-aligned-center is-layout-flow wp-block-column-is-layout-flow\">\n<h2 class=\"wp-block-heading\"><strong><strong>SWIMMING PRACTICES<\/strong><\/strong><\/h2>\n\n\n\n<p>T\u00f5rva Veem\u00f5nula provides swimming practices for children.&nbsp;Practices take place 2x a week, every Monday and Wednesday, at the following times:<\/p>\n\n\n\n<ul class=\"wp-block-list\">\n<li>14.15 &#8211; 15.00 7-9 years old<\/li>\n\n\n\n<li>15.00 &#8211; 15.45 10-14 years old<\/li>\n\n\n\n<li>15.45-16.30 15 years old and older<\/li>\n\n\n\n<li>16.30-17.15 under 6 years old<\/li>\n\n\n\n<li>17.15-18.00 beginners lessons from the age of 5<\/li>\n\n\n\n<li>18.00-18.45 swimming lessons for adults<\/li>\n<\/ul>\n\n\n\n<p><strong>Coach Krislin Laving<\/strong> +372 50 32 471. Registration for practices <a href=\"http:\/\/www.yess.ee\" target=\"_blank\" rel=\"noreferrer noopener\">www.yess.ee&nbsp;<\/a><\/p>\n\n\n\n<ul class=\"wp-block-list\">\n<li>Mon, Wed between 14.15 &#8211; 16.30 two tracks in the swimming pool are reserved for swimming practices;<\/li>\n\n\n\n<li>Mon, Wed between 16.30.17.15 &#8211; 18.00 one track in the swimming pool and in addition the children\u2019s and relaxation pool are reserved for swimming practices.<\/li>\n<\/ul>\n<\/div>\n<\/div>\n<\/div>\n\n\n\n<div style=\"height:10px\" aria-hidden=\"true\" class=\"wp-block-spacer\"><\/div>\n\n\n\n<p class=\"has-text-align-center\">For more information on track reservations, call the water park\u2019s general telephone at +372 51 75 000. If you want to rent a track, please write to e-mail <a href=\"mailto:torva@veemonula.ee\">torva@veemonula.ee<\/a><\/p>\n\n\n\n<div style=\"height:100px\" aria-hidden=\"true\" class=\"wp-block-spacer\"><\/div>\n","protected":false},"excerpt":{"rendered":"<p>SWIMMING PRACTICES T\u00f5rva Veem\u00f5nula provides swimming practices for children.&nbsp;Practices take place 2x a week, every Monday and Wednesday, at the following times: Coach Krislin Laving +372 50 32 471. Registration for practices www.yess.ee&nbsp; For more information on track reservations, call the water park\u2019s general telephone at +372 51 75 000. If you want to rent [&hellip;]<\/p>\n","protected":false},"author":3,"featured_media":0,"parent":0,"menu_order":0,"comment_status":"closed","ping_status":"closed","template":"","meta":{"footnotes":""},"class_list":["post-2496","page","type-page","status-publish","hentry"],"yoast_head":"<!-- This site is optimized with the Yoast SEO plugin v27.2 - https:\/\/yoast.com\/product\/yoast-seo-wordpress\/ -->\n<title>Practices - Veem\u00f5nula T\u00f5rvas<\/title>\n<meta name=\"robots\" content=\"index, follow, max-snippet:-1, max-image-preview:large, max-video-preview:-1\" \/>\n<link rel=\"canonical\" href=\"https:\/\/veemonula.ee\/en\/practices\/\" \/>\n<meta property=\"og:locale\" content=\"en_US\" \/>\n<meta property=\"og:type\" content=\"article\" \/>\n<meta property=\"og:title\" content=\"Practices - Veem\u00f5nula T\u00f5rvas\" \/>\n<meta property=\"og:description\" content=\"SWIMMING PRACTICES T\u00f5rva Veem\u00f5nula provides swimming practices for children.&nbsp;Practices take place 2x a week, every Monday and Wednesday, at the following times: Coach Krislin Laving +372 50 32 471. Registration for practices www.yess.ee&nbsp; For more information on track reservations, call the water park\u2019s general telephone at +372 51 75 000. If you want to rent [&hellip;]\" \/>\n<meta property=\"og:url\" content=\"https:\/\/veemonula.ee\/en\/practices\/\" \/>\n<meta property=\"og:site_name\" content=\"Veem\u00f5nula T\u00f5rvas\" \/>\n<meta property=\"article:modified_time\" content=\"2026-03-25T09:28:37+00:00\" \/>\n<meta property=\"og:image\" content=\"https:\/\/veemonula.ee\/wp-content\/uploads\/2026\/03\/Torva_veemonula.jpg\" \/>\n\t<meta property=\"og:image:width\" content=\"2048\" \/>\n\t<meta property=\"og:image:height\" content=\"1366\" \/>\n\t<meta property=\"og:image:type\" content=\"image\/jpeg\" \/>\n<meta name=\"twitter:card\" content=\"summary_large_image\" \/>\n<meta name=\"twitter:label1\" content=\"Est. reading time\" \/>\n\t<meta name=\"twitter:data1\" content=\"2 minutes\" \/>\n<script type=\"application\/ld+json\" class=\"yoast-schema-graph\">{\"@context\":\"https:\/\/schema.org\",\"@graph\":[{\"@type\":\"WebPage\",\"@id\":\"https:\/\/veemonula.ee\/en\/practices\/\",\"url\":\"https:\/\/veemonula.ee\/en\/practices\/\",\"name\":\"Practices - Veem\u00f5nula T\u00f5rvas\",\"isPartOf\":{\"@id\":\"https:\/\/veemonula.ee\/#website\"},\"primaryImageOfPage\":{\"@id\":\"https:\/\/veemonula.ee\/en\/practices\/#primaryimage\"},\"image\":{\"@id\":\"https:\/\/veemonula.ee\/en\/practices\/#primaryimage\"},\"thumbnailUrl\":\"https:\/\/veemonula.ee\/wp-content\/uploads\/2026\/03\/Torva_veemonula.jpg\",\"datePublished\":\"2021-12-13T09:46:01+00:00\",\"dateModified\":\"2026-03-25T09:28:37+00:00\",\"breadcrumb\":{\"@id\":\"https:\/\/veemonula.ee\/en\/practices\/#breadcrumb\"},\"inLanguage\":\"en-US\",\"potentialAction\":[{\"@type\":\"ReadAction\",\"target\":[\"https:\/\/veemonula.ee\/en\/practices\/\"]}]},{\"@type\":\"ImageObject\",\"inLanguage\":\"en-US\",\"@id\":\"https:\/\/veemonula.ee\/en\/practices\/#primaryimage\",\"url\":\"https:\/\/veemonula.ee\/wp-content\/uploads\/2026\/03\/Torva_veemonula.jpg\",\"contentUrl\":\"https:\/\/veemonula.ee\/wp-content\/uploads\/2026\/03\/Torva_veemonula.jpg\"},{\"@type\":\"BreadcrumbList\",\"@id\":\"https:\/\/veemonula.ee\/en\/practices\/#breadcrumb\",\"itemListElement\":[{\"@type\":\"ListItem\",\"position\":1,\"name\":\"Home\",\"item\":\"https:\/\/veemonula.ee\/en\/\"},{\"@type\":\"ListItem\",\"position\":2,\"name\":\"Practices\"}]},{\"@type\":\"WebSite\",\"@id\":\"https:\/\/veemonula.ee\/#website\",\"url\":\"https:\/\/veemonula.ee\/\",\"name\":\"Veem\u00f5nula T\u00f5rvas\",\"description\":\"Puhkus kogu perele\",\"potentialAction\":[{\"@type\":\"SearchAction\",\"target\":{\"@type\":\"EntryPoint\",\"urlTemplate\":\"https:\/\/veemonula.ee\/?s={search_term_string}\"},\"query-input\":{\"@type\":\"PropertyValueSpecification\",\"valueRequired\":true,\"valueName\":\"search_term_string\"}}],\"inLanguage\":\"en-US\"}]}<\/script>\n<!-- \/ Yoast SEO plugin. -->","yoast_head_json":{"title":"Practices - Veem\u00f5nula T\u00f5rvas","robots":{"index":"index","follow":"follow","max-snippet":"max-snippet:-1","max-image-preview":"max-image-preview:large","max-video-preview":"max-video-preview:-1"},"canonical":"https:\/\/veemonula.ee\/en\/practices\/","og_locale":"en_US","og_type":"article","og_title":"Practices - Veem\u00f5nula T\u00f5rvas","og_description":"SWIMMING PRACTICES T\u00f5rva Veem\u00f5nula provides swimming practices for children.&nbsp;Practices take place 2x a week, every Monday and Wednesday, at the following times: Coach Krislin Laving +372 50 32 471. Registration for practices www.yess.ee&nbsp; For more information on track reservations, call the water park\u2019s general telephone at +372 51 75 000. If you want to rent [&hellip;]","og_url":"https:\/\/veemonula.ee\/en\/practices\/","og_site_name":"Veem\u00f5nula T\u00f5rvas","article_modified_time":"2026-03-25T09:28:37+00:00","og_image":[{"width":2048,"height":1366,"url":"https:\/\/veemonula.ee\/wp-content\/uploads\/2026\/03\/Torva_veemonula.jpg","type":"image\/jpeg"}],"twitter_card":"summary_large_image","twitter_misc":{"Est. reading time":"2 minutes"},"schema":{"@context":"https:\/\/schema.org","@graph":[{"@type":"WebPage","@id":"https:\/\/veemonula.ee\/en\/practices\/","url":"https:\/\/veemonula.ee\/en\/practices\/","name":"Practices - Veem\u00f5nula T\u00f5rvas","isPartOf":{"@id":"https:\/\/veemonula.ee\/#website"},"primaryImageOfPage":{"@id":"https:\/\/veemonula.ee\/en\/practices\/#primaryimage"},"image":{"@id":"https:\/\/veemonula.ee\/en\/practices\/#primaryimage"},"thumbnailUrl":"https:\/\/veemonula.ee\/wp-content\/uploads\/2026\/03\/Torva_veemonula.jpg","datePublished":"2021-12-13T09:46:01+00:00","dateModified":"2026-03-25T09:28:37+00:00","breadcrumb":{"@id":"https:\/\/veemonula.ee\/en\/practices\/#breadcrumb"},"inLanguage":"en-US","potentialAction":[{"@type":"ReadAction","target":["https:\/\/veemonula.ee\/en\/practices\/"]}]},{"@type":"ImageObject","inLanguage":"en-US","@id":"https:\/\/veemonula.ee\/en\/practices\/#primaryimage","url":"https:\/\/veemonula.ee\/wp-content\/uploads\/2026\/03\/Torva_veemonula.jpg","contentUrl":"https:\/\/veemonula.ee\/wp-content\/uploads\/2026\/03\/Torva_veemonula.jpg"},{"@type":"BreadcrumbList","@id":"https:\/\/veemonula.ee\/en\/practices\/#breadcrumb","itemListElement":[{"@type":"ListItem","position":1,"name":"Home","item":"https:\/\/veemonula.ee\/en\/"},{"@type":"ListItem","position":2,"name":"Practices"}]},{"@type":"WebSite","@id":"https:\/\/veemonula.ee\/#website","url":"https:\/\/veemonula.ee\/","name":"Veem\u00f5nula T\u00f5rvas","description":"Puhkus kogu perele","potentialAction":[{"@type":"SearchAction","target":{"@type":"EntryPoint","urlTemplate":"https:\/\/veemonula.ee\/?s={search_term_string}"},"query-input":{"@type":"PropertyValueSpecification","valueRequired":true,"valueName":"search_term_string"}}],"inLanguage":"en-US"}]}},"_links":{"self":[{"href":"https:\/\/veemonula.ee\/en\/wp-json\/wp\/v2\/pages\/2496","targetHints":{"allow":["GET"]}}],"collection":[{"href":"https:\/\/veemonula.ee\/en\/wp-json\/wp\/v2\/pages"}],"about":[{"href":"https:\/\/veemonula.ee\/en\/wp-json\/wp\/v2\/types\/page"}],"author":[{"embeddable":true,"href":"https:\/\/veemonula.ee\/en\/wp-json\/wp\/v2\/users\/3"}],"replies":[{"embeddable":true,"href":"https:\/\/veemonula.ee\/en\/wp-json\/wp\/v2\/comments?post=2496"}],"version-history":[{"count":11,"href":"https:\/\/veemonula.ee\/en\/wp-json\/wp\/v2\/pages\/2496\/revisions"}],"predecessor-version":[{"id":8028,"href":"https:\/\/veemonula.ee\/en\/wp-json\/wp\/v2\/pages\/2496\/revisions\/8028"}],"wp:attachment":[{"href":"https:\/\/veemonula.ee\/en\/wp-json\/wp\/v2\/media?parent=2496"}],"curies":[{"name":"wp","href":"https:\/\/api.w.org\/{rel}","templated":true}]}}