{"id":2493,"date":"2021-12-20T13:50:44","date_gmt":"2021-12-20T13:50:44","guid":{"rendered":"https:\/\/veemonula.ee\/hea-tava\/"},"modified":"2026-03-25T11:37:58","modified_gmt":"2026-03-25T09:37:58","slug":"good-practices","status":"publish","type":"page","link":"https:\/\/veemonula.ee\/en\/good-practices\/","title":{"rendered":"Good practices"},"content":{"rendered":"\n<div class=\"wp-block-cover alignfull\" style=\"min-height:301px;aspect-ratio:unset;\"><img loading=\"lazy\" decoding=\"async\" width=\"1920\" height=\"1280\" class=\"wp-block-cover__image-background wp-image-8047 size-full\" alt=\"\" src=\"https:\/\/veemonula.ee\/wp-content\/uploads\/2026\/03\/Torva_ujula_veeb.jpg\" data-object-fit=\"cover\" srcset=\"https:\/\/veemonula.ee\/wp-content\/uploads\/2026\/03\/Torva_ujula_veeb.jpg 1920w, https:\/\/veemonula.ee\/wp-content\/uploads\/2026\/03\/Torva_ujula_veeb-300x200.jpg 300w, https:\/\/veemonula.ee\/wp-content\/uploads\/2026\/03\/Torva_ujula_veeb-1024x683.jpg 1024w, https:\/\/veemonula.ee\/wp-content\/uploads\/2026\/03\/Torva_ujula_veeb-768x512.jpg 768w, https:\/\/veemonula.ee\/wp-content\/uploads\/2026\/03\/Torva_ujula_veeb-1536x1024.jpg 1536w, https:\/\/veemonula.ee\/wp-content\/uploads\/2026\/03\/Torva_ujula_veeb-1568x1045.jpg 1568w\" sizes=\"auto, (max-width: 1920px) 100vw, 1920px\" \/><span aria-hidden=\"true\" class=\"wp-block-cover__background has-background-dim-100 has-background-dim wp-block-cover__gradient-background has-background-gradient\" style=\"background:linear-gradient(180deg,rgb(33,33,33) 1%,rgba(155,81,224,0) 49%)\"><\/span><div class=\"wp-block-cover__inner-container is-layout-flow wp-block-cover-is-layout-flow\">\n<h1 class=\"wp-block-heading has-text-align-center\"><\/h1>\n<\/div><\/div>\n\n\n\n<div style=\"height:100px\" aria-hidden=\"true\" class=\"wp-block-spacer\"><\/div>\n\n\n\n<h2 class=\"wp-block-heading\"><strong>WELCOME TO T\u00d5RVA VEEM\u00d5NULA WATER AND SAUNA CENTER!<\/strong><br><meta charset=\"utf-8\"><\/meta><\/h2>\n\n\n\n<div style=\"height:10px\" aria-hidden=\"true\" class=\"wp-block-spacer\"><\/div>\n\n\n\n<div class=\"wp-block-columns is-layout-flex wp-container-core-columns-is-layout-28f84493 wp-block-columns-is-layout-flex\">\n<div class=\"wp-block-column is-layout-flow wp-block-column-is-layout-flow\">\n<ul class=\"wp-block-list\">\n<li>With one visit, you can enjoy water pleasures in our center for a total of 2 hours; if you lose track of time while enjoying yourself, the cost of each minute exceeded is 10 cents per person, and you can pay for it when you leave.<br><\/li>\n\n\n\n<li>When purchasing a discount ticket according to the price list, please prove your eligibility for the discount with a document.<br><\/li>\n\n\n\n<li>The youngest in the family (0-3 years) should use a swim diaper.<br><\/li>\n\n\n\n<li>Children under the age of 10 are only welcome to visit our water and sauna center with an adult escort who is responsible for the child.<br><\/li>\n\n\n\n<li>Children can come to the water and sauna center independently from the age of 10, provided they can ensure their own safety in the water and sauna.<br><\/li>\n\n\n\n<li>At the reception of the water and sauna center, we will give you a wristband with a chip with which you can enter the water and sauna center and open your locker in the locker room.&nbsp;<br><\/li>\n\n\n\n<li>Do not change wristbands or take them out of the water and sauna center. When leaving, return the wristband with the chip to the reception of the water and sauna center. If you lose the wristband, you will have to pay compensation of 50 euros.<br><\/li>\n\n\n\n<li>When buying food and drinks from the caf\u00e9 of the water and sauna center, you must pay at the time of making the purchase. If you want to buy from the pool bar, you can use the wristband chip. Do not forget to pay for the products consumed at the pool bar at the reception of the water and sauna center.&nbsp;<br><\/li>\n\n\n\n<li>Consume food and beverages purchased from the pool bar and caf\u00e9 of the water and sauna center in the designated areas.<br><\/li>\n\n\n\n<li>It is not allowed to smoke and consume alcoholic drinks and drugs at the water and sauna center.<br><\/li>\n\n\n\n<li>Be careful with your belongings, as the water and sauna center is not responsible for items left in the locker. We store forgotten items for seven days.<br><\/li>\n\n\n\n<li>We expect visitors to have a prudent attitude towards their surroundings. If the visitor intentionally breaks the inventory of the complex, he or she is obliged to compensate for the damage in full.<br><\/li>\n\n\n\n<li>Please pay attention to the explanatory signs in the water and sauna center.<br><\/li>\n\n\n\n<li>As your health is important to us, please be careful in the shower and locker rooms. Floors can be wet and slippery.<br><\/li>\n\n\n\n<li>Guests are kindly requested to wash before entering the swimming pools and sauna area. If possible, remove the makeup and tie up long hair.<br><\/li>\n\n\n\n<li>Hair dying, coloring, use of body care products (exfoliators, masks, oils, etc.), shaving, shaving, and doing laundry in the water and sauna center are not allowed.<br><\/li>\n\n\n\n<li>T\u00f5rva Veem\u00f5nula (T\u00f5rva VM O\u00dc) is not responsible for your injuries or other health problems.<br><\/li>\n\n\n\n<li>If you have any questions or problems, please contact the water and sauna center staff.<br><\/li>\n\n\n\n<li>Service personnel has the right to make reprimands to visitors in the event of inappropriate behavior and actions. We have the right not to admit a drunken guest to the water and sauna center. The water and sauna center reserves the right to suspend the visitor\u2019s ticket without compensation in case of violation of good practice.<\/li>\n<\/ul>\n\n\n\n<p><strong>We wish you a relaxing enjoyment!<\/strong><\/p>\n\n\n\n<div style=\"height:100px\" aria-hidden=\"true\" class=\"wp-block-spacer\"><\/div>\n<\/div>\n<\/div>\n\n\n\n<p><\/p>\n","protected":false},"excerpt":{"rendered":"<p>WELCOME TO T\u00d5RVA VEEM\u00d5NULA WATER AND SAUNA CENTER! We wish you a relaxing enjoyment!<\/p>\n","protected":false},"author":3,"featured_media":0,"parent":0,"menu_order":0,"comment_status":"closed","ping_status":"closed","template":"","meta":{"footnotes":""},"class_list":["post-2493","page","type-page","status-publish","hentry"],"yoast_head":"<!-- This site is optimized with the Yoast SEO plugin v27.2 - https:\/\/yoast.com\/product\/yoast-seo-wordpress\/ -->\n<title>Good practices - Veem\u00f5nula T\u00f5rvas<\/title>\n<meta name=\"robots\" content=\"index, follow, max-snippet:-1, max-image-preview:large, max-video-preview:-1\" \/>\n<link rel=\"canonical\" href=\"https:\/\/veemonula.ee\/en\/good-practices\/\" \/>\n<meta property=\"og:locale\" content=\"en_US\" \/>\n<meta property=\"og:type\" content=\"article\" \/>\n<meta property=\"og:title\" content=\"Good practices - Veem\u00f5nula T\u00f5rvas\" \/>\n<meta property=\"og:description\" content=\"WELCOME TO T\u00d5RVA VEEM\u00d5NULA WATER AND SAUNA CENTER! We wish you a relaxing enjoyment!\" \/>\n<meta property=\"og:url\" content=\"https:\/\/veemonula.ee\/en\/good-practices\/\" \/>\n<meta property=\"og:site_name\" content=\"Veem\u00f5nula T\u00f5rvas\" \/>\n<meta property=\"article:modified_time\" content=\"2026-03-25T09:37:58+00:00\" \/>\n<meta property=\"og:image\" content=\"https:\/\/veemonula.ee\/wp-content\/uploads\/2026\/03\/Torva_ujula_veeb.jpg\" \/>\n\t<meta property=\"og:image:width\" content=\"1920\" \/>\n\t<meta property=\"og:image:height\" content=\"1280\" \/>\n\t<meta property=\"og:image:type\" content=\"image\/jpeg\" \/>\n<meta name=\"twitter:card\" content=\"summary_large_image\" \/>\n<meta name=\"twitter:label1\" content=\"Est. reading time\" \/>\n\t<meta name=\"twitter:data1\" content=\"4 minutes\" \/>\n<script type=\"application\/ld+json\" class=\"yoast-schema-graph\">{\"@context\":\"https:\/\/schema.org\",\"@graph\":[{\"@type\":\"WebPage\",\"@id\":\"https:\/\/veemonula.ee\/en\/good-practices\/\",\"url\":\"https:\/\/veemonula.ee\/en\/good-practices\/\",\"name\":\"Good practices - Veem\u00f5nula T\u00f5rvas\",\"isPartOf\":{\"@id\":\"https:\/\/veemonula.ee\/#website\"},\"primaryImageOfPage\":{\"@id\":\"https:\/\/veemonula.ee\/en\/good-practices\/#primaryimage\"},\"image\":{\"@id\":\"https:\/\/veemonula.ee\/en\/good-practices\/#primaryimage\"},\"thumbnailUrl\":\"https:\/\/veemonula.ee\/wp-content\/uploads\/2026\/03\/Torva_ujula_veeb.jpg\",\"datePublished\":\"2021-12-20T13:50:44+00:00\",\"dateModified\":\"2026-03-25T09:37:58+00:00\",\"breadcrumb\":{\"@id\":\"https:\/\/veemonula.ee\/en\/good-practices\/#breadcrumb\"},\"inLanguage\":\"en-US\",\"potentialAction\":[{\"@type\":\"ReadAction\",\"target\":[\"https:\/\/veemonula.ee\/en\/good-practices\/\"]}]},{\"@type\":\"ImageObject\",\"inLanguage\":\"en-US\",\"@id\":\"https:\/\/veemonula.ee\/en\/good-practices\/#primaryimage\",\"url\":\"https:\/\/veemonula.ee\/wp-content\/uploads\/2026\/03\/Torva_ujula_veeb.jpg\",\"contentUrl\":\"https:\/\/veemonula.ee\/wp-content\/uploads\/2026\/03\/Torva_ujula_veeb.jpg\"},{\"@type\":\"BreadcrumbList\",\"@id\":\"https:\/\/veemonula.ee\/en\/good-practices\/#breadcrumb\",\"itemListElement\":[{\"@type\":\"ListItem\",\"position\":1,\"name\":\"Home\",\"item\":\"https:\/\/veemonula.ee\/en\/\"},{\"@type\":\"ListItem\",\"position\":2,\"name\":\"Good practices\"}]},{\"@type\":\"WebSite\",\"@id\":\"https:\/\/veemonula.ee\/#website\",\"url\":\"https:\/\/veemonula.ee\/\",\"name\":\"Veem\u00f5nula T\u00f5rvas\",\"description\":\"Puhkus kogu perele\",\"potentialAction\":[{\"@type\":\"SearchAction\",\"target\":{\"@type\":\"EntryPoint\",\"urlTemplate\":\"https:\/\/veemonula.ee\/?s={search_term_string}\"},\"query-input\":{\"@type\":\"PropertyValueSpecification\",\"valueRequired\":true,\"valueName\":\"search_term_string\"}}],\"inLanguage\":\"en-US\"}]}<\/script>\n<!-- \/ Yoast SEO plugin. -->","yoast_head_json":{"title":"Good practices - Veem\u00f5nula T\u00f5rvas","robots":{"index":"index","follow":"follow","max-snippet":"max-snippet:-1","max-image-preview":"max-image-preview:large","max-video-preview":"max-video-preview:-1"},"canonical":"https:\/\/veemonula.ee\/en\/good-practices\/","og_locale":"en_US","og_type":"article","og_title":"Good practices - Veem\u00f5nula T\u00f5rvas","og_description":"WELCOME TO T\u00d5RVA VEEM\u00d5NULA WATER AND SAUNA CENTER! We wish you a relaxing enjoyment!","og_url":"https:\/\/veemonula.ee\/en\/good-practices\/","og_site_name":"Veem\u00f5nula T\u00f5rvas","article_modified_time":"2026-03-25T09:37:58+00:00","og_image":[{"width":1920,"height":1280,"url":"https:\/\/veemonula.ee\/wp-content\/uploads\/2026\/03\/Torva_ujula_veeb.jpg","type":"image\/jpeg"}],"twitter_card":"summary_large_image","twitter_misc":{"Est. reading time":"4 minutes"},"schema":{"@context":"https:\/\/schema.org","@graph":[{"@type":"WebPage","@id":"https:\/\/veemonula.ee\/en\/good-practices\/","url":"https:\/\/veemonula.ee\/en\/good-practices\/","name":"Good practices - Veem\u00f5nula T\u00f5rvas","isPartOf":{"@id":"https:\/\/veemonula.ee\/#website"},"primaryImageOfPage":{"@id":"https:\/\/veemonula.ee\/en\/good-practices\/#primaryimage"},"image":{"@id":"https:\/\/veemonula.ee\/en\/good-practices\/#primaryimage"},"thumbnailUrl":"https:\/\/veemonula.ee\/wp-content\/uploads\/2026\/03\/Torva_ujula_veeb.jpg","datePublished":"2021-12-20T13:50:44+00:00","dateModified":"2026-03-25T09:37:58+00:00","breadcrumb":{"@id":"https:\/\/veemonula.ee\/en\/good-practices\/#breadcrumb"},"inLanguage":"en-US","potentialAction":[{"@type":"ReadAction","target":["https:\/\/veemonula.ee\/en\/good-practices\/"]}]},{"@type":"ImageObject","inLanguage":"en-US","@id":"https:\/\/veemonula.ee\/en\/good-practices\/#primaryimage","url":"https:\/\/veemonula.ee\/wp-content\/uploads\/2026\/03\/Torva_ujula_veeb.jpg","contentUrl":"https:\/\/veemonula.ee\/wp-content\/uploads\/2026\/03\/Torva_ujula_veeb.jpg"},{"@type":"BreadcrumbList","@id":"https:\/\/veemonula.ee\/en\/good-practices\/#breadcrumb","itemListElement":[{"@type":"ListItem","position":1,"name":"Home","item":"https:\/\/veemonula.ee\/en\/"},{"@type":"ListItem","position":2,"name":"Good practices"}]},{"@type":"WebSite","@id":"https:\/\/veemonula.ee\/#website","url":"https:\/\/veemonula.ee\/","name":"Veem\u00f5nula T\u00f5rvas","description":"Puhkus kogu perele","potentialAction":[{"@type":"SearchAction","target":{"@type":"EntryPoint","urlTemplate":"https:\/\/veemonula.ee\/?s={search_term_string}"},"query-input":{"@type":"PropertyValueSpecification","valueRequired":true,"valueName":"search_term_string"}}],"inLanguage":"en-US"}]}},"_links":{"self":[{"href":"https:\/\/veemonula.ee\/en\/wp-json\/wp\/v2\/pages\/2493","targetHints":{"allow":["GET"]}}],"collection":[{"href":"https:\/\/veemonula.ee\/en\/wp-json\/wp\/v2\/pages"}],"about":[{"href":"https:\/\/veemonula.ee\/en\/wp-json\/wp\/v2\/types\/page"}],"author":[{"embeddable":true,"href":"https:\/\/veemonula.ee\/en\/wp-json\/wp\/v2\/users\/3"}],"replies":[{"embeddable":true,"href":"https:\/\/veemonula.ee\/en\/wp-json\/wp\/v2\/comments?post=2493"}],"version-history":[{"count":8,"href":"https:\/\/veemonula.ee\/en\/wp-json\/wp\/v2\/pages\/2493\/revisions"}],"predecessor-version":[{"id":8053,"href":"https:\/\/veemonula.ee\/en\/wp-json\/wp\/v2\/pages\/2493\/revisions\/8053"}],"wp:attachment":[{"href":"https:\/\/veemonula.ee\/en\/wp-json\/wp\/v2\/media?parent=2493"}],"curies":[{"name":"wp","href":"https:\/\/api.w.org\/{rel}","templated":true}]}}