{"id":2486,"date":"2021-12-13T09:21:01","date_gmt":"2021-12-13T09:21:01","guid":{"rendered":"https:\/\/veemonula.ee\/veemonula\/"},"modified":"2026-03-25T15:06:38","modified_gmt":"2026-03-25T13:06:38","slug":"veemonula","status":"publish","type":"page","link":"https:\/\/veemonula.ee\/en\/veemonula\/","title":{"rendered":"Veem\u00f5nula"},"content":{"rendered":"\n<div class=\"wp-block-cover alignfull wp-duotone-unset-1\" style=\"min-height:300px;aspect-ratio:unset;\"><img loading=\"lazy\" decoding=\"async\" width=\"2048\" height=\"1366\" class=\"wp-block-cover__image-background wp-image-8106 size-full\" alt=\"\" src=\"https:\/\/veemonula.ee\/wp-content\/uploads\/2026\/03\/puhkus_torva_veemonulas.jpg\" data-object-fit=\"cover\" srcset=\"https:\/\/veemonula.ee\/wp-content\/uploads\/2026\/03\/puhkus_torva_veemonulas.jpg 2048w, https:\/\/veemonula.ee\/wp-content\/uploads\/2026\/03\/puhkus_torva_veemonulas-300x200.jpg 300w, https:\/\/veemonula.ee\/wp-content\/uploads\/2026\/03\/puhkus_torva_veemonulas-1024x683.jpg 1024w, https:\/\/veemonula.ee\/wp-content\/uploads\/2026\/03\/puhkus_torva_veemonulas-768x512.jpg 768w, https:\/\/veemonula.ee\/wp-content\/uploads\/2026\/03\/puhkus_torva_veemonulas-1536x1025.jpg 1536w, https:\/\/veemonula.ee\/wp-content\/uploads\/2026\/03\/puhkus_torva_veemonulas-1568x1046.jpg 1568w\" sizes=\"auto, (max-width: 2048px) 100vw, 2048px\" \/><span aria-hidden=\"true\" class=\"wp-block-cover__background has-background-dim-100 has-background-dim wp-block-cover__gradient-background has-background-gradient\" style=\"background:linear-gradient(180deg,rgb(33,33,33) 0%,rgba(155,81,224,0) 50%)\"><\/span><div class=\"wp-block-cover__inner-container is-layout-flow wp-block-cover-is-layout-flow\">\n<h1 class=\"wp-block-heading has-text-align-center\"><\/h1>\n\n\n\n<p class=\"has-text-align-center\"><\/p>\n<\/div><\/div>\n\n\n\n<div style=\"height:100px\" aria-hidden=\"true\" class=\"wp-block-spacer\"><\/div>\n\n\n\n<div class=\"wp-block-columns alignwide is-layout-flex wp-container-core-columns-is-layout-28f84493 wp-block-columns-is-layout-flex\">\n<div class=\"wp-block-column is-vertically-aligned-center is-layout-flow wp-block-column-is-layout-flow\">\n<p>The air temperature in the T\u00f5rva Veem\u00f5nula pool area is 33 \u2070C.<\/p>\n\n\n\n<h2 class=\"wp-block-heading\"><strong>25-METER SWIMMING POOL<\/strong><\/h2>\n\n\n\n<p>We have a 25-meter swimming pool with three lanes, the lowest part of which is 1.05 m, and the deepest part is 1.60 m deep. The temperature of the pool water is 28 \u00b0C, which is suitable for bathers, athletes as well as those simply enjoying the pleasures of water. In addition, our swimming pool is equipped with relaxing massage jets that add spice to the swimming.<\/p>\n<\/div>\n\n\n\n<div class=\"wp-block-column is-layout-flow wp-block-column-is-layout-flow\" style=\"flex-basis:50px\"><\/div>\n\n\n\n<div class=\"wp-block-column is-layout-flow wp-block-column-is-layout-flow\">\n<div class=\"wp-block-columns is-layout-flex wp-container-core-columns-is-layout-28f84493 wp-block-columns-is-layout-flex\">\n<div class=\"wp-block-column is-layout-flow wp-block-column-is-layout-flow\" style=\"flex-basis:100%\">\n<div class=\"wp-block-columns is-layout-flex wp-container-core-columns-is-layout-e0e4babd wp-block-columns-is-layout-flex\" style=\"padding-right:0;padding-left:0\">\n<div class=\"wp-block-column is-layout-flow wp-block-column-is-layout-flow\" style=\"flex-basis:100%\">\n<div class=\"wp-block-columns alignwide are-vertically-aligned-center is-layout-flex wp-container-core-columns-is-layout-a5331a9e wp-block-columns-is-layout-flex\" style=\"padding-top:0;padding-right:0;padding-bottom:0;padding-left:0\">\n<div class=\"wp-block-column is-vertically-aligned-center is-layout-flow wp-block-column-is-layout-flow\" style=\"flex-basis:100%\">\n<figure class=\"wp-block-gallery has-nested-images columns-default is-cropped wp-block-gallery-2 is-layout-flex wp-block-gallery-is-layout-flex\">\n<figure class=\"wp-block-image size-large\"><img loading=\"lazy\" decoding=\"async\" width=\"1024\" height=\"683\" data-id=\"2080\" src=\"https:\/\/veemonula.ee\/wp-content\/uploads\/2021\/12\/ujula_torvas-1024x683.jpg\" alt=\"\" class=\"wp-image-2080\" srcset=\"https:\/\/veemonula.ee\/wp-content\/uploads\/2021\/12\/ujula_torvas-1024x683.jpg 1024w, https:\/\/veemonula.ee\/wp-content\/uploads\/2021\/12\/ujula_torvas-300x200.jpg 300w, https:\/\/veemonula.ee\/wp-content\/uploads\/2021\/12\/ujula_torvas-768x512.jpg 768w, https:\/\/veemonula.ee\/wp-content\/uploads\/2021\/12\/ujula_torvas-1536x1025.jpg 1536w, https:\/\/veemonula.ee\/wp-content\/uploads\/2021\/12\/ujula_torvas-1568x1046.jpg 1568w, https:\/\/veemonula.ee\/wp-content\/uploads\/2021\/12\/ujula_torvas.jpg 2048w\" sizes=\"auto, (max-width: 1024px) 100vw, 1024px\" \/><\/figure>\n\n\n\n<figure class=\"wp-block-image size-large\"><img loading=\"lazy\" decoding=\"async\" width=\"1024\" height=\"683\" data-id=\"8099\" src=\"https:\/\/veemonula.ee\/wp-content\/uploads\/2026\/03\/TVM-08967-1024x683.jpg\" alt=\"\" class=\"wp-image-8099\" srcset=\"https:\/\/veemonula.ee\/wp-content\/uploads\/2026\/03\/TVM-08967-1024x683.jpg 1024w, https:\/\/veemonula.ee\/wp-content\/uploads\/2026\/03\/TVM-08967-300x200.jpg 300w, https:\/\/veemonula.ee\/wp-content\/uploads\/2026\/03\/TVM-08967-768x512.jpg 768w, https:\/\/veemonula.ee\/wp-content\/uploads\/2026\/03\/TVM-08967-1536x1024.jpg 1536w, https:\/\/veemonula.ee\/wp-content\/uploads\/2026\/03\/TVM-08967-2048x1365.jpg 2048w, https:\/\/veemonula.ee\/wp-content\/uploads\/2026\/03\/TVM-08967-1568x1045.jpg 1568w\" sizes=\"auto, (max-width: 1024px) 100vw, 1024px\" \/><\/figure>\n\n\n\n<figure class=\"wp-block-image size-large\"><img loading=\"lazy\" decoding=\"async\" width=\"1024\" height=\"683\" data-id=\"4177\" src=\"https:\/\/veemonula.ee\/wp-content\/uploads\/2022\/11\/RDM-01686-1024x683.jpg\" alt=\"\" class=\"wp-image-4177\" srcset=\"https:\/\/veemonula.ee\/wp-content\/uploads\/2022\/11\/RDM-01686-1024x683.jpg 1024w, https:\/\/veemonula.ee\/wp-content\/uploads\/2022\/11\/RDM-01686-300x200.jpg 300w, https:\/\/veemonula.ee\/wp-content\/uploads\/2022\/11\/RDM-01686-768x512.jpg 768w, https:\/\/veemonula.ee\/wp-content\/uploads\/2022\/11\/RDM-01686.jpg 1200w\" sizes=\"auto, (max-width: 1024px) 100vw, 1024px\" \/><\/figure>\n\n\n\n<figure class=\"wp-block-image size-large\"><img loading=\"lazy\" decoding=\"async\" width=\"1248\" height=\"702\" data-id=\"7182\" src=\"https:\/\/veemonula.ee\/wp-content\/uploads\/2026\/02\/Firefly_Gemini-Flash_change-season-to-winter-remove-chairs-968754-edited.png\" alt=\"\" class=\"wp-image-7182\" srcset=\"https:\/\/veemonula.ee\/wp-content\/uploads\/2026\/02\/Firefly_Gemini-Flash_change-season-to-winter-remove-chairs-968754-edited.png 1248w, https:\/\/veemonula.ee\/wp-content\/uploads\/2026\/02\/Firefly_Gemini-Flash_change-season-to-winter-remove-chairs-968754-edited-300x169.png 300w, https:\/\/veemonula.ee\/wp-content\/uploads\/2026\/02\/Firefly_Gemini-Flash_change-season-to-winter-remove-chairs-968754-edited-1024x576.png 1024w, https:\/\/veemonula.ee\/wp-content\/uploads\/2026\/02\/Firefly_Gemini-Flash_change-season-to-winter-remove-chairs-968754-edited-768x432.png 768w\" sizes=\"auto, (max-width: 1248px) 100vw, 1248px\" \/><\/figure>\n<\/figure>\n<\/div>\n<\/div>\n<\/div>\n<\/div>\n<\/div>\n<\/div>\n<\/div>\n<\/div>\n\n\n\n<div style=\"height:50px\" aria-hidden=\"true\" class=\"wp-block-spacer\"><\/div>\n\n\n\n<div class=\"wp-block-columns alignwide is-layout-flex wp-container-core-columns-is-layout-e0e4babd wp-block-columns-is-layout-flex\" style=\"padding-right:0;padding-left:0\">\n<div class=\"wp-block-column is-layout-flow wp-block-column-is-layout-flow\">\n<figure class=\"wp-block-gallery has-nested-images columns-default is-cropped wp-block-gallery-3 is-layout-flex wp-block-gallery-is-layout-flex\">\n<figure class=\"wp-block-image size-large\"><img loading=\"lazy\" decoding=\"async\" width=\"683\" height=\"1024\" data-id=\"1641\" src=\"https:\/\/veemonula.ee\/wp-content\/uploads\/2021\/12\/Torva-Veemonula_lasteala-683x1024.jpg\" alt=\"\" class=\"wp-image-1641\" srcset=\"https:\/\/veemonula.ee\/wp-content\/uploads\/2021\/12\/Torva-Veemonula_lasteala-683x1024.jpg 683w, https:\/\/veemonula.ee\/wp-content\/uploads\/2021\/12\/Torva-Veemonula_lasteala-200x300.jpg 200w, https:\/\/veemonula.ee\/wp-content\/uploads\/2021\/12\/Torva-Veemonula_lasteala-768x1151.jpg 768w, https:\/\/veemonula.ee\/wp-content\/uploads\/2021\/12\/Torva-Veemonula_lasteala-1025x1536.jpg 1025w, https:\/\/veemonula.ee\/wp-content\/uploads\/2021\/12\/Torva-Veemonula_lasteala.jpg 1366w\" sizes=\"auto, (max-width: 683px) 100vw, 683px\" \/><\/figure>\n\n\n\n<figure class=\"wp-block-image size-full\"><img loading=\"lazy\" decoding=\"async\" width=\"2560\" height=\"1707\" data-id=\"7872\" src=\"https:\/\/veemonula.ee\/wp-content\/uploads\/2026\/03\/RDM-01019-scaled.jpg\" alt=\"\" class=\"wp-image-7872\" srcset=\"https:\/\/veemonula.ee\/wp-content\/uploads\/2026\/03\/RDM-01019-scaled.jpg 2560w, https:\/\/veemonula.ee\/wp-content\/uploads\/2026\/03\/RDM-01019-300x200.jpg 300w, https:\/\/veemonula.ee\/wp-content\/uploads\/2026\/03\/RDM-01019-1024x683.jpg 1024w, https:\/\/veemonula.ee\/wp-content\/uploads\/2026\/03\/RDM-01019-768x512.jpg 768w, https:\/\/veemonula.ee\/wp-content\/uploads\/2026\/03\/RDM-01019-1536x1024.jpg 1536w, https:\/\/veemonula.ee\/wp-content\/uploads\/2026\/03\/RDM-01019-2048x1365.jpg 2048w, https:\/\/veemonula.ee\/wp-content\/uploads\/2026\/03\/RDM-01019-1568x1045.jpg 1568w\" sizes=\"auto, (max-width: 2560px) 100vw, 2560px\" \/><\/figure>\n<\/figure>\n<\/div>\n\n\n\n<div class=\"wp-block-column is-layout-flow wp-block-column-is-layout-flow\" style=\"flex-basis:50px\"><\/div>\n\n\n\n<div class=\"wp-block-column is-vertically-aligned-center is-layout-flow wp-block-column-is-layout-flow\">\n<h2 class=\"wp-block-heading\"><strong>CHILDREN&#8217;S AND PLEASURE POOL<\/strong><\/h2>\n\n\n\n<p>The temperature of the T\u00f5rva Veem\u00f5nula children\u2019s and pleasure pool is 33 \u00b0C. Here you can let the underwater massage jets of the pleasure pool relax your body, while the family\u2019s smaller ones enjoy the water pleasures safely and the bigger ones enjoy themselves by going down the waterslide.<\/p>\n\n\n\n<p>The depth is increasing, 0.15 m in the lower part and 0.95 m in the deeper part.<\/p>\n<\/div>\n<\/div>\n\n\n\n<div style=\"height:49px\" aria-hidden=\"true\" class=\"wp-block-spacer\"><\/div>\n\n\n\n<div class=\"wp-block-columns alignwide is-layout-flex wp-container-core-columns-is-layout-28f84493 wp-block-columns-is-layout-flex\">\n<div class=\"wp-block-column is-vertically-aligned-center is-layout-flow wp-block-column-is-layout-flow\">\n<h2 class=\"wp-block-heading\"><strong>JACUZZIS<\/strong><\/h2>\n\n\n\n<p>Underwater massage in hot 35 \u00b0C jacuzzis affects the nervous system, helping to lift mood and relieve stress and relieving insomnia. <\/p>\n\n\n\n<p>When enjoying a jacuzzi, one often forgets that in addition to relaxation, it is also good for our physical health. Hydromassage affects both digestion and improves bowel function. <\/p>\n\n\n\n<p>Jacuzzis are also justifiably a favorite of athletes, as the vibration there reduces muscle stretching, reduces pressure on blood vessels, and also contributes to the improvement of the entire blood circulation. In addition, the jacuzzi helps to remove lactic acid that accumulates in the muscle tissue after sports practice.<\/p>\n<\/div>\n\n\n\n<div class=\"wp-block-column is-layout-flow wp-block-column-is-layout-flow\" style=\"flex-basis:50px\"><\/div>\n\n\n\n<div class=\"wp-block-column is-layout-flow wp-block-column-is-layout-flow\">\n<figure class=\"wp-block-gallery has-nested-images columns-default is-cropped wp-block-gallery-4 is-layout-flex wp-block-gallery-is-layout-flex\">\n<figure class=\"wp-block-image size-full\"><img loading=\"lazy\" decoding=\"async\" width=\"2560\" height=\"1707\" data-id=\"2197\" src=\"https:\/\/veemonula.ee\/wp-content\/uploads\/2021\/12\/mullivann_noored-scaled.jpg\" alt=\"\" class=\"wp-image-2197\" srcset=\"https:\/\/veemonula.ee\/wp-content\/uploads\/2021\/12\/mullivann_noored-scaled.jpg 2560w, https:\/\/veemonula.ee\/wp-content\/uploads\/2021\/12\/mullivann_noored-300x200.jpg 300w, https:\/\/veemonula.ee\/wp-content\/uploads\/2021\/12\/mullivann_noored-1024x683.jpg 1024w, https:\/\/veemonula.ee\/wp-content\/uploads\/2021\/12\/mullivann_noored-768x512.jpg 768w, https:\/\/veemonula.ee\/wp-content\/uploads\/2021\/12\/mullivann_noored-1536x1024.jpg 1536w, https:\/\/veemonula.ee\/wp-content\/uploads\/2021\/12\/mullivann_noored-2048x1365.jpg 2048w, https:\/\/veemonula.ee\/wp-content\/uploads\/2021\/12\/mullivann_noored-1568x1045.jpg 1568w\" sizes=\"auto, (max-width: 2560px) 100vw, 2560px\" \/><\/figure>\n\n\n\n<figure class=\"wp-block-image size-full\"><img loading=\"lazy\" decoding=\"async\" width=\"2560\" height=\"2560\" data-id=\"7627\" src=\"https:\/\/veemonula.ee\/wp-content\/uploads\/2026\/02\/Torva_Magnus_Heinmets-5354-edited-scaled.jpg\" alt=\"\" class=\"wp-image-7627\" srcset=\"https:\/\/veemonula.ee\/wp-content\/uploads\/2026\/02\/Torva_Magnus_Heinmets-5354-edited-scaled.jpg 2560w, https:\/\/veemonula.ee\/wp-content\/uploads\/2026\/02\/Torva_Magnus_Heinmets-5354-edited-300x300.jpg 300w, https:\/\/veemonula.ee\/wp-content\/uploads\/2026\/02\/Torva_Magnus_Heinmets-5354-edited-1024x1024.jpg 1024w, https:\/\/veemonula.ee\/wp-content\/uploads\/2026\/02\/Torva_Magnus_Heinmets-5354-edited-150x150.jpg 150w, https:\/\/veemonula.ee\/wp-content\/uploads\/2026\/02\/Torva_Magnus_Heinmets-5354-edited-768x768.jpg 768w, https:\/\/veemonula.ee\/wp-content\/uploads\/2026\/02\/Torva_Magnus_Heinmets-5354-edited-1536x1536.jpg 1536w, https:\/\/veemonula.ee\/wp-content\/uploads\/2026\/02\/Torva_Magnus_Heinmets-5354-edited-2048x2048.jpg 2048w, https:\/\/veemonula.ee\/wp-content\/uploads\/2026\/02\/Torva_Magnus_Heinmets-5354-edited-1568x1568.jpg 1568w\" sizes=\"auto, (max-width: 2560px) 100vw, 2560px\" \/><\/figure>\n\n\n\n<figure class=\"wp-block-image size-large\"><img loading=\"lazy\" decoding=\"async\" width=\"786\" height=\"1024\" data-id=\"6823\" src=\"https:\/\/veemonula.ee\/wp-content\/uploads\/2026\/02\/torva_veemonula_paaridele_mullivann-786x1024.jpg\" alt=\"\" class=\"wp-image-6823\" srcset=\"https:\/\/veemonula.ee\/wp-content\/uploads\/2026\/02\/torva_veemonula_paaridele_mullivann-786x1024.jpg 786w, https:\/\/veemonula.ee\/wp-content\/uploads\/2026\/02\/torva_veemonula_paaridele_mullivann-230x300.jpg 230w, https:\/\/veemonula.ee\/wp-content\/uploads\/2026\/02\/torva_veemonula_paaridele_mullivann-768x1000.jpg 768w, https:\/\/veemonula.ee\/wp-content\/uploads\/2026\/02\/torva_veemonula_paaridele_mullivann-1180x1536.jpg 1180w, https:\/\/veemonula.ee\/wp-content\/uploads\/2026\/02\/torva_veemonula_paaridele_mullivann.jpg 1261w\" sizes=\"auto, (max-width: 786px) 100vw, 786px\" \/><\/figure>\n\n\n\n<figure class=\"wp-block-image size-large\"><img loading=\"lazy\" decoding=\"async\" width=\"2560\" height=\"1439\" data-id=\"8111\" src=\"https:\/\/veemonula.ee\/wp-content\/uploads\/2026\/03\/mullivann_mees-edited-scaled.jpg\" alt=\"\" class=\"wp-image-8111\" srcset=\"https:\/\/veemonula.ee\/wp-content\/uploads\/2026\/03\/mullivann_mees-edited-scaled.jpg 2560w, https:\/\/veemonula.ee\/wp-content\/uploads\/2026\/03\/mullivann_mees-edited-300x169.jpg 300w, https:\/\/veemonula.ee\/wp-content\/uploads\/2026\/03\/mullivann_mees-edited-1024x576.jpg 1024w, https:\/\/veemonula.ee\/wp-content\/uploads\/2026\/03\/mullivann_mees-edited-768x432.jpg 768w, https:\/\/veemonula.ee\/wp-content\/uploads\/2026\/03\/mullivann_mees-edited-1536x864.jpg 1536w, https:\/\/veemonula.ee\/wp-content\/uploads\/2026\/03\/mullivann_mees-edited-2048x1151.jpg 2048w, https:\/\/veemonula.ee\/wp-content\/uploads\/2026\/03\/mullivann_mees-edited-1568x882.jpg 1568w\" sizes=\"auto, (max-width: 2560px) 100vw, 2560px\" \/><\/figure>\n<\/figure>\n<\/div>\n<\/div>\n\n\n\n<div style=\"height:50px\" aria-hidden=\"true\" class=\"wp-block-spacer\"><\/div>\n\n\n\n<div class=\"wp-block-columns alignwide is-layout-flex wp-container-core-columns-is-layout-28f84493 wp-block-columns-is-layout-flex\">\n<div class=\"wp-block-column is-layout-flow wp-block-column-is-layout-flow\">\n<figure class=\"wp-block-image size-full\"><img loading=\"lazy\" decoding=\"async\" width=\"1280\" height=\"1281\" src=\"https:\/\/veemonula.ee\/wp-content\/uploads\/2026\/02\/torva_veemonula_tynn_veeb-edited-1.jpg\" alt=\"\" class=\"wp-image-7200\" srcset=\"https:\/\/veemonula.ee\/wp-content\/uploads\/2026\/02\/torva_veemonula_tynn_veeb-edited-1.jpg 1280w, https:\/\/veemonula.ee\/wp-content\/uploads\/2026\/02\/torva_veemonula_tynn_veeb-edited-1-300x300.jpg 300w, https:\/\/veemonula.ee\/wp-content\/uploads\/2026\/02\/torva_veemonula_tynn_veeb-edited-1-1024x1024.jpg 1024w, https:\/\/veemonula.ee\/wp-content\/uploads\/2026\/02\/torva_veemonula_tynn_veeb-edited-1-150x150.jpg 150w, https:\/\/veemonula.ee\/wp-content\/uploads\/2026\/02\/torva_veemonula_tynn_veeb-edited-1-768x769.jpg 768w\" sizes=\"auto, (max-width: 1280px) 100vw, 1280px\" \/><\/figure>\n<\/div>\n\n\n\n<div class=\"wp-block-column is-layout-flow wp-block-column-is-layout-flow\" style=\"flex-basis:50px\"><\/div>\n\n\n\n<div class=\"wp-block-column is-vertically-aligned-center is-layout-flow wp-block-column-is-layout-flow\">\n<h2 class=\"wp-block-heading\"><strong>BUCKET OF COLD WATER<\/strong><\/h2>\n\n\n\n<p>Also, find the bucket of cold water &#8211; it is truly refreshing and energizing! It is a special bucket that is installed on the wall in the area between the steam sauna and the salt sauna, where you can get a real invigorating experience after the sauna by pulling the water from the bucket down on top of you. <\/p>\n\n\n\n<p>Cold water cools the body quickly and intensively.<\/p>\n<\/div>\n<\/div>\n\n\n\n<div style=\"height:100px\" aria-hidden=\"true\" class=\"wp-block-spacer\"><\/div>\n","protected":false},"excerpt":{"rendered":"<p>The air temperature in the T\u00f5rva Veem\u00f5nula pool area is 33 \u2070C. 25-METER SWIMMING POOL We have a 25-meter swimming pool with three lanes, the lowest part of which is 1.05 m, and the deepest part is 1.60 m deep. The temperature of the pool water is 28 \u00b0C, which is suitable for bathers, athletes [&hellip;]<\/p>\n","protected":false},"author":3,"featured_media":0,"parent":0,"menu_order":0,"comment_status":"closed","ping_status":"closed","template":"","meta":{"footnotes":""},"class_list":["post-2486","page","type-page","status-publish","hentry"],"yoast_head":"<!-- This site is optimized with the Yoast SEO plugin v27.2 - https:\/\/yoast.com\/product\/yoast-seo-wordpress\/ -->\n<title>Veem\u00f5nula - Veem\u00f5nula T\u00f5rvas<\/title>\n<meta name=\"robots\" content=\"index, follow, max-snippet:-1, max-image-preview:large, max-video-preview:-1\" \/>\n<link rel=\"canonical\" href=\"https:\/\/veemonula.ee\/en\/veemonula\/\" \/>\n<meta property=\"og:locale\" content=\"en_US\" \/>\n<meta property=\"og:type\" content=\"article\" \/>\n<meta property=\"og:title\" content=\"Veem\u00f5nula - Veem\u00f5nula T\u00f5rvas\" \/>\n<meta property=\"og:description\" content=\"The air temperature in the T\u00f5rva Veem\u00f5nula pool area is 33 \u2070C. 25-METER SWIMMING POOL We have a 25-meter swimming pool with three lanes, the lowest part of which is 1.05 m, and the deepest part is 1.60 m deep. The temperature of the pool water is 28 \u00b0C, which is suitable for bathers, athletes [&hellip;]\" \/>\n<meta property=\"og:url\" content=\"https:\/\/veemonula.ee\/en\/veemonula\/\" \/>\n<meta property=\"og:site_name\" content=\"Veem\u00f5nula T\u00f5rvas\" \/>\n<meta property=\"article:modified_time\" content=\"2026-03-25T13:06:38+00:00\" \/>\n<meta property=\"og:image\" content=\"https:\/\/veemonula.ee\/wp-content\/uploads\/2026\/03\/puhkus_torva_veemonulas.jpg\" \/>\n\t<meta property=\"og:image:width\" content=\"2048\" \/>\n\t<meta property=\"og:image:height\" content=\"1366\" \/>\n\t<meta property=\"og:image:type\" content=\"image\/jpeg\" \/>\n<meta name=\"twitter:card\" content=\"summary_large_image\" \/>\n<meta name=\"twitter:label1\" content=\"Est. reading time\" \/>\n\t<meta name=\"twitter:data1\" content=\"5 minutes\" \/>\n<script type=\"application\/ld+json\" class=\"yoast-schema-graph\">{\"@context\":\"https:\/\/schema.org\",\"@graph\":[{\"@type\":\"WebPage\",\"@id\":\"https:\/\/veemonula.ee\/en\/veemonula\/\",\"url\":\"https:\/\/veemonula.ee\/en\/veemonula\/\",\"name\":\"Veem\u00f5nula - Veem\u00f5nula T\u00f5rvas\",\"isPartOf\":{\"@id\":\"https:\/\/veemonula.ee\/#website\"},\"primaryImageOfPage\":{\"@id\":\"https:\/\/veemonula.ee\/en\/veemonula\/#primaryimage\"},\"image\":{\"@id\":\"https:\/\/veemonula.ee\/en\/veemonula\/#primaryimage\"},\"thumbnailUrl\":\"https:\/\/veemonula.ee\/wp-content\/uploads\/2026\/03\/puhkus_torva_veemonulas.jpg\",\"datePublished\":\"2021-12-13T09:21:01+00:00\",\"dateModified\":\"2026-03-25T13:06:38+00:00\",\"breadcrumb\":{\"@id\":\"https:\/\/veemonula.ee\/en\/veemonula\/#breadcrumb\"},\"inLanguage\":\"en-US\",\"potentialAction\":[{\"@type\":\"ReadAction\",\"target\":[\"https:\/\/veemonula.ee\/en\/veemonula\/\"]}]},{\"@type\":\"ImageObject\",\"inLanguage\":\"en-US\",\"@id\":\"https:\/\/veemonula.ee\/en\/veemonula\/#primaryimage\",\"url\":\"https:\/\/veemonula.ee\/wp-content\/uploads\/2026\/03\/puhkus_torva_veemonulas.jpg\",\"contentUrl\":\"https:\/\/veemonula.ee\/wp-content\/uploads\/2026\/03\/puhkus_torva_veemonulas.jpg\"},{\"@type\":\"BreadcrumbList\",\"@id\":\"https:\/\/veemonula.ee\/en\/veemonula\/#breadcrumb\",\"itemListElement\":[{\"@type\":\"ListItem\",\"position\":1,\"name\":\"Home\",\"item\":\"https:\/\/veemonula.ee\/en\/\"},{\"@type\":\"ListItem\",\"position\":2,\"name\":\"Veem\u00f5nula\"}]},{\"@type\":\"WebSite\",\"@id\":\"https:\/\/veemonula.ee\/#website\",\"url\":\"https:\/\/veemonula.ee\/\",\"name\":\"Veem\u00f5nula T\u00f5rvas\",\"description\":\"Puhkus kogu perele\",\"potentialAction\":[{\"@type\":\"SearchAction\",\"target\":{\"@type\":\"EntryPoint\",\"urlTemplate\":\"https:\/\/veemonula.ee\/?s={search_term_string}\"},\"query-input\":{\"@type\":\"PropertyValueSpecification\",\"valueRequired\":true,\"valueName\":\"search_term_string\"}}],\"inLanguage\":\"en-US\"}]}<\/script>\n<!-- \/ Yoast SEO plugin. -->","yoast_head_json":{"title":"Veem\u00f5nula - Veem\u00f5nula T\u00f5rvas","robots":{"index":"index","follow":"follow","max-snippet":"max-snippet:-1","max-image-preview":"max-image-preview:large","max-video-preview":"max-video-preview:-1"},"canonical":"https:\/\/veemonula.ee\/en\/veemonula\/","og_locale":"en_US","og_type":"article","og_title":"Veem\u00f5nula - Veem\u00f5nula T\u00f5rvas","og_description":"The air temperature in the T\u00f5rva Veem\u00f5nula pool area is 33 \u2070C. 25-METER SWIMMING POOL We have a 25-meter swimming pool with three lanes, the lowest part of which is 1.05 m, and the deepest part is 1.60 m deep. The temperature of the pool water is 28 \u00b0C, which is suitable for bathers, athletes [&hellip;]","og_url":"https:\/\/veemonula.ee\/en\/veemonula\/","og_site_name":"Veem\u00f5nula T\u00f5rvas","article_modified_time":"2026-03-25T13:06:38+00:00","og_image":[{"width":2048,"height":1366,"url":"https:\/\/veemonula.ee\/wp-content\/uploads\/2026\/03\/puhkus_torva_veemonulas.jpg","type":"image\/jpeg"}],"twitter_card":"summary_large_image","twitter_misc":{"Est. reading time":"5 minutes"},"schema":{"@context":"https:\/\/schema.org","@graph":[{"@type":"WebPage","@id":"https:\/\/veemonula.ee\/en\/veemonula\/","url":"https:\/\/veemonula.ee\/en\/veemonula\/","name":"Veem\u00f5nula - Veem\u00f5nula T\u00f5rvas","isPartOf":{"@id":"https:\/\/veemonula.ee\/#website"},"primaryImageOfPage":{"@id":"https:\/\/veemonula.ee\/en\/veemonula\/#primaryimage"},"image":{"@id":"https:\/\/veemonula.ee\/en\/veemonula\/#primaryimage"},"thumbnailUrl":"https:\/\/veemonula.ee\/wp-content\/uploads\/2026\/03\/puhkus_torva_veemonulas.jpg","datePublished":"2021-12-13T09:21:01+00:00","dateModified":"2026-03-25T13:06:38+00:00","breadcrumb":{"@id":"https:\/\/veemonula.ee\/en\/veemonula\/#breadcrumb"},"inLanguage":"en-US","potentialAction":[{"@type":"ReadAction","target":["https:\/\/veemonula.ee\/en\/veemonula\/"]}]},{"@type":"ImageObject","inLanguage":"en-US","@id":"https:\/\/veemonula.ee\/en\/veemonula\/#primaryimage","url":"https:\/\/veemonula.ee\/wp-content\/uploads\/2026\/03\/puhkus_torva_veemonulas.jpg","contentUrl":"https:\/\/veemonula.ee\/wp-content\/uploads\/2026\/03\/puhkus_torva_veemonulas.jpg"},{"@type":"BreadcrumbList","@id":"https:\/\/veemonula.ee\/en\/veemonula\/#breadcrumb","itemListElement":[{"@type":"ListItem","position":1,"name":"Home","item":"https:\/\/veemonula.ee\/en\/"},{"@type":"ListItem","position":2,"name":"Veem\u00f5nula"}]},{"@type":"WebSite","@id":"https:\/\/veemonula.ee\/#website","url":"https:\/\/veemonula.ee\/","name":"Veem\u00f5nula T\u00f5rvas","description":"Puhkus kogu perele","potentialAction":[{"@type":"SearchAction","target":{"@type":"EntryPoint","urlTemplate":"https:\/\/veemonula.ee\/?s={search_term_string}"},"query-input":{"@type":"PropertyValueSpecification","valueRequired":true,"valueName":"search_term_string"}}],"inLanguage":"en-US"}]}},"_links":{"self":[{"href":"https:\/\/veemonula.ee\/en\/wp-json\/wp\/v2\/pages\/2486","targetHints":{"allow":["GET"]}}],"collection":[{"href":"https:\/\/veemonula.ee\/en\/wp-json\/wp\/v2\/pages"}],"about":[{"href":"https:\/\/veemonula.ee\/en\/wp-json\/wp\/v2\/types\/page"}],"author":[{"embeddable":true,"href":"https:\/\/veemonula.ee\/en\/wp-json\/wp\/v2\/users\/3"}],"replies":[{"embeddable":true,"href":"https:\/\/veemonula.ee\/en\/wp-json\/wp\/v2\/comments?post=2486"}],"version-history":[{"count":14,"href":"https:\/\/veemonula.ee\/en\/wp-json\/wp\/v2\/pages\/2486\/revisions"}],"predecessor-version":[{"id":8116,"href":"https:\/\/veemonula.ee\/en\/wp-json\/wp\/v2\/pages\/2486\/revisions\/8116"}],"wp:attachment":[{"href":"https:\/\/veemonula.ee\/en\/wp-json\/wp\/v2\/media?parent=2486"}],"curies":[{"name":"wp","href":"https:\/\/api.w.org\/{rel}","templated":true}]}}